{"id":53,"date":"2019-05-31T22:07:04","date_gmt":"2019-05-31T20:07:04","guid":{"rendered":"http:\/\/permanentnimakeup.cz\/mariegadlinova\/?page_id=53"},"modified":"2019-05-31T22:46:21","modified_gmt":"2019-05-31T20:46:21","slug":"reference","status":"publish","type":"page","link":"https:\/\/permanentnimakeup.cz\/mariegadlinova\/reference\/","title":{"rendered":"Reference"},"content":{"rendered":"[vc_row][vc_column][vc_column_text]\n<p>[\/vc_column_text][\/vc_column][\/vc_row][vc_row][vc_column][vc_column_text css_animation=&#8221;bottom-to-top&#8221;]<\/p>\n<h1><em>Reference<\/em><\/h1>\n<ul>\n<li>\u2026nejv\u011bt\u0161\u00ed strach jsem m\u011bla z\u00a0bolesti, proto\u017ee se \u0161\u00edlen\u011b boj\u00edm injekc\u00ed a v\u0161eho co p\u00edch\u00e1. Te\u010f u\u017e ale m\u016f\u017eu s\u00a0\u00falevou \u0159\u00edct, \u017ee to v\u016fbec nebylo tak stra\u0161n\u00e9 a dalo se to v\u00a0pohod\u011b vydr\u017eet. Na dal\u0161\u00ed korekci p\u016fjdu mnohem klidn\u011bj\u0161\u00ed a u\u017e te\u010f v\u00edm, \u017ee ta chvilka p\u0159em\u00e1h\u00e1n\u00ed stoj\u00ed ur\u010dit\u011b za ten v\u00fdsledek. D\u011bkuju moc za va\u0161i trp\u011blivost a pochopen\u00ed\u2026 <strong>Krist\u00fdna K., 21 let, Praha 10<\/strong><\/li>\n<\/ul>\n<ul>\n<li>\u2026chci se s\u00a0v\u00e1mi pod\u011blit o svou radost. Nev\u00edm jestli si m\u016f\u017eete p\u0159edstavit ten pocit, kdy\u017e mohu vyj\u00edt na ulici a nikdo na m\u011b nez\u00edr\u00e1, neposm\u00edv\u00e1 se a nebo m\u011b nelituje. V\u00edm, \u017ee jste m\u011b upozor\u0148ovala, \u017ee se v\u00a0m\u00e9m p\u0159\u00edpad\u011b nepoda\u0159\u00ed na 100% p\u0159ekr\u00fdt jizvy po roz\u0161t\u011bpu, ale v\u011b\u0159te mi, \u017ee v\u00a0b\u011b\u017en\u00fdch situac\u00edch m\u00e9 posti\u017een\u00ed ji\u017e t\u00e9m\u011b\u0159 nikdo nezaregistruje. J\u00e1 tu zm\u011bnu c\u00edt\u00edm ne o 100, ale o 1000% lep\u0161\u00ed. Moc, moc V\u00e1m d\u011bkuji a p\u0159eji v\u0161em, kte\u0159\u00ed trp\u00ed tak, jako jsem trp\u011bla j\u00e1, aby m\u011bli mo\u017enost dostat se k\u00a0v\u00e1m na z\u00e1krok. Zm\u011bnila jste mi \u017eivot a p\u0159eji si, abyste v\u011bd\u011bla, jak moc jsem v\u00e1m vd\u011b\u010dn\u00e1\u2026 <strong>\u0160t\u011bp\u00e1nka H., 23 let, T\u00e1bor<\/strong><\/li>\n<\/ul>\n<ul>\n<li>\u2026dovolte mi, abych se v\u00e1m touto cestou omluvila za komplikace zp\u016fsoben\u00e9 opakovan\u00fdm p\u0159ekl\u00e1d\u00e1n\u00edm m\u00e9ho term\u00ednu. Ve sv\u00e9m zam\u011bstn\u00e1n\u00ed jsem hodn\u011b vyt\u00ed\u017een\u00e1 a pod neust\u00e1l\u00fdm tlakem. V\u00e1\u017e\u00edm si va\u0161\u00ed ochoty a d\u011bkuji za skv\u011ble odvedenou pr\u00e1ci. P\u016fvodn\u011b jsem si myslela, \u017ee mi permanentn\u00ed make-up pouze u\u0161et\u0159\u00ed r\u00e1no trochu \u010dasu a pom\u016f\u017ee, abych vypadala v\u00a0pr\u00e1ci upraven\u011b. Teprve posledn\u00ed dobou jsem ale ocenila jednu d\u016fle\u017eitou v\u011bc. Kolegov\u00e9 si toti\u017e v\u0161imli, \u017ee u\u017e nevypad\u00e1m tak unaven\u011b, i kdy\u017e opak je pravdou\u2026 V\u00e1\u017en\u011b, d\u011bkuji. C\u00edt\u00edm se mnohem l\u00e9pe, alespo\u0148 navenek. <strong>Dana Z., 37 let, Praha 2<\/strong><\/li>\n<\/ul>\n<ul>\n<li>\u2026jsem r\u00e1da, \u017ee jsem si nakonec nechala ud\u011blat jen tu horn\u00ed linku, jak jste mi radila. Vypad\u00e1 to velmi nen\u00e1padn\u011b a p\u0159itom v\u00edm, \u017ee ty o kter\u00e9 mi jde, si m\u00fdch o\u010d\u00ed a m\u00e9ho pohledu v\u0161imnou. <strong>Erika B., 25 let, Brno<\/strong><\/li>\n<\/ul>\n<ul>\n<li>&#8230;mus\u00edm V\u00e1m slo\u017eit poklonu a uznat, \u017ee m\u00e1m d\u00edky va\u0161\u00ed \u0161ikovnosti op\u011bt dobr\u00fd pocit \u2013 a to ka\u017ed\u00fd den. V m\u00e9m v\u011bku a se zhor\u0161en\u00fdm zrakem bylo t\u00e9m\u011b\u0159 nemo\u017en\u00e9 nal\u00ed\u010dit m\u00e9 \u201evysu\u0161en\u00e9\u201c rty tak, aby to nep\u016fsobilo lacin\u011b a p\u0159itom p\u0159im\u011b\u0159en\u011b zakr\u00fdt drobn\u00e9 prasklinky a celkovou vybledlost. Po va\u0161ich korekc\u00edch m\u00e9 trampoty zmizely jako m\u00e1vnut\u00edm kouzeln\u00e9ho proutku. &#8230;tak\u00e9 v\u00e1m mus\u00edm d\u00e1t za pravdu v tom, \u017ee se zlep\u0161il i tvar m\u00fdch rt\u016f, kter\u00fd byl tak trochu deformov\u00e1n m\u00fdmi zubn\u00edmi implant\u00e1ty.U\u017e nem\u00e1m tak napjat\u00fd a p\u0159\u00edsn\u00fd v\u00fdraz a nejv\u00edce m\u011b pot\u011b\u0161ilo, kdy\u017e mi vnu\u010dka \u0159ekla, \u017ee se n\u011bjak v\u00edc usm\u00edv\u00e1m&#8230; <strong>Bohdana P., 68 let, Praha 1<\/strong><\/li>\n<\/ul>\n<ul>\n<li>&#8230;d\u0159\u00edve mi to ani nep\u0159i\u0161lo, ale od t\u00e9 doby, co jsem za\u010dala studovat univerzitu v zahrani\u010d\u00ed jsem si uv\u011bdomila, jak je d\u016fle\u017eit\u00e9 vypadat dob\u0159e, pokud chci b\u00fdt \u00fasp\u011b\u0161n\u00e1. V porovn\u00e1n\u00ed s ostatn\u00edmi d\u011bv\u010daty jsem si p\u0159ipadala jako \u0161ediv\u00e1 my\u0161ka. Jsem r\u00e1da, \u017ee jsem poslechla svoji kamar\u00e1dku a poradila se s v\u00e1mi. Vzhledem k m\u00e9 alergii na kosmetick\u00e9 p\u0159\u00edpravky a l\u00ed\u010didlajsem d\u00edky v\u00e1m dos\u00e1hla asi maxim\u00e1ln\u00ed mo\u017en\u00e9 spokojenosti. Nejen \u017ee nemus\u00edm tr\u00e1vit dlouh\u00e9 minuty p\u0159ed zrcadlem a n\u00e1sledn\u011b se pot\u00fdkat s r\u016fzn\u00fdmi otoky nebo vyr\u00e1\u017ekami, ale nav\u00edc vypad\u00e1m vzorn\u011b nal\u00ed\u010den\u011b i v univerzitn\u00edm baz\u00e9nu, co\u017e se o m\u00fdch spolu\u017ea\u010dk\u00e1ch \u0159\u00edct ned\u00e1 :o) <strong>Leona F., 23 let, Plze\u0148<\/strong><\/li>\n<\/ul>\n<ul>\n<li>&#8230;nikdy jsem se nedok\u00e1zala po\u0159\u00e1dn\u011b nal\u00ed\u010dit pod br\u00fdle Bu\u010f to bylo moc a nebo m\u00e1lo. Te\u010f je to perfektn\u00ed! Nav\u00edc kdy\u017e pot\u0159ebuji jednou za \u010das velkou ve\u010dern\u00ed, m\u00e1m d\u00edky v\u00e1m skv\u011bl\u00fd, profesion\u00e1ln\u00ed z\u00e1klad, kter\u00fd sta\u010d\u00ed jen jednodu\u0161e zv\u00fdraznit a kouzlo je hotovo.. <strong>Kv\u011bta G., 43 let, Praha 8<\/strong><\/li>\n<\/ul>\n<ul>\n<li>&#8230;dlouho jsem v\u00e1hala, jestli m\u00e1m j\u00edt na dal\u0161\u00ed z\u00e1krok, kdy\u017e ten prvn\u00ed dopadl tak \u0161patn\u011b. Te\u010f ale mus\u00edm p\u0159iznat, \u017ee ve va\u0161em studiu prob\u011bhlo v\u0161echno z\u00e1sadn\u011b jinak ne\u017e v \u201esalonu\u201c, kde mi p\u0159ed rokem d\u011blaly prvn\u00ed permanent. P\u0159esn\u011b jsem dodr\u017eela va\u0161e rady, v\u0161e se mi kr\u00e1sn\u011b odhojilo a te\u010f m\u00e1m v\u00fdsledek, kter\u00fd jsem si p\u0159edstavovala ji\u017e tenkr\u00e1t. Nev\u011b\u0159ila jsem, \u017ee by ta va\u0161e oprava mohla dopadnout tak dob\u0159e. Moc, moc d\u011bkuji a p\u0159eji V\u00e1m spoustu spokojen\u00fdch klientek (minim\u00e1ln\u011b tak spokojen\u00fdch, jako jsem te\u010f j\u00e1 sama). <strong>Andrea A., 27 let, Kol\u00edn<\/strong><\/li>\n<\/ul>\n<p>[\/vc_column_text][vc_empty_space][\/vc_column][\/vc_row]","protected":false},"excerpt":{"rendered":"<p>[vc_row][vc_column][vc_column_text] [\/vc_column_text][\/vc_column][\/vc_row][vc_row][vc_column][vc_column_text css_animation=&#8221;bottom-to-top&#8221;] Reference \u2026nejv\u011bt\u0161\u00ed strach jsem m\u011bla z\u00a0bolesti, proto\u017ee se \u0161\u00edlen\u011b boj\u00edm injekc\u00ed a v\u0161eho co p\u00edch\u00e1. Te\u010f u\u017e ale m\u016f\u017eu s\u00a0\u00falevou \u0159\u00edct, \u017ee to v\u016fbec nebylo tak stra\u0161n\u00e9 a dalo se to v\u00a0pohod\u011b vydr\u017eet. Na dal\u0161\u00ed korekci p\u016fjdu mnohem klidn\u011bj\u0161\u00ed a u\u017e te\u010f v\u00edm, \u017ee ta chvilka p\u0159em\u00e1h\u00e1n\u00ed stoj\u00ed ur\u010dit\u011b za ten v\u00fdsledek. [&hellip;]<\/p>\n","protected":false},"author":1,"featured_media":0,"parent":0,"menu_order":0,"comment_status":"closed","ping_status":"closed","template":"","meta":[],"yoast_head":"<!-- This site is optimized with the Yoast SEO plugin v18.2 - https:\/\/yoast.com\/wordpress\/plugins\/seo\/ -->\n<title>Reference - Permanentn\u00ed make-up Marie Gadlinov\u00e1<\/title>\n<meta name=\"robots\" content=\"index, follow, max-snippet:-1, max-image-preview:large, max-video-preview:-1\" \/>\n<link rel=\"canonical\" href=\"https:\/\/permanentnimakeup.cz\/mariegadlinova\/reference\/\" \/>\n<meta property=\"og:locale\" content=\"cs_CZ\" \/>\n<meta property=\"og:type\" content=\"article\" \/>\n<meta property=\"og:title\" content=\"Reference - Permanentn\u00ed make-up Marie Gadlinov\u00e1\" \/>\n<meta property=\"og:description\" content=\"[vc_row][vc_column][vc_column_text] [\/vc_column_text][\/vc_column][\/vc_row][vc_row][vc_column][vc_column_text css_animation=&#8221;bottom-to-top&#8221;] Reference \u2026nejv\u011bt\u0161\u00ed strach jsem m\u011bla z\u00a0bolesti, proto\u017ee se \u0161\u00edlen\u011b boj\u00edm injekc\u00ed a v\u0161eho co p\u00edch\u00e1. Te\u010f u\u017e ale m\u016f\u017eu s\u00a0\u00falevou \u0159\u00edct, \u017ee to v\u016fbec nebylo tak stra\u0161n\u00e9 a dalo se to v\u00a0pohod\u011b vydr\u017eet. Na dal\u0161\u00ed korekci p\u016fjdu mnohem klidn\u011bj\u0161\u00ed a u\u017e te\u010f v\u00edm, \u017ee ta chvilka p\u0159em\u00e1h\u00e1n\u00ed stoj\u00ed ur\u010dit\u011b za ten v\u00fdsledek. [&hellip;]\" \/>\n<meta property=\"og:url\" content=\"https:\/\/permanentnimakeup.cz\/mariegadlinova\/reference\/\" \/>\n<meta property=\"og:site_name\" content=\"Permanentn\u00ed make-up Marie Gadlinov\u00e1\" \/>\n<meta property=\"article:modified_time\" content=\"2019-05-31T20:46:21+00:00\" \/>\n<meta name=\"twitter:card\" content=\"summary_large_image\" \/>\n<meta name=\"twitter:label1\" content=\"Odhadovan\u00e1 doba \u010dten\u00ed\" \/>\n\t<meta name=\"twitter:data1\" content=\"5 minut\" \/>\n<script type=\"application\/ld+json\" class=\"yoast-schema-graph\">{\"@context\":\"https:\/\/schema.org\",\"@graph\":[{\"@type\":\"WebSite\",\"@id\":\"https:\/\/permanentnimakeup.cz\/mariegadlinova\/#website\",\"url\":\"https:\/\/permanentnimakeup.cz\/mariegadlinova\/\",\"name\":\"Permanentn\u00ed make-up Marie Gadlinov\u00e1\",\"description\":\"Dal\u0161\u00ed nov\u00fd web v r\u00e1mci s\u00edt\u011b Permanentni make-up Clinic s\u00ed\u0165 web\u016f\",\"potentialAction\":[{\"@type\":\"SearchAction\",\"target\":{\"@type\":\"EntryPoint\",\"urlTemplate\":\"https:\/\/permanentnimakeup.cz\/mariegadlinova\/?s={search_term_string}\"},\"query-input\":\"required name=search_term_string\"}],\"inLanguage\":\"cs\"},{\"@type\":\"WebPage\",\"@id\":\"https:\/\/permanentnimakeup.cz\/mariegadlinova\/reference\/#webpage\",\"url\":\"https:\/\/permanentnimakeup.cz\/mariegadlinova\/reference\/\",\"name\":\"Reference - Permanentn\u00ed make-up Marie Gadlinov\u00e1\",\"isPartOf\":{\"@id\":\"https:\/\/permanentnimakeup.cz\/mariegadlinova\/#website\"},\"datePublished\":\"2019-05-31T20:07:04+00:00\",\"dateModified\":\"2019-05-31T20:46:21+00:00\",\"breadcrumb\":{\"@id\":\"https:\/\/permanentnimakeup.cz\/mariegadlinova\/reference\/#breadcrumb\"},\"inLanguage\":\"cs\",\"potentialAction\":[{\"@type\":\"ReadAction\",\"target\":[\"https:\/\/permanentnimakeup.cz\/mariegadlinova\/reference\/\"]}]},{\"@type\":\"BreadcrumbList\",\"@id\":\"https:\/\/permanentnimakeup.cz\/mariegadlinova\/reference\/#breadcrumb\",\"itemListElement\":[{\"@type\":\"ListItem\",\"position\":1,\"name\":\"Dom\u016f\",\"item\":\"https:\/\/permanentnimakeup.cz\/mariegadlinova\/\"},{\"@type\":\"ListItem\",\"position\":2,\"name\":\"Reference\"}]}]}<\/script>\n<!-- \/ Yoast SEO plugin. -->","yoast_head_json":{"title":"Reference - Permanentn\u00ed make-up Marie Gadlinov\u00e1","robots":{"index":"index","follow":"follow","max-snippet":"max-snippet:-1","max-image-preview":"max-image-preview:large","max-video-preview":"max-video-preview:-1"},"canonical":"https:\/\/permanentnimakeup.cz\/mariegadlinova\/reference\/","og_locale":"cs_CZ","og_type":"article","og_title":"Reference - Permanentn\u00ed make-up Marie Gadlinov\u00e1","og_description":"[vc_row][vc_column][vc_column_text] [\/vc_column_text][\/vc_column][\/vc_row][vc_row][vc_column][vc_column_text css_animation=&#8221;bottom-to-top&#8221;] Reference \u2026nejv\u011bt\u0161\u00ed strach jsem m\u011bla z\u00a0bolesti, proto\u017ee se \u0161\u00edlen\u011b boj\u00edm injekc\u00ed a v\u0161eho co p\u00edch\u00e1. Te\u010f u\u017e ale m\u016f\u017eu s\u00a0\u00falevou \u0159\u00edct, \u017ee to v\u016fbec nebylo tak stra\u0161n\u00e9 a dalo se to v\u00a0pohod\u011b vydr\u017eet. Na dal\u0161\u00ed korekci p\u016fjdu mnohem klidn\u011bj\u0161\u00ed a u\u017e te\u010f v\u00edm, \u017ee ta chvilka p\u0159em\u00e1h\u00e1n\u00ed stoj\u00ed ur\u010dit\u011b za ten v\u00fdsledek. [&hellip;]","og_url":"https:\/\/permanentnimakeup.cz\/mariegadlinova\/reference\/","og_site_name":"Permanentn\u00ed make-up Marie Gadlinov\u00e1","article_modified_time":"2019-05-31T20:46:21+00:00","twitter_card":"summary_large_image","twitter_misc":{"Odhadovan\u00e1 doba \u010dten\u00ed":"5 minut"},"schema":{"@context":"https:\/\/schema.org","@graph":[{"@type":"WebSite","@id":"https:\/\/permanentnimakeup.cz\/mariegadlinova\/#website","url":"https:\/\/permanentnimakeup.cz\/mariegadlinova\/","name":"Permanentn\u00ed make-up Marie Gadlinov\u00e1","description":"Dal\u0161\u00ed nov\u00fd web v r\u00e1mci s\u00edt\u011b Permanentni make-up Clinic s\u00ed\u0165 web\u016f","potentialAction":[{"@type":"SearchAction","target":{"@type":"EntryPoint","urlTemplate":"https:\/\/permanentnimakeup.cz\/mariegadlinova\/?s={search_term_string}"},"query-input":"required name=search_term_string"}],"inLanguage":"cs"},{"@type":"WebPage","@id":"https:\/\/permanentnimakeup.cz\/mariegadlinova\/reference\/#webpage","url":"https:\/\/permanentnimakeup.cz\/mariegadlinova\/reference\/","name":"Reference - Permanentn\u00ed make-up Marie Gadlinov\u00e1","isPartOf":{"@id":"https:\/\/permanentnimakeup.cz\/mariegadlinova\/#website"},"datePublished":"2019-05-31T20:07:04+00:00","dateModified":"2019-05-31T20:46:21+00:00","breadcrumb":{"@id":"https:\/\/permanentnimakeup.cz\/mariegadlinova\/reference\/#breadcrumb"},"inLanguage":"cs","potentialAction":[{"@type":"ReadAction","target":["https:\/\/permanentnimakeup.cz\/mariegadlinova\/reference\/"]}]},{"@type":"BreadcrumbList","@id":"https:\/\/permanentnimakeup.cz\/mariegadlinova\/reference\/#breadcrumb","itemListElement":[{"@type":"ListItem","position":1,"name":"Dom\u016f","item":"https:\/\/permanentnimakeup.cz\/mariegadlinova\/"},{"@type":"ListItem","position":2,"name":"Reference"}]}]}},"_links":{"self":[{"href":"https:\/\/permanentnimakeup.cz\/mariegadlinova\/wp-json\/wp\/v2\/pages\/53"}],"collection":[{"href":"https:\/\/permanentnimakeup.cz\/mariegadlinova\/wp-json\/wp\/v2\/pages"}],"about":[{"href":"https:\/\/permanentnimakeup.cz\/mariegadlinova\/wp-json\/wp\/v2\/types\/page"}],"author":[{"embeddable":true,"href":"https:\/\/permanentnimakeup.cz\/mariegadlinova\/wp-json\/wp\/v2\/users\/1"}],"replies":[{"embeddable":true,"href":"https:\/\/permanentnimakeup.cz\/mariegadlinova\/wp-json\/wp\/v2\/comments?post=53"}],"version-history":[{"count":2,"href":"https:\/\/permanentnimakeup.cz\/mariegadlinova\/wp-json\/wp\/v2\/pages\/53\/revisions"}],"predecessor-version":[{"id":88,"href":"https:\/\/permanentnimakeup.cz\/mariegadlinova\/wp-json\/wp\/v2\/pages\/53\/revisions\/88"}],"wp:attachment":[{"href":"https:\/\/permanentnimakeup.cz\/mariegadlinova\/wp-json\/wp\/v2\/media?parent=53"}],"curies":[{"name":"wp","href":"https:\/\/api.w.org\/{rel}","templated":true}]}}