{"id":28,"date":"2019-05-31T21:50:55","date_gmt":"2019-05-31T19:50:55","guid":{"rendered":"http:\/\/permanentnimakeup.cz\/mariegadlinova\/?page_id=28"},"modified":"2019-11-20T22:46:57","modified_gmt":"2019-11-20T21:46:57","slug":"kontakt","status":"publish","type":"page","link":"https:\/\/permanentnimakeup.cz\/mariegadlinova\/kontakt\/","title":{"rendered":"Kontakt"},"content":{"rendered":"[vc_row][vc_column][vc_column_text]<\/p>\n\n\n<h1><em>Kontakt<\/em><\/h1>\n<p>[\/vc_column_text][vc_row_inner][vc_column_inner width=&#8221;1\/2&#8243; offset=&#8221;vc_col-lg-8 vc_col-md-8&#8243;][vc_gmaps link=&#8221;#E-8_JTNDaWZyYW1lJTIwc3JjJTNEJTIyaHR0cHMlM0ElMkYlMkZ3d3cuZ29vZ2xlLmNvbSUyRm1hcHMlMkZlbWJlZCUzRnBiJTNEJTIxMW0xOCUyMTFtMTIlMjExbTMlMjExZDI1NjAuNDA0NTEzNDQzMDUwNyUyMTJkMTQuNDkyMzk2MDE0NDM3Njc3JTIxM2Q1MC4wNzg3MTI4Nzk0MjU3NiUyMTJtMyUyMTFmMCUyMTJmMCUyMTNmMCUyMTNtMiUyMTFpMTAyNCUyMTJpNzY4JTIxNGYxMy4xJTIxM20zJTIxMW0yJTIxMXMweDQ3MGI5MzE2ZWY4ODNhZGIlMjUzQTB4OWU1YjllMmE0MGNiODYzOSUyMTJzQmxhdG92c2slMjVDMyUyNUExJTJCMTM2MiUyNTJGMSUyNTJDJTJCMTAwJTJCMDAlMkJTdHJhJTI1QzUlMjVBMW5pY2UlMjE1ZTAlMjEzbTIlMjExc2NzJTIxMnNjeiUyMTR2MTQ2MjI4MzU1MTAwOSUyMiUyMHdpZHRoJTNEJTIyNjAwJTIyJTIwaGVpZ2h0JTNEJTIyNDUwJTIyJTIwZnJhbWVib3JkZXIlM0QlMjIwJTIyJTIwc3R5bGUlM0QlMjJib3JkZXIlM0EwJTIyJTIwYWxsb3dmdWxsc2NyZWVuJTNFJTNDJTJGaWZyYW1lJTNF&#8221; size=&#8221;296px&#8221;][\/vc_column_inner][vc_column_inner width=&#8221;1\/2&#8243; offset=&#8221;vc_col-lg-4 vc_col-md-4&#8243;][stm_contacts_widget title=&#8221;Adresa&#8221; address=&#8221;Marie Gadlinov\u00e1\n<br \/>Blatovsk\u00e1 1, Praha 10&#8243; phone=&#8221;+420 603 805 068&#8243; email=&#8221;marie@permanentnimakeup.cz&#8221; css=&#8221;.vc_custom_1574286392116{padding-top: 45px !important;padding-right: 50px !important;padding-bottom: 39px !important;padding-left: 50px !important;background-color: #fff6ef !important;}&#8221;][\/vc_column_inner][\/vc_row_inner][vc_empty_space][\/vc_column][\/vc_row][vc_row full_width=&#8221;stretch_row&#8221; css=&#8221;.vc_custom_1437024851439{margin-bottom: 0px !important;padding-top: 45px !important;padding-bottom: 45px !important;background-color: #fff6ef !important;}&#8221;][vc_column width=&#8221;1\/2&#8243; offset=&#8221;vc_col-lg-8 vc_col-md-8&#8243;][vc_custom_heading type=&#8221;theme_style&#8221; text=&#8221;Napi\u0161te n\u00e1m&#8221; font_container=&#8221;tag:h3|text_align:left|color:%230a2045&#8243; google_fonts=&#8221;font_family:Arimo%3Aregular%2Citalic%2C700%2C700italic|font_style:700%20bold%20regular%3A700%3Anormal&#8221; css=&#8221;.vc_custom_1556989215326{margin-bottom: 20px !important;}&#8221;]<div role=\"form\" class=\"wpcf7\" id=\"wpcf7-f107-o1\" lang=\"cs-CZ\" dir=\"ltr\">\n<div class=\"screen-reader-response\"><p role=\"status\" aria-live=\"polite\" aria-atomic=\"true\"><\/p> <ul><\/ul><\/div>\n<form action=\"\/mariegadlinova\/wp-json\/wp\/v2\/pages\/28#wpcf7-f107-o1\" method=\"post\" class=\"wpcf7-form init\" novalidate=\"novalidate\" data-status=\"init\">\n<div style=\"display: none;\">\n<input type=\"hidden\" name=\"_wpcf7\" value=\"107\" \/>\n<input type=\"hidden\" name=\"_wpcf7_version\" value=\"5.5.6\" \/>\n<input type=\"hidden\" name=\"_wpcf7_locale\" value=\"cs_CZ\" \/>\n<input type=\"hidden\" name=\"_wpcf7_unit_tag\" value=\"wpcf7-f107-o1\" \/>\n<input type=\"hidden\" name=\"_wpcf7_container_post\" value=\"0\" \/>\n<input type=\"hidden\" name=\"_wpcf7_posted_data_hash\" value=\"\" \/>\n<\/div>\n<div class=\"row\">\n<div class=\"col-xs-12 col-sm-12 col-md-6 col-lg-6\">\n<div class=\"input-group\">\n               <span class=\"wpcf7-form-control-wrap yname\"><input type=\"text\" name=\"yname\" value=\"\" size=\"40\" class=\"wpcf7-form-control wpcf7-text wpcf7-validates-as-required\" aria-required=\"true\" aria-invalid=\"false\" placeholder=\"Va\u0161e jm\u00e9no\" \/><\/span>\n          <\/div>\n<\/div>\n<div class=\"col-xs-12 col-sm-12 col-md-6 col-lg-6\">\n<div class=\"input-group\">\n               <span class=\"wpcf7-form-control-wrap email\"><input type=\"email\" name=\"email\" value=\"\" size=\"40\" class=\"wpcf7-form-control wpcf7-text wpcf7-email wpcf7-validates-as-required wpcf7-validates-as-email\" aria-required=\"true\" aria-invalid=\"false\" placeholder=\"V\u00e1\u0161 e-mail\" \/><\/span>\n          <\/div>\n<\/div>\n<\/div>\n<div class=\"input-group\">\n<span class=\"wpcf7-form-control-wrap message\"><textarea name=\"message\" cols=\"40\" rows=\"10\" class=\"wpcf7-form-control wpcf7-textarea wpcf7-validates-as-required\" aria-required=\"true\" aria-invalid=\"false\" placeholder=\"Va\u0161e zpr\u00e1va\"><\/textarea><\/span>\n<\/div>\n<div class=\"input-group\">\n<input type=\"submit\" value=\"ODESLAT\" class=\"wpcf7-form-control has-spinner wpcf7-submit button\" \/>\n<\/div>\n<p style=\"display: none !important;\"><label>&#916;<textarea name=\"_wpcf7_ak_hp_textarea\" cols=\"45\" rows=\"8\" maxlength=\"100\"><\/textarea><\/label><input type=\"hidden\" id=\"ak_js_1\" name=\"_wpcf7_ak_js\" value=\"111\"\/><script>document.getElementById( \"ak_js_1\" ).setAttribute( \"value\", ( new Date() ).getTime() );<\/script><\/p><div class=\"wpcf7-response-output\" aria-hidden=\"true\"><\/div><\/form><\/div>[\/vc_column][vc_column width=&#8221;1\/2&#8243; offset=&#8221;vc_col-lg-4 vc_col-md-4&#8243;][vc_custom_heading type=&#8221;theme_style&#8221; text=&#8221;Kontakty&#8221; font_container=&#8221;tag:h3|text_align:left|color:%230a2045&#8243; google_fonts=&#8221;font_family:Arimo%3Aregular%2Citalic%2C700%2C700italic|font_style:700%20bold%20regular%3A700%3Anormal&#8221; css=&#8221;.vc_custom_1556989133911{margin-bottom: 20px !important;}&#8221;][stm_contact name=&#8221;Marie Gadlinov\u00e1&#8221; image=&#8221;1147&#8243; phone=&#8221;+420 603 805 068&#8243; email=&#8221;marie@permanentnimakeup.cz&#8221;][\/vc_column][\/vc_row][vc_row][vc_column][vc_column_text]<\/p>\n<p>\n\n\n<p>[\/vc_column_text][\/vc_column][\/vc_row][vc_row][vc_column][vc_column_text]<\/p>\n<p><!-- \/wp:tadv\/classic-paragraph -->[\/vc_column_text][\/vc_column][\/vc_row]","protected":false},"excerpt":{"rendered":"<p>[vc_row][vc_column][vc_column_text] Kontakt [\/vc_column_text][vc_row_inner][vc_column_inner width=&#8221;1\/2&#8243; offset=&#8221;vc_col-lg-8 vc_col-md-8&#8243;][vc_gmaps link=&#8221;#E-8_JTNDaWZyYW1lJTIwc3JjJTNEJTIyaHR0cHMlM0ElMkYlMkZ3d3cuZ29vZ2xlLmNvbSUyRm1hcHMlMkZlbWJlZCUzRnBiJTNEJTIxMW0xOCUyMTFtMTIlMjExbTMlMjExZDI1NjAuNDA0NTEzNDQzMDUwNyUyMTJkMTQuNDkyMzk2MDE0NDM3Njc3JTIxM2Q1MC4wNzg3MTI4Nzk0MjU3NiUyMTJtMyUyMTFmMCUyMTJmMCUyMTNmMCUyMTNtMiUyMTFpMTAyNCUyMTJpNzY4JTIxNGYxMy4xJTIxM20zJTIxMW0yJTIxMXMweDQ3MGI5MzE2ZWY4ODNhZGIlMjUzQTB4OWU1YjllMmE0MGNiODYzOSUyMTJzQmxhdG92c2slMjVDMyUyNUExJTJCMTM2MiUyNTJGMSUyNTJDJTJCMTAwJTJCMDAlMkJTdHJhJTI1QzUlMjVBMW5pY2UlMjE1ZTAlMjEzbTIlMjExc2NzJTIxMnNjeiUyMTR2MTQ2MjI4MzU1MTAwOSUyMiUyMHdpZHRoJTNEJTIyNjAwJTIyJTIwaGVpZ2h0JTNEJTIyNDUwJTIyJTIwZnJhbWVib3JkZXIlM0QlMjIwJTIyJTIwc3R5bGUlM0QlMjJib3JkZXIlM0EwJTIyJTIwYWxsb3dmdWxsc2NyZWVuJTNFJTNDJTJGaWZyYW1lJTNF&#8221; size=&#8221;296px&#8221;][\/vc_column_inner][vc_column_inner width=&#8221;1\/2&#8243; offset=&#8221;vc_col-lg-4 vc_col-md-4&#8243;][stm_contacts_widget title=&#8221;Adresa&#8221; address=&#8221;Marie Gadlinov\u00e1 Blatovsk\u00e1 1, Praha 10&#8243; phone=&#8221;+420 603 805 068&#8243; email=&#8221;marie@permanentnimakeup.cz&#8221; css=&#8221;.vc_custom_1574286392116{padding-top: 45px !important;padding-right: 50px !important;padding-bottom: 39px !important;padding-left: 50px !important;background-color: #fff6ef !important;}&#8221;][\/vc_column_inner][\/vc_row_inner][vc_empty_space][\/vc_column][\/vc_row][vc_row full_width=&#8221;stretch_row&#8221; css=&#8221;.vc_custom_1437024851439{margin-bottom: 0px !important;padding-top: 45px !important;padding-bottom: 45px !important;background-color: #fff6ef !important;}&#8221;][vc_column width=&#8221;1\/2&#8243; offset=&#8221;vc_col-lg-8 vc_col-md-8&#8243;][vc_custom_heading type=&#8221;theme_style&#8221; text=&#8221;Napi\u0161te n\u00e1m&#8221; font_container=&#8221;tag:h3|text_align:left|color:%230a2045&#8243; google_fonts=&#8221;font_family:Arimo%3Aregular%2Citalic%2C700%2C700italic|font_style:700%20bold%20regular%3A700%3Anormal&#8221; css=&#8221;.vc_custom_1556989215326{margin-bottom: 20px !important;}&#8221;][\/vc_column][vc_column [&hellip;]<\/p>\n","protected":false},"author":1,"featured_media":0,"parent":0,"menu_order":0,"comment_status":"closed","ping_status":"closed","template":"","meta":[],"yoast_head":"<!-- This site is optimized with the Yoast SEO plugin v18.2 - https:\/\/yoast.com\/wordpress\/plugins\/seo\/ -->\n<title>Kontakt - Permanentn\u00ed make-up Marie Gadlinov\u00e1<\/title>\n<meta name=\"robots\" content=\"index, follow, max-snippet:-1, max-image-preview:large, max-video-preview:-1\" \/>\n<link rel=\"canonical\" href=\"https:\/\/permanentnimakeup.cz\/mariegadlinova\/kontakt\/\" \/>\n<meta property=\"og:locale\" content=\"cs_CZ\" \/>\n<meta property=\"og:type\" content=\"article\" \/>\n<meta property=\"og:title\" content=\"Kontakt - Permanentn\u00ed make-up Marie Gadlinov\u00e1\" \/>\n<meta property=\"og:description\" content=\"[vc_row][vc_column][vc_column_text] Kontakt [\/vc_column_text][vc_row_inner][vc_column_inner width=&#8221;1\/2&#8243; offset=&#8221;vc_col-lg-8 vc_col-md-8&#8243;][vc_gmaps link=&#8221;#E-8_JTNDaWZyYW1lJTIwc3JjJTNEJTIyaHR0cHMlM0ElMkYlMkZ3d3cuZ29vZ2xlLmNvbSUyRm1hcHMlMkZlbWJlZCUzRnBiJTNEJTIxMW0xOCUyMTFtMTIlMjExbTMlMjExZDI1NjAuNDA0NTEzNDQzMDUwNyUyMTJkMTQuNDkyMzk2MDE0NDM3Njc3JTIxM2Q1MC4wNzg3MTI4Nzk0MjU3NiUyMTJtMyUyMTFmMCUyMTJmMCUyMTNmMCUyMTNtMiUyMTFpMTAyNCUyMTJpNzY4JTIxNGYxMy4xJTIxM20zJTIxMW0yJTIxMXMweDQ3MGI5MzE2ZWY4ODNhZGIlMjUzQTB4OWU1YjllMmE0MGNiODYzOSUyMTJzQmxhdG92c2slMjVDMyUyNUExJTJCMTM2MiUyNTJGMSUyNTJDJTJCMTAwJTJCMDAlMkJTdHJhJTI1QzUlMjVBMW5pY2UlMjE1ZTAlMjEzbTIlMjExc2NzJTIxMnNjeiUyMTR2MTQ2MjI4MzU1MTAwOSUyMiUyMHdpZHRoJTNEJTIyNjAwJTIyJTIwaGVpZ2h0JTNEJTIyNDUwJTIyJTIwZnJhbWVib3JkZXIlM0QlMjIwJTIyJTIwc3R5bGUlM0QlMjJib3JkZXIlM0EwJTIyJTIwYWxsb3dmdWxsc2NyZWVuJTNFJTNDJTJGaWZyYW1lJTNF&#8221; size=&#8221;296px&#8221;][\/vc_column_inner][vc_column_inner width=&#8221;1\/2&#8243; offset=&#8221;vc_col-lg-4 vc_col-md-4&#8243;][stm_contacts_widget title=&#8221;Adresa&#8221; address=&#8221;Marie Gadlinov\u00e1 Blatovsk\u00e1 1, Praha 10&#8243; phone=&#8221;+420 603 805 068&#8243; email=&#8221;marie@permanentnimakeup.cz&#8221; css=&#8221;.vc_custom_1574286392116{padding-top: 45px !important;padding-right: 50px !important;padding-bottom: 39px !important;padding-left: 50px !important;background-color: #fff6ef !important;}&#8221;][\/vc_column_inner][\/vc_row_inner][vc_empty_space][\/vc_column][\/vc_row][vc_row full_width=&#8221;stretch_row&#8221; css=&#8221;.vc_custom_1437024851439{margin-bottom: 0px !important;padding-top: 45px !important;padding-bottom: 45px !important;background-color: #fff6ef !important;}&#8221;][vc_column width=&#8221;1\/2&#8243; offset=&#8221;vc_col-lg-8 vc_col-md-8&#8243;][vc_custom_heading type=&#8221;theme_style&#8221; text=&#8221;Napi\u0161te n\u00e1m&#8221; font_container=&#8221;tag:h3|text_align:left|color:%230a2045&#8243; google_fonts=&#8221;font_family:Arimo%3Aregular%2Citalic%2C700%2C700italic|font_style:700%20bold%20regular%3A700%3Anormal&#8221; css=&#8221;.vc_custom_1556989215326{margin-bottom: 20px !important;}&#8221;][\/vc_column][vc_column [&hellip;]\" \/>\n<meta property=\"og:url\" content=\"https:\/\/permanentnimakeup.cz\/mariegadlinova\/kontakt\/\" \/>\n<meta property=\"og:site_name\" content=\"Permanentn\u00ed make-up Marie Gadlinov\u00e1\" \/>\n<meta property=\"article:modified_time\" content=\"2019-11-20T21:46:57+00:00\" \/>\n<meta name=\"twitter:card\" content=\"summary_large_image\" \/>\n<meta name=\"twitter:label1\" content=\"Odhadovan\u00e1 doba \u010dten\u00ed\" \/>\n\t<meta name=\"twitter:data1\" content=\"2 minuty\" \/>\n<script type=\"application\/ld+json\" class=\"yoast-schema-graph\">{\"@context\":\"https:\/\/schema.org\",\"@graph\":[{\"@type\":\"WebSite\",\"@id\":\"https:\/\/permanentnimakeup.cz\/mariegadlinova\/#website\",\"url\":\"https:\/\/permanentnimakeup.cz\/mariegadlinova\/\",\"name\":\"Permanentn\u00ed make-up Marie Gadlinov\u00e1\",\"description\":\"Dal\u0161\u00ed nov\u00fd web v r\u00e1mci s\u00edt\u011b Permanentni make-up Clinic s\u00ed\u0165 web\u016f\",\"potentialAction\":[{\"@type\":\"SearchAction\",\"target\":{\"@type\":\"EntryPoint\",\"urlTemplate\":\"https:\/\/permanentnimakeup.cz\/mariegadlinova\/?s={search_term_string}\"},\"query-input\":\"required name=search_term_string\"}],\"inLanguage\":\"cs\"},{\"@type\":\"WebPage\",\"@id\":\"https:\/\/permanentnimakeup.cz\/mariegadlinova\/kontakt\/#webpage\",\"url\":\"https:\/\/permanentnimakeup.cz\/mariegadlinova\/kontakt\/\",\"name\":\"Kontakt - Permanentn\u00ed make-up Marie Gadlinov\u00e1\",\"isPartOf\":{\"@id\":\"https:\/\/permanentnimakeup.cz\/mariegadlinova\/#website\"},\"datePublished\":\"2019-05-31T19:50:55+00:00\",\"dateModified\":\"2019-11-20T21:46:57+00:00\",\"breadcrumb\":{\"@id\":\"https:\/\/permanentnimakeup.cz\/mariegadlinova\/kontakt\/#breadcrumb\"},\"inLanguage\":\"cs\",\"potentialAction\":[{\"@type\":\"ReadAction\",\"target\":[\"https:\/\/permanentnimakeup.cz\/mariegadlinova\/kontakt\/\"]}]},{\"@type\":\"BreadcrumbList\",\"@id\":\"https:\/\/permanentnimakeup.cz\/mariegadlinova\/kontakt\/#breadcrumb\",\"itemListElement\":[{\"@type\":\"ListItem\",\"position\":1,\"name\":\"Dom\u016f\",\"item\":\"https:\/\/permanentnimakeup.cz\/mariegadlinova\/\"},{\"@type\":\"ListItem\",\"position\":2,\"name\":\"Kontakt\"}]}]}<\/script>\n<!-- \/ Yoast SEO plugin. -->","yoast_head_json":{"title":"Kontakt - Permanentn\u00ed make-up Marie Gadlinov\u00e1","robots":{"index":"index","follow":"follow","max-snippet":"max-snippet:-1","max-image-preview":"max-image-preview:large","max-video-preview":"max-video-preview:-1"},"canonical":"https:\/\/permanentnimakeup.cz\/mariegadlinova\/kontakt\/","og_locale":"cs_CZ","og_type":"article","og_title":"Kontakt - Permanentn\u00ed make-up Marie Gadlinov\u00e1","og_description":"[vc_row][vc_column][vc_column_text] Kontakt [\/vc_column_text][vc_row_inner][vc_column_inner width=&#8221;1\/2&#8243; offset=&#8221;vc_col-lg-8 vc_col-md-8&#8243;][vc_gmaps link=&#8221;#E-8_JTNDaWZyYW1lJTIwc3JjJTNEJTIyaHR0cHMlM0ElMkYlMkZ3d3cuZ29vZ2xlLmNvbSUyRm1hcHMlMkZlbWJlZCUzRnBiJTNEJTIxMW0xOCUyMTFtMTIlMjExbTMlMjExZDI1NjAuNDA0NTEzNDQzMDUwNyUyMTJkMTQuNDkyMzk2MDE0NDM3Njc3JTIxM2Q1MC4wNzg3MTI4Nzk0MjU3NiUyMTJtMyUyMTFmMCUyMTJmMCUyMTNmMCUyMTNtMiUyMTFpMTAyNCUyMTJpNzY4JTIxNGYxMy4xJTIxM20zJTIxMW0yJTIxMXMweDQ3MGI5MzE2ZWY4ODNhZGIlMjUzQTB4OWU1YjllMmE0MGNiODYzOSUyMTJzQmxhdG92c2slMjVDMyUyNUExJTJCMTM2MiUyNTJGMSUyNTJDJTJCMTAwJTJCMDAlMkJTdHJhJTI1QzUlMjVBMW5pY2UlMjE1ZTAlMjEzbTIlMjExc2NzJTIxMnNjeiUyMTR2MTQ2MjI4MzU1MTAwOSUyMiUyMHdpZHRoJTNEJTIyNjAwJTIyJTIwaGVpZ2h0JTNEJTIyNDUwJTIyJTIwZnJhbWVib3JkZXIlM0QlMjIwJTIyJTIwc3R5bGUlM0QlMjJib3JkZXIlM0EwJTIyJTIwYWxsb3dmdWxsc2NyZWVuJTNFJTNDJTJGaWZyYW1lJTNF&#8221; size=&#8221;296px&#8221;][\/vc_column_inner][vc_column_inner width=&#8221;1\/2&#8243; offset=&#8221;vc_col-lg-4 vc_col-md-4&#8243;][stm_contacts_widget title=&#8221;Adresa&#8221; address=&#8221;Marie Gadlinov\u00e1 Blatovsk\u00e1 1, Praha 10&#8243; phone=&#8221;+420 603 805 068&#8243; email=&#8221;marie@permanentnimakeup.cz&#8221; css=&#8221;.vc_custom_1574286392116{padding-top: 45px !important;padding-right: 50px !important;padding-bottom: 39px !important;padding-left: 50px !important;background-color: #fff6ef !important;}&#8221;][\/vc_column_inner][\/vc_row_inner][vc_empty_space][\/vc_column][\/vc_row][vc_row full_width=&#8221;stretch_row&#8221; css=&#8221;.vc_custom_1437024851439{margin-bottom: 0px !important;padding-top: 45px !important;padding-bottom: 45px !important;background-color: #fff6ef !important;}&#8221;][vc_column width=&#8221;1\/2&#8243; offset=&#8221;vc_col-lg-8 vc_col-md-8&#8243;][vc_custom_heading type=&#8221;theme_style&#8221; text=&#8221;Napi\u0161te n\u00e1m&#8221; font_container=&#8221;tag:h3|text_align:left|color:%230a2045&#8243; google_fonts=&#8221;font_family:Arimo%3Aregular%2Citalic%2C700%2C700italic|font_style:700%20bold%20regular%3A700%3Anormal&#8221; css=&#8221;.vc_custom_1556989215326{margin-bottom: 20px !important;}&#8221;][\/vc_column][vc_column [&hellip;]","og_url":"https:\/\/permanentnimakeup.cz\/mariegadlinova\/kontakt\/","og_site_name":"Permanentn\u00ed make-up Marie Gadlinov\u00e1","article_modified_time":"2019-11-20T21:46:57+00:00","twitter_card":"summary_large_image","twitter_misc":{"Odhadovan\u00e1 doba \u010dten\u00ed":"2 minuty"},"schema":{"@context":"https:\/\/schema.org","@graph":[{"@type":"WebSite","@id":"https:\/\/permanentnimakeup.cz\/mariegadlinova\/#website","url":"https:\/\/permanentnimakeup.cz\/mariegadlinova\/","name":"Permanentn\u00ed make-up Marie Gadlinov\u00e1","description":"Dal\u0161\u00ed nov\u00fd web v r\u00e1mci s\u00edt\u011b Permanentni make-up Clinic s\u00ed\u0165 web\u016f","potentialAction":[{"@type":"SearchAction","target":{"@type":"EntryPoint","urlTemplate":"https:\/\/permanentnimakeup.cz\/mariegadlinova\/?s={search_term_string}"},"query-input":"required name=search_term_string"}],"inLanguage":"cs"},{"@type":"WebPage","@id":"https:\/\/permanentnimakeup.cz\/mariegadlinova\/kontakt\/#webpage","url":"https:\/\/permanentnimakeup.cz\/mariegadlinova\/kontakt\/","name":"Kontakt - Permanentn\u00ed make-up Marie Gadlinov\u00e1","isPartOf":{"@id":"https:\/\/permanentnimakeup.cz\/mariegadlinova\/#website"},"datePublished":"2019-05-31T19:50:55+00:00","dateModified":"2019-11-20T21:46:57+00:00","breadcrumb":{"@id":"https:\/\/permanentnimakeup.cz\/mariegadlinova\/kontakt\/#breadcrumb"},"inLanguage":"cs","potentialAction":[{"@type":"ReadAction","target":["https:\/\/permanentnimakeup.cz\/mariegadlinova\/kontakt\/"]}]},{"@type":"BreadcrumbList","@id":"https:\/\/permanentnimakeup.cz\/mariegadlinova\/kontakt\/#breadcrumb","itemListElement":[{"@type":"ListItem","position":1,"name":"Dom\u016f","item":"https:\/\/permanentnimakeup.cz\/mariegadlinova\/"},{"@type":"ListItem","position":2,"name":"Kontakt"}]}]}},"_links":{"self":[{"href":"https:\/\/permanentnimakeup.cz\/mariegadlinova\/wp-json\/wp\/v2\/pages\/28"}],"collection":[{"href":"https:\/\/permanentnimakeup.cz\/mariegadlinova\/wp-json\/wp\/v2\/pages"}],"about":[{"href":"https:\/\/permanentnimakeup.cz\/mariegadlinova\/wp-json\/wp\/v2\/types\/page"}],"author":[{"embeddable":true,"href":"https:\/\/permanentnimakeup.cz\/mariegadlinova\/wp-json\/wp\/v2\/users\/1"}],"replies":[{"embeddable":true,"href":"https:\/\/permanentnimakeup.cz\/mariegadlinova\/wp-json\/wp\/v2\/comments?post=28"}],"version-history":[{"count":9,"href":"https:\/\/permanentnimakeup.cz\/mariegadlinova\/wp-json\/wp\/v2\/pages\/28\/revisions"}],"predecessor-version":[{"id":247,"href":"https:\/\/permanentnimakeup.cz\/mariegadlinova\/wp-json\/wp\/v2\/pages\/28\/revisions\/247"}],"wp:attachment":[{"href":"https:\/\/permanentnimakeup.cz\/mariegadlinova\/wp-json\/wp\/v2\/media?parent=28"}],"curies":[{"name":"wp","href":"https:\/\/api.w.org\/{rel}","templated":true}]}}