{"id":22,"date":"2019-05-31T21:45:58","date_gmt":"2019-05-31T19:45:58","guid":{"rendered":"http:\/\/permanentnimakeup.cz\/mariegadlinova\/?page_id=22"},"modified":"2019-11-16T23:04:18","modified_gmt":"2019-11-16T22:04:18","slug":"faq","status":"publish","type":"page","link":"https:\/\/permanentnimakeup.cz\/mariegadlinova\/faq\/","title":{"rendered":"FAQ"},"content":{"rendered":"<p>[vc_row][vc_column][vc_column_text css_animation=&#8221;bottom-to-top&#8221;]<\/p>\n<h1><em>\u010casto kladen\u00e9 ot\u00e1zky<\/em><\/h1>\n<h4><strong>Jak dlouho vydr\u017e\u00ed mikropigmentace \/ permanentn\u00ed make-up ?<\/strong><\/h4>\n<p>Permanentn\u00ed make-up V\u00e1m vydr\u017e\u00ed 1-3 roky. Z\u00e1le\u017e\u00ed na typu poko\u017eky a n\u00e1sledn\u00e9 p\u00e9\u010di o pigmentovan\u00e9 m\u00edsto (ochrana p\u0159ed slune\u010dn\u00edm z\u00e1\u0159en\u00edm UV filtry) Permanentn\u00ed make-up postupn\u011b sv\u011btl\u00e1, t\u00edm jak se v\u00e1m regeneruje poko\u017eka. To znamen\u00e1, pokud jste spokojena, je mo\u017enost z\u00e1krok st\u00e1le obnovovat po dobu n\u011bkolika let. Nej\u010dast\u011bji se obnova prov\u00e1d\u00ed po 1-2 letech, kdy z\u00e1krok provedeme pouze na jedno sezen\u00ed (dojde tzv.o\u017eiven\u00ed pigmentu).<\/p>\n<h4><strong>Co je korekce a pro\u010d je nutn\u00e1  korekce? <\/strong><\/h4>\n<p>Korekce slou\u017e\u00ed k dolad\u011bn\u00ed po\u017eadovan\u00e9ho tvaru a barevn\u00e9ho odst\u00ednu. Neslou\u017e\u00ed k tomu, aby byl z\u00e1krok ztmavov\u00e1n, ale aby byl pigment v poko\u017ece rovnom\u011brn\u011b rozlo\u017een a t\u00edm se zaru\u010dila jeho sytost a schopnost vydr\u017eet n\u011bkolik let.<br \/>\nJednor\u00e1zov\u00fd z\u00e1krok nen\u00ed metodou sm\u011b\u0159uj\u00edc\u00ed k dokonale proveden\u00e9mu v\u00fdsledku, ani nen\u00ed cenov\u011b v\u00fdhodn\u011bj\u0161\u00ed. Implantovan\u00e9 pigmenty jsou pro organismus ciz\u00ed l\u00e1tkou. P\u016fsoben\u00edm obrann\u00fdch syst\u00e9m\u016f, se organismus sna\u017e\u00ed pigment postupn\u011b vylou\u010dit z poko\u017eky. Proto nikdy po prvn\u00ed aplikaci nem\u016f\u017ee doj\u00edt k rovnom\u011brn\u00e9mu ulo\u017een\u00ed pigmentu v poko\u017ece a k zaji\u0161t\u011bn\u00ed jeho trvanlivosti!<\/p>\n<h4><strong>Je aplikace permanentn\u00edho make-upu bolestiv\u00e1?<\/strong><\/h4>\n<p>Z\u00e1krok prov\u00e1d\u00edme v lok\u00e1ln\u00ed anestezii za pou\u017eit\u00ed vysoce kvalitn\u00edch anestetik ve form\u011b kr\u00e9mu v kombinaci s anestetikem ve spreji a gelu. Na v\u0161echna anestetika prov\u00e1d\u00edme alergologick\u00fd test v pr\u016fb\u011bhu konzultace.<\/p>\n<h4><strong>Doch\u00e1z\u00ed v m\u00edst\u011b aplikace permanentn\u00edho make-upu ke krv\u00e1cen\u00ed?<\/strong><\/h4>\n<p>Nemus\u00edte se ob\u00e1vat, z\u00e1kroky se prov\u00e1d\u00ed velice jemnou akupunkturn\u00ed jehli\u010dkou nebo \u010depelkou (p\u0159i microbladingu) pouze ve vrchn\u00ed vrstv\u011b dermis, to znamen\u00e1, \u017ee nekrv\u00e1c\u00ed. Pouze pokud klientka pou\u017e\u00edv\u00e1 l\u00e9ky, kter\u00e9 sni\u017euj\u00ed sr\u00e1\u017elivost krve, nebo je-li n\u011bjak\u00fdm jin\u00fdm zp\u016fsobem oslaben organismus.<\/p>\n<h4><strong>Je mo\u017en\u00e9 se p\u0159es permanentn\u00ed make-up l\u00ed\u010dit a pou\u017e\u00edvat i jin\u00e9 odst\u00edny?<\/strong><\/h4>\n<p>\u00da\u010delem permanentn\u00edho make-upu je upraven\u00e1 tv\u00e1\u0159 bez ostr\u00fdch \u010di p\u0159\u00edli\u0161 n\u00e1padn\u00fdch lini\u00ed. To znamen\u00e1, \u017ee se m\u016f\u017eete bez probl\u00e9m\u016f l\u00ed\u010dit (i r\u016fzn\u00fdmi odst\u00edny).<\/p>\n<h4><strong>Jsem alergick\u00e1 na kosmetick\u00e9 p\u0159\u00edpravka a li\u010didla. Mohu podstoupit tento z\u00e1krok?<\/strong><\/h4>\n<p>Nejprve bychom doporu\u010dily prov\u00e9st alergologick\u00fd test a teprve pot\u00e9 se rozhodnout zda je mo\u017en\u00e9 z\u00e1krok prov\u00e9st. V\u0161echny p\u0159\u00edpravky jsou v\u0161ak hypoalergen\u00ed, vyrobeny z p\u0159\u00edrodn\u00edho materi\u00e1lu a po dobu na\u0161\u00ed praxe nebyly zji\u0161t\u011bny zn\u00e1mky alergick\u00fdch reakc\u00ed.<\/p>\n<h4><strong>Je mi 62 let. Je pro mne permanentn\u00ed make-up vhodn\u00fd?<\/strong><\/h4>\n<p>Permanentn\u00ed make-up je ur\u010den v\u0161em \u017een\u00e1m jak\u00e9koliv v\u011bkov\u00e9 kategorie.<\/p>\n<h4><strong>M\u00e1m vr\u00e1sky okolo rtu a rozp\u00edj\u00ed se mi rt\u011bnka. Pomohl by mi tento z\u00e1krok?<\/strong><\/h4>\n<p>Zde doporu\u010d\u00edme z\u00e1krok s vyst\u00ednov\u00e1n\u00edm rt\u016f a klientka u\u017e nemus\u00ed rt\u011bnku pou\u017e\u00edvat. Pro zv\u00fd\u0161en\u00ed lesku ji posta\u010d\u00ed pouze aplikace zvl\u00e1\u010d\u0148uj\u00edc\u00edch p\u0159\u00edpravk\u016f nebo lesk\u016f na rty.<\/p>\n<h4><strong>Co mohu ud\u011blat proto, aby  mi PM vydr\u017eel co nejd\u00e9le?<\/strong><\/h4>\n<p>Pro prodlou\u017een\u00ed trvanlivosti permanentn\u00edho make-upu je d\u016frazn\u011b doporu\u010deno pou\u017e\u00edvat p\u0159i slune\u010dn\u00edm z\u00e1\u0159en\u00ed (v\u010detn\u011b sol\u00e1ri\u00ed) na pigmentovan\u00e1 m\u00edsta v\u017edy ochrann\u00fd kr\u00e9m s SPF 50.<\/p>\n<h4><strong>Jsou pou\u017e\u00edvan\u00e9 pigmenty potenci\u00e1ln\u011b nebezpe\u010dn\u00e9?  <\/strong><\/h4>\n<p>Pigmenty obsahuj\u00ed pouze bezpe\u010dn\u00e9 l\u00e1tky, kter\u00e9 pro\u0161ly p\u0159\u00edsn\u00fdm testov\u00e1n\u00edm a certifikac\u00ed. Nemaj\u00ed proto u zdrav\u00e9ho organismu \u017e\u00e1dn\u00fd negativn\u00ed efekt na poko\u017eku ani t\u011blo.<\/p>\n<p>[\/vc_column_text][\/vc_column][\/vc_row][vc_row][vc_column][vc_empty_space height=&#8221;40px&#8221;][\/vc_column][\/vc_row]<\/p>\n","protected":false},"excerpt":{"rendered":"<p>[vc_row][vc_column][vc_column_text css_animation=&#8221;bottom-to-top&#8221;] \u010casto kladen\u00e9 ot\u00e1zky Jak dlouho vydr\u017e\u00ed mikropigmentace \/ permanentn\u00ed make-up ? Permanentn\u00ed make-up V\u00e1m vydr\u017e\u00ed 1-3 roky. Z\u00e1le\u017e\u00ed na typu poko\u017eky a n\u00e1sledn\u00e9 p\u00e9\u010di o pigmentovan\u00e9 m\u00edsto (ochrana p\u0159ed slune\u010dn\u00edm z\u00e1\u0159en\u00edm UV filtry) Permanentn\u00ed make-up postupn\u011b sv\u011btl\u00e1, t\u00edm jak se v\u00e1m regeneruje poko\u017eka. To znamen\u00e1, pokud jste spokojena, je mo\u017enost z\u00e1krok st\u00e1le obnovovat [&hellip;]<\/p>\n","protected":false},"author":1,"featured_media":0,"parent":0,"menu_order":0,"comment_status":"closed","ping_status":"closed","template":"","meta":[],"yoast_head":"<!-- This site is optimized with the Yoast SEO plugin v18.2 - https:\/\/yoast.com\/wordpress\/plugins\/seo\/ -->\n<title>FAQ - Permanentn\u00ed make-up Marie Gadlinov\u00e1<\/title>\n<meta name=\"robots\" content=\"index, follow, max-snippet:-1, max-image-preview:large, max-video-preview:-1\" \/>\n<link rel=\"canonical\" href=\"https:\/\/permanentnimakeup.cz\/mariegadlinova\/faq\/\" \/>\n<meta property=\"og:locale\" content=\"cs_CZ\" \/>\n<meta property=\"og:type\" content=\"article\" \/>\n<meta property=\"og:title\" content=\"FAQ - Permanentn\u00ed make-up Marie Gadlinov\u00e1\" \/>\n<meta property=\"og:description\" content=\"[vc_row][vc_column][vc_column_text css_animation=&#8221;bottom-to-top&#8221;] \u010casto kladen\u00e9 ot\u00e1zky Jak dlouho vydr\u017e\u00ed mikropigmentace \/ permanentn\u00ed make-up ? Permanentn\u00ed make-up V\u00e1m vydr\u017e\u00ed 1-3 roky. Z\u00e1le\u017e\u00ed na typu poko\u017eky a n\u00e1sledn\u00e9 p\u00e9\u010di o pigmentovan\u00e9 m\u00edsto (ochrana p\u0159ed slune\u010dn\u00edm z\u00e1\u0159en\u00edm UV filtry) Permanentn\u00ed make-up postupn\u011b sv\u011btl\u00e1, t\u00edm jak se v\u00e1m regeneruje poko\u017eka. To znamen\u00e1, pokud jste spokojena, je mo\u017enost z\u00e1krok st\u00e1le obnovovat [&hellip;]\" \/>\n<meta property=\"og:url\" content=\"https:\/\/permanentnimakeup.cz\/mariegadlinova\/faq\/\" \/>\n<meta property=\"og:site_name\" content=\"Permanentn\u00ed make-up Marie Gadlinov\u00e1\" \/>\n<meta property=\"article:modified_time\" content=\"2019-11-16T22:04:18+00:00\" \/>\n<meta name=\"twitter:card\" content=\"summary_large_image\" \/>\n<meta name=\"twitter:label1\" content=\"Odhadovan\u00e1 doba \u010dten\u00ed\" \/>\n\t<meta name=\"twitter:data1\" content=\"3 minuty\" \/>\n<script type=\"application\/ld+json\" class=\"yoast-schema-graph\">{\"@context\":\"https:\/\/schema.org\",\"@graph\":[{\"@type\":\"WebSite\",\"@id\":\"https:\/\/permanentnimakeup.cz\/mariegadlinova\/#website\",\"url\":\"https:\/\/permanentnimakeup.cz\/mariegadlinova\/\",\"name\":\"Permanentn\u00ed make-up Marie Gadlinov\u00e1\",\"description\":\"Dal\u0161\u00ed nov\u00fd web v r\u00e1mci s\u00edt\u011b Permanentni make-up Clinic s\u00ed\u0165 web\u016f\",\"potentialAction\":[{\"@type\":\"SearchAction\",\"target\":{\"@type\":\"EntryPoint\",\"urlTemplate\":\"https:\/\/permanentnimakeup.cz\/mariegadlinova\/?s={search_term_string}\"},\"query-input\":\"required name=search_term_string\"}],\"inLanguage\":\"cs\"},{\"@type\":\"WebPage\",\"@id\":\"https:\/\/permanentnimakeup.cz\/mariegadlinova\/faq\/#webpage\",\"url\":\"https:\/\/permanentnimakeup.cz\/mariegadlinova\/faq\/\",\"name\":\"FAQ - Permanentn\u00ed make-up Marie Gadlinov\u00e1\",\"isPartOf\":{\"@id\":\"https:\/\/permanentnimakeup.cz\/mariegadlinova\/#website\"},\"datePublished\":\"2019-05-31T19:45:58+00:00\",\"dateModified\":\"2019-11-16T22:04:18+00:00\",\"breadcrumb\":{\"@id\":\"https:\/\/permanentnimakeup.cz\/mariegadlinova\/faq\/#breadcrumb\"},\"inLanguage\":\"cs\",\"potentialAction\":[{\"@type\":\"ReadAction\",\"target\":[\"https:\/\/permanentnimakeup.cz\/mariegadlinova\/faq\/\"]}]},{\"@type\":\"BreadcrumbList\",\"@id\":\"https:\/\/permanentnimakeup.cz\/mariegadlinova\/faq\/#breadcrumb\",\"itemListElement\":[{\"@type\":\"ListItem\",\"position\":1,\"name\":\"Dom\u016f\",\"item\":\"https:\/\/permanentnimakeup.cz\/mariegadlinova\/\"},{\"@type\":\"ListItem\",\"position\":2,\"name\":\"FAQ\"}]}]}<\/script>\n<!-- \/ Yoast SEO plugin. -->","yoast_head_json":{"title":"FAQ - Permanentn\u00ed make-up Marie Gadlinov\u00e1","robots":{"index":"index","follow":"follow","max-snippet":"max-snippet:-1","max-image-preview":"max-image-preview:large","max-video-preview":"max-video-preview:-1"},"canonical":"https:\/\/permanentnimakeup.cz\/mariegadlinova\/faq\/","og_locale":"cs_CZ","og_type":"article","og_title":"FAQ - Permanentn\u00ed make-up Marie Gadlinov\u00e1","og_description":"[vc_row][vc_column][vc_column_text css_animation=&#8221;bottom-to-top&#8221;] \u010casto kladen\u00e9 ot\u00e1zky Jak dlouho vydr\u017e\u00ed mikropigmentace \/ permanentn\u00ed make-up ? Permanentn\u00ed make-up V\u00e1m vydr\u017e\u00ed 1-3 roky. Z\u00e1le\u017e\u00ed na typu poko\u017eky a n\u00e1sledn\u00e9 p\u00e9\u010di o pigmentovan\u00e9 m\u00edsto (ochrana p\u0159ed slune\u010dn\u00edm z\u00e1\u0159en\u00edm UV filtry) Permanentn\u00ed make-up postupn\u011b sv\u011btl\u00e1, t\u00edm jak se v\u00e1m regeneruje poko\u017eka. To znamen\u00e1, pokud jste spokojena, je mo\u017enost z\u00e1krok st\u00e1le obnovovat [&hellip;]","og_url":"https:\/\/permanentnimakeup.cz\/mariegadlinova\/faq\/","og_site_name":"Permanentn\u00ed make-up Marie Gadlinov\u00e1","article_modified_time":"2019-11-16T22:04:18+00:00","twitter_card":"summary_large_image","twitter_misc":{"Odhadovan\u00e1 doba \u010dten\u00ed":"3 minuty"},"schema":{"@context":"https:\/\/schema.org","@graph":[{"@type":"WebSite","@id":"https:\/\/permanentnimakeup.cz\/mariegadlinova\/#website","url":"https:\/\/permanentnimakeup.cz\/mariegadlinova\/","name":"Permanentn\u00ed make-up Marie Gadlinov\u00e1","description":"Dal\u0161\u00ed nov\u00fd web v r\u00e1mci s\u00edt\u011b Permanentni make-up Clinic s\u00ed\u0165 web\u016f","potentialAction":[{"@type":"SearchAction","target":{"@type":"EntryPoint","urlTemplate":"https:\/\/permanentnimakeup.cz\/mariegadlinova\/?s={search_term_string}"},"query-input":"required name=search_term_string"}],"inLanguage":"cs"},{"@type":"WebPage","@id":"https:\/\/permanentnimakeup.cz\/mariegadlinova\/faq\/#webpage","url":"https:\/\/permanentnimakeup.cz\/mariegadlinova\/faq\/","name":"FAQ - Permanentn\u00ed make-up Marie Gadlinov\u00e1","isPartOf":{"@id":"https:\/\/permanentnimakeup.cz\/mariegadlinova\/#website"},"datePublished":"2019-05-31T19:45:58+00:00","dateModified":"2019-11-16T22:04:18+00:00","breadcrumb":{"@id":"https:\/\/permanentnimakeup.cz\/mariegadlinova\/faq\/#breadcrumb"},"inLanguage":"cs","potentialAction":[{"@type":"ReadAction","target":["https:\/\/permanentnimakeup.cz\/mariegadlinova\/faq\/"]}]},{"@type":"BreadcrumbList","@id":"https:\/\/permanentnimakeup.cz\/mariegadlinova\/faq\/#breadcrumb","itemListElement":[{"@type":"ListItem","position":1,"name":"Dom\u016f","item":"https:\/\/permanentnimakeup.cz\/mariegadlinova\/"},{"@type":"ListItem","position":2,"name":"FAQ"}]}]}},"_links":{"self":[{"href":"https:\/\/permanentnimakeup.cz\/mariegadlinova\/wp-json\/wp\/v2\/pages\/22"}],"collection":[{"href":"https:\/\/permanentnimakeup.cz\/mariegadlinova\/wp-json\/wp\/v2\/pages"}],"about":[{"href":"https:\/\/permanentnimakeup.cz\/mariegadlinova\/wp-json\/wp\/v2\/types\/page"}],"author":[{"embeddable":true,"href":"https:\/\/permanentnimakeup.cz\/mariegadlinova\/wp-json\/wp\/v2\/users\/1"}],"replies":[{"embeddable":true,"href":"https:\/\/permanentnimakeup.cz\/mariegadlinova\/wp-json\/wp\/v2\/comments?post=22"}],"version-history":[{"count":5,"href":"https:\/\/permanentnimakeup.cz\/mariegadlinova\/wp-json\/wp\/v2\/pages\/22\/revisions"}],"predecessor-version":[{"id":223,"href":"https:\/\/permanentnimakeup.cz\/mariegadlinova\/wp-json\/wp\/v2\/pages\/22\/revisions\/223"}],"wp:attachment":[{"href":"https:\/\/permanentnimakeup.cz\/mariegadlinova\/wp-json\/wp\/v2\/media?parent=22"}],"curies":[{"name":"wp","href":"https:\/\/api.w.org\/{rel}","templated":true}]}}