{"id":20,"date":"2019-05-31T21:44:36","date_gmt":"2019-05-31T19:44:36","guid":{"rendered":"http:\/\/permanentnimakeup.cz\/mariegadlinova\/?page_id=20"},"modified":"2019-11-20T22:46:08","modified_gmt":"2019-11-20T21:46:08","slug":"cookies","status":"publish","type":"page","link":"https:\/\/permanentnimakeup.cz\/mariegadlinova\/cookies\/","title":{"rendered":"Cookies"},"content":{"rendered":"[vc_row][vc_column][vc_column_text]\n[\/vc_column_text][\/vc_column][\/vc_row][vc_row][vc_column][vc_column_text]<h1>GDPR a Cookies<\/h1>\n<h2><strong>Pou\u010den\u00ed o zpracov\u00e1n\u00ed osobn\u00edch \u00fadaj\u016f prost\u0159ednictv\u00edm cookies<\/strong><\/h2>\n<ol>\n<li>Marie Gadlinov\u00e1 se s\u00eddlem Blatovsk\u00e1 1362\/1, 100 00 Praha 1 &#8211; Stra\u0161nice, I\u010c: 62562860, (d\u00e1le jen \u201eSpr\u00e1vce\u201c), jako\u017eto provozovatel t\u00e9to webov\u00e9 str\u00e1nky, vyu\u017e\u00edv\u00e1 na t\u011bchto webov\u00fdch str\u00e1nk\u00e1ch soubory cookies za n\u00e1sleduj\u00edc\u00edm \u00fa\u010delem:\n<ul>\n<li>m\u011b\u0159en\u00ed n\u00e1v\u0161t\u011bvnosti webov\u00fdch str\u00e1nek a vytv\u00e1\u0159en\u00ed statistik t\u00fdkaj\u00edc\u00edch se n\u00e1v\u0161t\u011bvnosti a chov\u00e1n\u00ed n\u00e1v\u0161t\u011bvn\u00edk\u016f na webov\u00fdch str\u00e1nk\u00e1ch;<\/li>\n<li>fungov\u00e1n\u00ed webov\u00fdch str\u00e1nek;<\/li>\n<li>c\u00edlen\u00ed reklamy a marketingu a jejich zobrazov\u00e1n\u00ed u\u017eivatel\u016fm, kte\u0159\u00ed s\u00a0t\u00edm vyj\u00e1d\u0159\u00ed souhlas.<\/li>\n<\/ul>\n<\/li>\n<li>Sb\u011br cookies za \u00fa\u010delem uveden\u00fdm v odst. 1 lze pova\u017eovat za zpracov\u00e1n\u00ed osobn\u00edch \u00fadaj\u016f. Takov\u00e9 zpracov\u00e1n\u00ed je mo\u017en\u00e9 na z\u00e1klad\u011b z\u00e1konn\u00e9ho d\u016fvodu &#8211; opr\u00e1vn\u011bn\u00e9ho z\u00e1jmu Spr\u00e1vce a umo\u017e\u0148uje ho \u010dl. 6 odst. 1 p\u00edsm. f) na\u0159\u00edzen\u00ed Evropsk\u00e9ho parlamentu a Rady (EU) \u010d. 2016\/679 o ochran\u011b fyzick\u00fdch osob v souvislosti se zpracov\u00e1n\u00edm osobn\u00edch \u00fadaj\u016f a o voln\u00e9m pohybu t\u011bchto \u00fadaj\u016f a o zru\u0161en\u00ed sm\u011brnice 95\/46\/ES (obecn\u00e9 na\u0159\u00edzen\u00ed o ochran\u011b osobn\u00edch \u00fadaj\u016f) (d\u00e1le jen \u201eNa\u0159\u00edzen\u00ed\u201c).<\/li>\n<li>Webov\u00e9 str\u00e1nky lze pou\u017e\u00edvat i v\u00a0re\u017eimu, kter\u00fd\u00a0<strong>neumo\u017e\u0148uje<\/strong> sb\u00edr\u00e1n\u00ed \u00fadaj\u016f o chov\u00e1n\u00ed n\u00e1v\u0161t\u011bvn\u00edk\u016f webu \u2013 tento re\u017eim je mo\u017en\u00fd bu\u010f nastavit v r\u00e1mci nastaven\u00ed prohl\u00ed\u017ee\u010de, nebo je mo\u017en\u00e9 vzn\u00e9st proti takov\u00e9mu sb\u011bru na z\u00e1klad\u011b opr\u00e1vn\u011bn\u00e9ho z\u00e1jmu Spole\u010dn\u00fdch spr\u00e1vc\u016f n\u00e1mitku dle \u010dl. 21 Na\u0159\u00edzen\u00ed, zasl\u00e1n\u00edm na kontaktn\u00ed adresu marie@permanentnimakeup.cz. Va\u0161e n\u00e1mitka bude pot\u00e9 vyhodnocena bezodkladn\u011b, nejpozd\u011bji do 30 dn\u00ed od obdr\u017een\u00ed. Cookies nezbytn\u00e9 pro funk\u010dnost webu budou uchov\u00e1ny pouze po dobu nezbytn\u011b nutnou pro fungov\u00e1n\u00ed webu.<\/li>\n<li>Vznesete-li n\u00e1mitku proti zpracov\u00e1n\u00ed technick\u00fdch cookies nezbytn\u00fdch pro fungov\u00e1n\u00ed webov\u00fdch str\u00e1nek, nelze v takov\u00e9m p\u0159\u00edpad\u011b zaru\u010dit plnou funk\u010dnost a kompatibilitu webov\u00fdch str\u00e1nek.<\/li>\n<li>Cookies, kter\u00e9 jsou sb\u00edr\u00e1ny za \u00fa\u010delem m\u011b\u0159en\u00ed n\u00e1v\u0161t\u011bvnosti webu a vytv\u00e1\u0159en\u00ed statistik t\u00fdkaj\u00edc\u00edch se n\u00e1v\u0161t\u011bvnosti a chov\u00e1n\u00ed n\u00e1v\u0161t\u011bvn\u00edk\u016f na webu, jsou posuzov\u00e1ny v podob\u011b hromadn\u00e9ho celku a pseudonymizovan\u00e9 podob\u011b, kter\u00e1 umo\u017e\u0148uje identifikaci jednotlivce jen p\u0159i vynalo\u017een\u00ed zna\u010dn\u00e9ho a odborn\u00e9ho \u00fasil\u00ed.<\/li>\n<li>Cookies pro c\u00edlen\u00ed reklamy (marketingov\u00e9 cookies) jsou zpracov\u00e1v\u00e1ny na z\u00e1klad\u011b va\u0161eho souhlasu. Souhlas ud\u011blujete na dobu, kter\u00e1 je uvedena d\u00e1le u\u00a0marketingov\u00fdch cookies. Souhlas se sb\u00edr\u00e1n\u00edm \u00fadaj\u016f soubor\u016f cookies pro marketingov\u00e9 \u00fa\u010dely lze vz\u00edt kdykoliv zp\u011bt, a to pomoc\u00ed zm\u011bny nastaven\u00ed p\u0159\u00edslu\u0161n\u00e9ho internetov\u00e9ho prohl\u00ed\u017ee\u010de. Podrobn\u011bj\u0161\u00ed informace o t\u00e9to mo\u017enosti naleznete na konci tohoto dokumentu.<\/li>\n<li>Cookies jsou ukl\u00e1d\u00e1ny po dobu, kter\u00e1 je uvedena d\u00e1le u jednotliv\u00fdch typ\u016f cookies.<\/li>\n<li>Vezm\u011bte, pros\u00edm, na v\u011bdom\u00ed, \u017ee podle Na\u0159\u00edzen\u00ed m\u00e1te pr\u00e1vo:\n<ul>\n<li>po\u017eadovat po Spr\u00e1vci informaci, jak\u00e9 va\u0161e osobn\u00ed \u00fadaje zpracov\u00e1v\u00e1, p\u0159\u00edpadn\u011b si vy\u017e\u00e1dat kopii,<\/li>\n<li>vy\u017e\u00e1dat si u Spr\u00e1vce p\u0159\u00edstup k\u00a0t\u011bmto \u00fadaj\u016fm a tyto nechat aktualizovat nebo opravit, p\u0159\u00edpadn\u011b omezit zpracov\u00e1n\u00ed,<\/li>\n<li>po\u017eadovat po Spr\u00e1vci v\u00fdmaz t\u011bchto osobn\u00edch \u00fadaj\u016f \u2013 v\u00fdmaz provedou, pokud v\u00fdmaz nen\u00ed v\u00a0rozporu s\u00a0platn\u00fdmi pr\u00e1vn\u00edmi p\u0159edpisy a opr\u00e1vn\u011bn\u00fdmi z\u00e1jmy Spr\u00e1vce,<\/li>\n<li>v\u00a0p\u0159\u00edpad\u011b zpracov\u00e1n\u00ed osobn\u00edch \u00fadaj\u016f na z\u00e1klad\u011b souhlasu \u017e\u00e1dat p\u0159enos t\u011bchto \u00fadaj\u016f,<\/li>\n<\/ul>\n<\/li>\n<li>Shrom\u00e1\u017ed\u011bn\u00e9 cookies soubory jsou zpracov\u00e1ny dal\u0161\u00edmi zpracovateli: Google Inc., Facebook a extern\u00ed dodavatel\u00e9 IT slu\u017eeb.<\/li>\n<\/ol>\n<h2>Co jsou to soubory cookies<\/h2>\n<p>Jedn\u00e1 se o mal\u00e9 textov\u00e9 soubory, kter\u00e9 ukl\u00e1daj\u00ed informace ve va\u0161em prohl\u00ed\u017ee\u010di a b\u011b\u017en\u011b slou\u017e\u00ed k rozli\u0161ov\u00e1n\u00ed jednotliv\u00fdch u\u017eivatel\u016f. Cookies si lze p\u0159edstavit jako pam\u011b\u0165 webov\u00e9 str\u00e1nky, kter\u00e1 podle nich p\u0159i dal\u0161\u00ed n\u00e1v\u0161t\u011bv\u011b u\u017eivatele stejn\u00e9ho po\u010d\u00edta\u010de pozn\u00e1. Osoba u\u017eivatele v\u0161ak nen\u00ed na z\u00e1klad\u011b t\u011bchto informac\u00ed identifikovateln\u00e1.<\/p>\n<p>Cookies nezab\u00edraj\u00ed na disku po\u010d\u00edta\u010de t\u00e9m\u011b\u0159 \u017e\u00e1dn\u00e9 m\u00edsto, jejich velikost \u010din\u00ed zpravidla n\u011bkolik kilobajt\u016f. Cookies neslou\u017e\u00ed k z\u00edsk\u00e1v\u00e1n\u00ed jak\u00fdchkoli citliv\u00fdch osobn\u00edch \u00fadaj\u016f.<\/p>\n<p>Standardn\u00ed webov\u00e9 prohl\u00ed\u017ee\u010de podporuj\u00ed spr\u00e1vu cookies. Pro detailn\u011bj\u0161\u00ed informace pros\u00edm pou\u017eijte n\u00e1pov\u011bdu Va\u0161eho prohl\u00ed\u017ee\u010de.\u00a0Pokud bude m\u00edt V\u00e1\u0161 prohl\u00ed\u017ee\u010d pou\u017eit\u00ed cookies povoleno, budeme vych\u00e1zet z toho, \u017ee souhlas\u00edte s vyu\u017e\u00edv\u00e1n\u00edm standardn\u00edch cookies ze strany na\u0161ich server\u016f.<\/p>\n<h2>Jak\u00e9 soubory cookies vyu\u017e\u00edv\u00e1me<\/h2>\n<p>Soubory cookies pou\u017e\u00edvan\u00e9 na na\u0161ich str\u00e1nk\u00e1ch lze z hlediska jejich \u017eivotnosti rozd\u011blit na dva z\u00e1kladn\u00ed typy. Kr\u00e1tkodob\u00e9, tzv. \u201esession cookie\u201c, kter\u00e9 jsou pouze do\u010dasn\u00e9 a z\u016fst\u00e1vaj\u00ed ulo\u017eeny ve va\u0161em prohl\u00ed\u017ee\u010di pouze do t\u00e9 doby, ne\u017e prohl\u00ed\u017ee\u010d zav\u0159ete, a dlouhodob\u00e9, tzv. \u201epersistent cookie\u201c, kter\u00e9 z\u016fst\u00e1vaj\u00ed ulo\u017eeny ve va\u0161em za\u0159\u00edzen\u00ed mnohem d\u00e9le nebo dokud je ru\u010dn\u011b neodstran\u00edte (doba ponech\u00e1n\u00ed soubor\u016f cookie ve va\u0161em za\u0159\u00edzen\u00ed z\u00e1vis\u00ed na nastaven\u00ed samotn\u00e9 cookie a nastaven\u00ed va\u0161eho prohl\u00ed\u017ee\u010de).<\/p>\n<p>Z hlediska funkce, kterou jednotliv\u00e9 cookies pln\u00ed, lze cookies rozd\u011blit na:<\/p>\n<ul>\n<li>marketingov\u00e9, kter\u00e9 pou\u017e\u00edv\u00e1me pro personalizaci obsahu reklam a jejich spr\u00e1vn\u00e9mu zac\u00edlen\u00ed a remarketing (resp. retargeting)<\/li>\n<li>analytick\u00e9, kter\u00e9 n\u00e1m pom\u00e1haj\u00ed zv\u00fd\u0161it u\u017eivatelsk\u00e9 pohodl\u00ed na\u0161eho webu t\u00edm, \u017ee pochop\u00edme, jak jej u\u017eivatel\u00e9 pou\u017e\u00edvaj\u00ed<\/li>\n<li>nezbytn\u00e9, kter\u00e9 jsou d\u016fle\u017eit\u00e9 pro z\u00e1kladn\u00ed funk\u010dnost webu<\/li>\n<\/ul>\n<p>N\u011bkter\u00e9 soubory cookies mohou shroma\u017e\u010fovat informace, kter\u00e9 jsou n\u00e1sledn\u011b vyu\u017eity t\u0159et\u00edmi stranami a kter\u00e9 nap\u0159. p\u0159\u00edmo podporuj\u00ed na\u0161e reklamn\u00ed aktivity (tzv. \u201ecookie t\u0159et\u00edch stran\u201c). Nap\u0159\u00edklad informace o produktech kupovan\u00fdch n\u00e1v\u0161t\u011bvn\u00edky na na\u0161ich str\u00e1nk\u00e1ch mohou b\u00fdt zobrazeny reklamn\u00ed agenturou, abychom mohli l\u00e9pe uzp\u016fsobit zobrazen\u00ed internetov\u00fdch reklamn\u00edch banner\u016f na V\u00e1mi zobrazovan\u00fdch webov\u00fdch str\u00e1nk\u00e1ch. Podle t\u011bchto \u00fadaj\u016f V\u00e1s v\u0161ak nelze identifikovat.<\/p>\n<h3><strong>Na na\u0161ich str\u00e1nk\u00e1ch jsou pou\u017eity tyto cookies:<\/strong><\/h3>\n<h4><strong>D\u016fle\u017eit\u00e9 cookies<\/strong><\/h4>\n<p>Umo\u017e\u0148uj\u00ed v\u00e1m pohybovat se na webov\u00fdch str\u00e1nk\u00e1ch a vyu\u017e\u00edvat v\u0161echny jejich funkce. Jsou uchov\u00e1v\u00e1ny pouze po dobu nezbytn\u011b nutnou pro fungov\u00e1n\u00ed webu.<\/p>\n<h4><strong>Funk\u010dn\u00ed cookies<\/strong><\/h4>\n<p>Zaznamen\u00e1vaj\u00ed informace o volb\u00e1ch, kter\u00e9 jste provedli.<\/p>\n<h4><strong>Analytick\u00e9 cookies<\/strong><\/h4>\n<p>Pom\u00e1haj\u00ed zlep\u0161it v\u00fdkon webov\u00fdch str\u00e1nek. Jsou uchov\u00e1v\u00e1ny po dobu maxim\u00e1ln\u011b 26 m\u011bs\u00edc\u016f.<\/p>\n<ul>\n<li>Google Analytics<\/li>\n<\/ul>\n<h4><strong>Marketingov\u00e9 cookies<\/strong><\/h4>\n<p>Pou\u017e\u00edvaj\u00ed se pro zobrazov\u00e1n\u00ed relevantn\u00edch a personalizovan\u00fdch reklamn\u00edch nab\u00eddek na soci\u00e1ln\u00edch s\u00edt\u00edch. Jsou uchov\u00e1v\u00e1ny po dobu maxim\u00e1ln\u011b 540 dn\u00ed.<\/p>\n<ul>\n<li>Facebook<\/li>\n<li>Instagram<\/li>\n<\/ul>\n<h2>Jak nastavit spr\u00e1vu cookies ve va\u0161em prohl\u00ed\u017ee\u010di<\/h2>\n<p>V\u0161e je o nastaven\u00ed va\u0161eho internetov\u00e9ho prohl\u00ed\u017ee\u010de. V\u011bt\u0161ina prohl\u00ed\u017ee\u010d\u016f soubory cookie automaticky p\u0159ij\u00edm\u00e1 ji\u017e ve v\u00fdchoz\u00edm nastaven\u00ed. Soubory cookie lze pomoc\u00ed va\u0161eho webov\u00e9ho prohl\u00ed\u017ee\u010de odm\u00edtnout nebo nastavit u\u017e\u00edv\u00e1n\u00ed jen n\u011bkter\u00fdch soubor\u016f cookie.<\/p>\n<p>Informace o prohl\u00ed\u017ee\u010d\u00edch a o zp\u016fsobu nastaven\u00ed p\u0159edvoleb pro soubory cookie m\u016f\u017eete nal\u00e9zt na n\u00e1sleduj\u00edc\u00edch webov\u00fdch str\u00e1nk\u00e1ch:<br \/><u><a href=\"https:\/\/support.google.com\/accounts\/answer\/61416?hl=cs\">Chrome<\/a><br \/><a href=\"https:\/\/www.mozilla.org\/cs\/privacy\/websites\/#cookies\">Mozilla Firefox\u00a0<\/a><br \/><a href=\"https:\/\/privacy.microsoft.com\/cs-cz\/privacystatement\">Internet Explorer<\/a><br \/><a href=\"https:\/\/support.google.com\/chrome\/answer\/2392709?visit_id=1-636270856459123937-2696746637&amp;rd=1&amp;co=GENIE.Platform%3DAndroid&amp;oco=1\">Android<\/a><br \/><a href=\"https:\/\/support.apple.com\/kb\/ph21411?locale=cs_CZ\">Safari<\/a><\/u><\/p>[\/vc_column_text][vc_empty_space height=&#8221;15px&#8221;][\/vc_column][\/vc_row][vc_row][vc_column][vc_column_text]\n[\/vc_column_text][\/vc_column][\/vc_row]","protected":false},"excerpt":{"rendered":"<p>[vc_row][vc_column][vc_column_text] [\/vc_column_text][\/vc_column][\/vc_row][vc_row][vc_column][vc_column_text] GDPR a Cookies Pou\u010den\u00ed o zpracov\u00e1n\u00ed osobn\u00edch \u00fadaj\u016f prost\u0159ednictv\u00edm cookies Marie Gadlinov\u00e1 se s\u00eddlem Blatovsk\u00e1 1362\/1, 100 00 Praha 1 &#8211; Stra\u0161nice, I\u010c: 62562860, (d\u00e1le jen \u201eSpr\u00e1vce\u201c), jako\u017eto provozovatel t\u00e9to webov\u00e9 str\u00e1nky, vyu\u017e\u00edv\u00e1 na t\u011bchto webov\u00fdch str\u00e1nk\u00e1ch soubory cookies za n\u00e1sleduj\u00edc\u00edm \u00fa\u010delem: m\u011b\u0159en\u00ed n\u00e1v\u0161t\u011bvnosti webov\u00fdch str\u00e1nek a vytv\u00e1\u0159en\u00ed statistik t\u00fdkaj\u00edc\u00edch se n\u00e1v\u0161t\u011bvnosti a [&hellip;]<\/p>\n","protected":false},"author":1,"featured_media":0,"parent":0,"menu_order":0,"comment_status":"closed","ping_status":"closed","template":"","meta":[],"yoast_head":"<!-- This site is optimized with the Yoast SEO plugin v18.2 - https:\/\/yoast.com\/wordpress\/plugins\/seo\/ -->\n<title>Cookies - Permanentn\u00ed make-up Marie Gadlinov\u00e1<\/title>\n<meta name=\"robots\" content=\"index, follow, max-snippet:-1, max-image-preview:large, max-video-preview:-1\" \/>\n<link rel=\"canonical\" href=\"https:\/\/permanentnimakeup.cz\/mariegadlinova\/cookies\/\" \/>\n<meta property=\"og:locale\" content=\"cs_CZ\" \/>\n<meta property=\"og:type\" content=\"article\" \/>\n<meta property=\"og:title\" content=\"Cookies - Permanentn\u00ed make-up Marie Gadlinov\u00e1\" \/>\n<meta property=\"og:description\" content=\"[vc_row][vc_column][vc_column_text] [\/vc_column_text][\/vc_column][\/vc_row][vc_row][vc_column][vc_column_text] GDPR a Cookies Pou\u010den\u00ed o zpracov\u00e1n\u00ed osobn\u00edch \u00fadaj\u016f prost\u0159ednictv\u00edm cookies Marie Gadlinov\u00e1 se s\u00eddlem Blatovsk\u00e1 1362\/1, 100 00 Praha 1 &#8211; Stra\u0161nice, I\u010c: 62562860, (d\u00e1le jen \u201eSpr\u00e1vce\u201c), jako\u017eto provozovatel t\u00e9to webov\u00e9 str\u00e1nky, vyu\u017e\u00edv\u00e1 na t\u011bchto webov\u00fdch str\u00e1nk\u00e1ch soubory cookies za n\u00e1sleduj\u00edc\u00edm \u00fa\u010delem: m\u011b\u0159en\u00ed n\u00e1v\u0161t\u011bvnosti webov\u00fdch str\u00e1nek a vytv\u00e1\u0159en\u00ed statistik t\u00fdkaj\u00edc\u00edch se n\u00e1v\u0161t\u011bvnosti a [&hellip;]\" \/>\n<meta property=\"og:url\" content=\"https:\/\/permanentnimakeup.cz\/mariegadlinova\/cookies\/\" \/>\n<meta property=\"og:site_name\" content=\"Permanentn\u00ed make-up Marie Gadlinov\u00e1\" \/>\n<meta property=\"article:modified_time\" content=\"2019-11-20T21:46:08+00:00\" \/>\n<meta name=\"twitter:card\" content=\"summary_large_image\" \/>\n<meta name=\"twitter:label1\" content=\"Odhadovan\u00e1 doba \u010dten\u00ed\" \/>\n\t<meta name=\"twitter:data1\" content=\"7 minut\" \/>\n<script type=\"application\/ld+json\" class=\"yoast-schema-graph\">{\"@context\":\"https:\/\/schema.org\",\"@graph\":[{\"@type\":\"WebSite\",\"@id\":\"https:\/\/permanentnimakeup.cz\/mariegadlinova\/#website\",\"url\":\"https:\/\/permanentnimakeup.cz\/mariegadlinova\/\",\"name\":\"Permanentn\u00ed make-up Marie Gadlinov\u00e1\",\"description\":\"Dal\u0161\u00ed nov\u00fd web v r\u00e1mci s\u00edt\u011b Permanentni make-up Clinic s\u00ed\u0165 web\u016f\",\"potentialAction\":[{\"@type\":\"SearchAction\",\"target\":{\"@type\":\"EntryPoint\",\"urlTemplate\":\"https:\/\/permanentnimakeup.cz\/mariegadlinova\/?s={search_term_string}\"},\"query-input\":\"required name=search_term_string\"}],\"inLanguage\":\"cs\"},{\"@type\":\"WebPage\",\"@id\":\"https:\/\/permanentnimakeup.cz\/mariegadlinova\/cookies\/#webpage\",\"url\":\"https:\/\/permanentnimakeup.cz\/mariegadlinova\/cookies\/\",\"name\":\"Cookies - Permanentn\u00ed make-up Marie Gadlinov\u00e1\",\"isPartOf\":{\"@id\":\"https:\/\/permanentnimakeup.cz\/mariegadlinova\/#website\"},\"datePublished\":\"2019-05-31T19:44:36+00:00\",\"dateModified\":\"2019-11-20T21:46:08+00:00\",\"breadcrumb\":{\"@id\":\"https:\/\/permanentnimakeup.cz\/mariegadlinova\/cookies\/#breadcrumb\"},\"inLanguage\":\"cs\",\"potentialAction\":[{\"@type\":\"ReadAction\",\"target\":[\"https:\/\/permanentnimakeup.cz\/mariegadlinova\/cookies\/\"]}]},{\"@type\":\"BreadcrumbList\",\"@id\":\"https:\/\/permanentnimakeup.cz\/mariegadlinova\/cookies\/#breadcrumb\",\"itemListElement\":[{\"@type\":\"ListItem\",\"position\":1,\"name\":\"Dom\u016f\",\"item\":\"https:\/\/permanentnimakeup.cz\/mariegadlinova\/\"},{\"@type\":\"ListItem\",\"position\":2,\"name\":\"Cookies\"}]}]}<\/script>\n<!-- \/ Yoast SEO plugin. -->","yoast_head_json":{"title":"Cookies - Permanentn\u00ed make-up Marie Gadlinov\u00e1","robots":{"index":"index","follow":"follow","max-snippet":"max-snippet:-1","max-image-preview":"max-image-preview:large","max-video-preview":"max-video-preview:-1"},"canonical":"https:\/\/permanentnimakeup.cz\/mariegadlinova\/cookies\/","og_locale":"cs_CZ","og_type":"article","og_title":"Cookies - Permanentn\u00ed make-up Marie Gadlinov\u00e1","og_description":"[vc_row][vc_column][vc_column_text] [\/vc_column_text][\/vc_column][\/vc_row][vc_row][vc_column][vc_column_text] GDPR a Cookies Pou\u010den\u00ed o zpracov\u00e1n\u00ed osobn\u00edch \u00fadaj\u016f prost\u0159ednictv\u00edm cookies Marie Gadlinov\u00e1 se s\u00eddlem Blatovsk\u00e1 1362\/1, 100 00 Praha 1 &#8211; Stra\u0161nice, I\u010c: 62562860, (d\u00e1le jen \u201eSpr\u00e1vce\u201c), jako\u017eto provozovatel t\u00e9to webov\u00e9 str\u00e1nky, vyu\u017e\u00edv\u00e1 na t\u011bchto webov\u00fdch str\u00e1nk\u00e1ch soubory cookies za n\u00e1sleduj\u00edc\u00edm \u00fa\u010delem: m\u011b\u0159en\u00ed n\u00e1v\u0161t\u011bvnosti webov\u00fdch str\u00e1nek a vytv\u00e1\u0159en\u00ed statistik t\u00fdkaj\u00edc\u00edch se n\u00e1v\u0161t\u011bvnosti a [&hellip;]","og_url":"https:\/\/permanentnimakeup.cz\/mariegadlinova\/cookies\/","og_site_name":"Permanentn\u00ed make-up Marie Gadlinov\u00e1","article_modified_time":"2019-11-20T21:46:08+00:00","twitter_card":"summary_large_image","twitter_misc":{"Odhadovan\u00e1 doba \u010dten\u00ed":"7 minut"},"schema":{"@context":"https:\/\/schema.org","@graph":[{"@type":"WebSite","@id":"https:\/\/permanentnimakeup.cz\/mariegadlinova\/#website","url":"https:\/\/permanentnimakeup.cz\/mariegadlinova\/","name":"Permanentn\u00ed make-up Marie Gadlinov\u00e1","description":"Dal\u0161\u00ed nov\u00fd web v r\u00e1mci s\u00edt\u011b Permanentni make-up Clinic s\u00ed\u0165 web\u016f","potentialAction":[{"@type":"SearchAction","target":{"@type":"EntryPoint","urlTemplate":"https:\/\/permanentnimakeup.cz\/mariegadlinova\/?s={search_term_string}"},"query-input":"required name=search_term_string"}],"inLanguage":"cs"},{"@type":"WebPage","@id":"https:\/\/permanentnimakeup.cz\/mariegadlinova\/cookies\/#webpage","url":"https:\/\/permanentnimakeup.cz\/mariegadlinova\/cookies\/","name":"Cookies - Permanentn\u00ed make-up Marie Gadlinov\u00e1","isPartOf":{"@id":"https:\/\/permanentnimakeup.cz\/mariegadlinova\/#website"},"datePublished":"2019-05-31T19:44:36+00:00","dateModified":"2019-11-20T21:46:08+00:00","breadcrumb":{"@id":"https:\/\/permanentnimakeup.cz\/mariegadlinova\/cookies\/#breadcrumb"},"inLanguage":"cs","potentialAction":[{"@type":"ReadAction","target":["https:\/\/permanentnimakeup.cz\/mariegadlinova\/cookies\/"]}]},{"@type":"BreadcrumbList","@id":"https:\/\/permanentnimakeup.cz\/mariegadlinova\/cookies\/#breadcrumb","itemListElement":[{"@type":"ListItem","position":1,"name":"Dom\u016f","item":"https:\/\/permanentnimakeup.cz\/mariegadlinova\/"},{"@type":"ListItem","position":2,"name":"Cookies"}]}]}},"_links":{"self":[{"href":"https:\/\/permanentnimakeup.cz\/mariegadlinova\/wp-json\/wp\/v2\/pages\/20"}],"collection":[{"href":"https:\/\/permanentnimakeup.cz\/mariegadlinova\/wp-json\/wp\/v2\/pages"}],"about":[{"href":"https:\/\/permanentnimakeup.cz\/mariegadlinova\/wp-json\/wp\/v2\/types\/page"}],"author":[{"embeddable":true,"href":"https:\/\/permanentnimakeup.cz\/mariegadlinova\/wp-json\/wp\/v2\/users\/1"}],"replies":[{"embeddable":true,"href":"https:\/\/permanentnimakeup.cz\/mariegadlinova\/wp-json\/wp\/v2\/comments?post=20"}],"version-history":[{"count":3,"href":"https:\/\/permanentnimakeup.cz\/mariegadlinova\/wp-json\/wp\/v2\/pages\/20\/revisions"}],"predecessor-version":[{"id":246,"href":"https:\/\/permanentnimakeup.cz\/mariegadlinova\/wp-json\/wp\/v2\/pages\/20\/revisions\/246"}],"wp:attachment":[{"href":"https:\/\/permanentnimakeup.cz\/mariegadlinova\/wp-json\/wp\/v2\/media?parent=20"}],"curies":[{"name":"wp","href":"https:\/\/api.w.org\/{rel}","templated":true}]}}