{"id":12,"date":"2019-05-31T21:28:47","date_gmt":"2019-05-31T19:28:47","guid":{"rendered":"http:\/\/permanentnimakeup.cz\/mariegadlinova\/?page_id=12"},"modified":"2019-11-16T22:57:26","modified_gmt":"2019-11-16T21:57:26","slug":"aplikace-permanentniho-make-upu","status":"publish","type":"page","link":"https:\/\/permanentnimakeup.cz\/mariegadlinova\/aplikace-permanentniho-make-upu\/","title":{"rendered":"Aplikace permanentn\u00edho make-upu"},"content":{"rendered":"<p>[vc_row][vc_column][vc_column_text]<\/p>\n\n\n<h1>Aplikace permanentn\u00edho make-upu<\/h1>\n<h2>Pokyny a doporu\u010den\u00ed p\u0159ed aplikac\u00ed permanentn\u00edho make-upu<\/h2>\n<ul>\n<li>V den z\u00e1kroku nel\u00ed\u010dit a nepou\u017e\u00edvat na m\u00edsto aplikace PM \u017e\u00e1dn\u00e9 kosmetick\u00e9 p\u0159\u00edpravky.<\/li>\n<li>P\u0159ed z\u00e1krokem neb\u00fdt \u010derstv\u011b siln\u011b op\u00e1len\/a (aplikovan\u00fd pigment v poko\u017ece m\u016f\u017ee m\u011bnit barevn\u00fd odst\u00edn).<\/li>\n<li>3 dny p\u0159ed z\u00e1krokem v\u016fbec nepou\u017e\u00edvat sol\u00e1ria, samoopalovac\u00ed kr\u00e9m a neopalovat se.<\/li>\n<li>24 hodin p\u0159ed z\u00e1krokem nep\u00edt \u017e\u00e1dn\u00e9 alkoholick\u00e9 n\u00e1poje, vyvarovat se nadm\u011brn\u00e9ho pit\u00ed k\u00e1vy.<\/li>\n<li>V den z\u00e1kroku b\u00fdt odpo\u010dinut\u00fd\/\u00e1, najeden\u00fd\/\u00e1 a s dostatkem tekutin v t\u011ble.<\/li>\n<\/ul>\n<h2>Vlastn\u00ed aplikace permanentn\u00edho make-upu<\/h2>\n<h3>Samotn\u00e9mu z\u00e1kroku PM p\u0159edch\u00e1z\u00ed<\/h3>\n<ul>\n<li>Pohovor s klientem, jeho\u017e sou\u010d\u00e1st\u00ed je komplexn\u00ed informace o permanentn\u00edm make-upu, zp\u016fsobu pr\u00e1ce, sezn\u00e1men\u00ed s mo\u017en\u00fdm v\u00fdsledkem a n\u00e1vrhem \u00faprav.<\/li>\n<li>Rozhodnut\u00ed klienta, co a jak si p\u0159eje upravit.<\/li>\n<li>Zalo\u017een\u00ed karty se z\u00e1kladn\u00edmi \u00fadaji o klientovi, v\u010detn\u011b informac\u00ed o jeho zdravotn\u00edm stavu s ohledem na kontraindikace.<\/li>\n<li>Konzultace ke konkr\u00e9tn\u00edmu z\u00e1kroku, volba barvy, odst\u00ednu a tvaru. Uzav\u0159en\u00ed Dohody o proveden\u00ed kosmetick\u00fdch \u00faprav metodou PM a sezn\u00e1men\u00ed se s Pokyny pro o\u0161et\u0159en\u00ed PM.<\/li>\n<\/ul>\n<h3>Vlastn\u00ed aplikace permanentn\u00edho make-upu<\/h3>\n<ul>\n<li>Odl\u00ed\u010den\u00ed pigmentovan\u00e9ho m\u00edsta.<\/li>\n<li>Dezinfekce poko\u017eky klienta p\u0159\u00edpravkem s virucidn\u00edm \u00fa\u010dinkem.<\/li>\n<li>Nanesen\u00ed anestetika. Spr\u00e1vn\u00e9 zvolen\u00ed doby p\u016fsoben\u00ed anestetika, p\u0159ibli\u017en\u011b 20-30 min.<\/li>\n<li>Volba barvy, m\u00edch\u00e1n\u00ed pigment\u016f, p\u0159\u00edprava p\u0159\u00edstroje.<\/li>\n<li>P\u0159edmalov\u00e1n\u00ed z\u00e1kroku speci\u00e1ln\u00ed tu\u017ekou, konzultace s klientem.<\/li>\n<li>Aplikace pigmentu p\u0159\u00edstrojem do epidermis, kter\u00e1 se opakuje do t\u00e9 doby, ne\u017e vznikne po\u017eadovan\u00fd tvar.<\/li>\n<li>P\u0159i zv\u00fd\u0161en\u00e9 citlivosti b\u011bhem z\u00e1kroku pou\u017eit\u00ed kombinace dal\u0161\u00edch anestetik.<\/li>\n<li>Po ukon\u010den\u00ed aplikace o\u0161et\u0159en\u00ed pigmentovan\u00e9ho m\u00edsta.<\/li>\n<\/ul>\n\n\n<p>[\/vc_column_text][\/vc_column][\/vc_row][vc_row][vc_column][vc_empty_space height=&#8221;40px&#8221;][\/vc_column][\/vc_row]<\/p>","protected":false},"excerpt":{"rendered":"<p>[vc_row][vc_column][vc_column_text] Aplikace permanentn\u00edho make-upu Pokyny a doporu\u010den\u00ed p\u0159ed aplikac\u00ed permanentn\u00edho make-upu V den z\u00e1kroku nel\u00ed\u010dit a nepou\u017e\u00edvat na m\u00edsto aplikace PM \u017e\u00e1dn\u00e9 kosmetick\u00e9 p\u0159\u00edpravky. P\u0159ed z\u00e1krokem neb\u00fdt \u010derstv\u011b siln\u011b op\u00e1len\/a (aplikovan\u00fd pigment v poko\u017ece m\u016f\u017ee m\u011bnit barevn\u00fd odst\u00edn). 3 dny p\u0159ed z\u00e1krokem v\u016fbec nepou\u017e\u00edvat sol\u00e1ria, samoopalovac\u00ed kr\u00e9m a neopalovat se. 24 hodin p\u0159ed z\u00e1krokem nep\u00edt [&hellip;]<\/p>\n","protected":false},"author":1,"featured_media":0,"parent":0,"menu_order":0,"comment_status":"closed","ping_status":"closed","template":"","meta":[],"yoast_head":"<!-- This site is optimized with the Yoast SEO plugin v18.2 - https:\/\/yoast.com\/wordpress\/plugins\/seo\/ -->\n<title>Aplikace permanentn\u00edho make-upu - Permanentn\u00ed make-up Marie Gadlinov\u00e1<\/title>\n<meta name=\"robots\" content=\"index, follow, max-snippet:-1, max-image-preview:large, max-video-preview:-1\" \/>\n<link rel=\"canonical\" href=\"https:\/\/permanentnimakeup.cz\/mariegadlinova\/aplikace-permanentniho-make-upu\/\" \/>\n<meta property=\"og:locale\" content=\"cs_CZ\" \/>\n<meta property=\"og:type\" content=\"article\" \/>\n<meta property=\"og:title\" content=\"Aplikace permanentn\u00edho make-upu - Permanentn\u00ed make-up Marie Gadlinov\u00e1\" \/>\n<meta property=\"og:description\" content=\"[vc_row][vc_column][vc_column_text] Aplikace permanentn\u00edho make-upu Pokyny a doporu\u010den\u00ed p\u0159ed aplikac\u00ed permanentn\u00edho make-upu V den z\u00e1kroku nel\u00ed\u010dit a nepou\u017e\u00edvat na m\u00edsto aplikace PM \u017e\u00e1dn\u00e9 kosmetick\u00e9 p\u0159\u00edpravky. P\u0159ed z\u00e1krokem neb\u00fdt \u010derstv\u011b siln\u011b op\u00e1len\/a (aplikovan\u00fd pigment v poko\u017ece m\u016f\u017ee m\u011bnit barevn\u00fd odst\u00edn). 3 dny p\u0159ed z\u00e1krokem v\u016fbec nepou\u017e\u00edvat sol\u00e1ria, samoopalovac\u00ed kr\u00e9m a neopalovat se. 24 hodin p\u0159ed z\u00e1krokem nep\u00edt [&hellip;]\" \/>\n<meta property=\"og:url\" content=\"https:\/\/permanentnimakeup.cz\/mariegadlinova\/aplikace-permanentniho-make-upu\/\" \/>\n<meta property=\"og:site_name\" content=\"Permanentn\u00ed make-up Marie Gadlinov\u00e1\" \/>\n<meta property=\"article:modified_time\" content=\"2019-11-16T21:57:26+00:00\" \/>\n<meta name=\"twitter:card\" content=\"summary_large_image\" \/>\n<meta name=\"twitter:label1\" content=\"Odhadovan\u00e1 doba \u010dten\u00ed\" \/>\n\t<meta name=\"twitter:data1\" content=\"2 minuty\" \/>\n<script type=\"application\/ld+json\" class=\"yoast-schema-graph\">{\"@context\":\"https:\/\/schema.org\",\"@graph\":[{\"@type\":\"WebSite\",\"@id\":\"https:\/\/permanentnimakeup.cz\/mariegadlinova\/#website\",\"url\":\"https:\/\/permanentnimakeup.cz\/mariegadlinova\/\",\"name\":\"Permanentn\u00ed make-up Marie Gadlinov\u00e1\",\"description\":\"Dal\u0161\u00ed nov\u00fd web v r\u00e1mci s\u00edt\u011b Permanentni make-up Clinic s\u00ed\u0165 web\u016f\",\"potentialAction\":[{\"@type\":\"SearchAction\",\"target\":{\"@type\":\"EntryPoint\",\"urlTemplate\":\"https:\/\/permanentnimakeup.cz\/mariegadlinova\/?s={search_term_string}\"},\"query-input\":\"required name=search_term_string\"}],\"inLanguage\":\"cs\"},{\"@type\":\"WebPage\",\"@id\":\"https:\/\/permanentnimakeup.cz\/mariegadlinova\/aplikace-permanentniho-make-upu\/#webpage\",\"url\":\"https:\/\/permanentnimakeup.cz\/mariegadlinova\/aplikace-permanentniho-make-upu\/\",\"name\":\"Aplikace permanentn\u00edho make-upu - Permanentn\u00ed make-up Marie Gadlinov\u00e1\",\"isPartOf\":{\"@id\":\"https:\/\/permanentnimakeup.cz\/mariegadlinova\/#website\"},\"datePublished\":\"2019-05-31T19:28:47+00:00\",\"dateModified\":\"2019-11-16T21:57:26+00:00\",\"breadcrumb\":{\"@id\":\"https:\/\/permanentnimakeup.cz\/mariegadlinova\/aplikace-permanentniho-make-upu\/#breadcrumb\"},\"inLanguage\":\"cs\",\"potentialAction\":[{\"@type\":\"ReadAction\",\"target\":[\"https:\/\/permanentnimakeup.cz\/mariegadlinova\/aplikace-permanentniho-make-upu\/\"]}]},{\"@type\":\"BreadcrumbList\",\"@id\":\"https:\/\/permanentnimakeup.cz\/mariegadlinova\/aplikace-permanentniho-make-upu\/#breadcrumb\",\"itemListElement\":[{\"@type\":\"ListItem\",\"position\":1,\"name\":\"Dom\u016f\",\"item\":\"https:\/\/permanentnimakeup.cz\/mariegadlinova\/\"},{\"@type\":\"ListItem\",\"position\":2,\"name\":\"Aplikace permanentn\u00edho make-upu\"}]}]}<\/script>\n<!-- \/ Yoast SEO plugin. -->","yoast_head_json":{"title":"Aplikace permanentn\u00edho make-upu - Permanentn\u00ed make-up Marie Gadlinov\u00e1","robots":{"index":"index","follow":"follow","max-snippet":"max-snippet:-1","max-image-preview":"max-image-preview:large","max-video-preview":"max-video-preview:-1"},"canonical":"https:\/\/permanentnimakeup.cz\/mariegadlinova\/aplikace-permanentniho-make-upu\/","og_locale":"cs_CZ","og_type":"article","og_title":"Aplikace permanentn\u00edho make-upu - Permanentn\u00ed make-up Marie Gadlinov\u00e1","og_description":"[vc_row][vc_column][vc_column_text] Aplikace permanentn\u00edho make-upu Pokyny a doporu\u010den\u00ed p\u0159ed aplikac\u00ed permanentn\u00edho make-upu V den z\u00e1kroku nel\u00ed\u010dit a nepou\u017e\u00edvat na m\u00edsto aplikace PM \u017e\u00e1dn\u00e9 kosmetick\u00e9 p\u0159\u00edpravky. P\u0159ed z\u00e1krokem neb\u00fdt \u010derstv\u011b siln\u011b op\u00e1len\/a (aplikovan\u00fd pigment v poko\u017ece m\u016f\u017ee m\u011bnit barevn\u00fd odst\u00edn). 3 dny p\u0159ed z\u00e1krokem v\u016fbec nepou\u017e\u00edvat sol\u00e1ria, samoopalovac\u00ed kr\u00e9m a neopalovat se. 24 hodin p\u0159ed z\u00e1krokem nep\u00edt [&hellip;]","og_url":"https:\/\/permanentnimakeup.cz\/mariegadlinova\/aplikace-permanentniho-make-upu\/","og_site_name":"Permanentn\u00ed make-up Marie Gadlinov\u00e1","article_modified_time":"2019-11-16T21:57:26+00:00","twitter_card":"summary_large_image","twitter_misc":{"Odhadovan\u00e1 doba \u010dten\u00ed":"2 minuty"},"schema":{"@context":"https:\/\/schema.org","@graph":[{"@type":"WebSite","@id":"https:\/\/permanentnimakeup.cz\/mariegadlinova\/#website","url":"https:\/\/permanentnimakeup.cz\/mariegadlinova\/","name":"Permanentn\u00ed make-up Marie Gadlinov\u00e1","description":"Dal\u0161\u00ed nov\u00fd web v r\u00e1mci s\u00edt\u011b Permanentni make-up Clinic s\u00ed\u0165 web\u016f","potentialAction":[{"@type":"SearchAction","target":{"@type":"EntryPoint","urlTemplate":"https:\/\/permanentnimakeup.cz\/mariegadlinova\/?s={search_term_string}"},"query-input":"required name=search_term_string"}],"inLanguage":"cs"},{"@type":"WebPage","@id":"https:\/\/permanentnimakeup.cz\/mariegadlinova\/aplikace-permanentniho-make-upu\/#webpage","url":"https:\/\/permanentnimakeup.cz\/mariegadlinova\/aplikace-permanentniho-make-upu\/","name":"Aplikace permanentn\u00edho make-upu - Permanentn\u00ed make-up Marie Gadlinov\u00e1","isPartOf":{"@id":"https:\/\/permanentnimakeup.cz\/mariegadlinova\/#website"},"datePublished":"2019-05-31T19:28:47+00:00","dateModified":"2019-11-16T21:57:26+00:00","breadcrumb":{"@id":"https:\/\/permanentnimakeup.cz\/mariegadlinova\/aplikace-permanentniho-make-upu\/#breadcrumb"},"inLanguage":"cs","potentialAction":[{"@type":"ReadAction","target":["https:\/\/permanentnimakeup.cz\/mariegadlinova\/aplikace-permanentniho-make-upu\/"]}]},{"@type":"BreadcrumbList","@id":"https:\/\/permanentnimakeup.cz\/mariegadlinova\/aplikace-permanentniho-make-upu\/#breadcrumb","itemListElement":[{"@type":"ListItem","position":1,"name":"Dom\u016f","item":"https:\/\/permanentnimakeup.cz\/mariegadlinova\/"},{"@type":"ListItem","position":2,"name":"Aplikace permanentn\u00edho make-upu"}]}]}},"_links":{"self":[{"href":"https:\/\/permanentnimakeup.cz\/mariegadlinova\/wp-json\/wp\/v2\/pages\/12"}],"collection":[{"href":"https:\/\/permanentnimakeup.cz\/mariegadlinova\/wp-json\/wp\/v2\/pages"}],"about":[{"href":"https:\/\/permanentnimakeup.cz\/mariegadlinova\/wp-json\/wp\/v2\/types\/page"}],"author":[{"embeddable":true,"href":"https:\/\/permanentnimakeup.cz\/mariegadlinova\/wp-json\/wp\/v2\/users\/1"}],"replies":[{"embeddable":true,"href":"https:\/\/permanentnimakeup.cz\/mariegadlinova\/wp-json\/wp\/v2\/comments?post=12"}],"version-history":[{"count":4,"href":"https:\/\/permanentnimakeup.cz\/mariegadlinova\/wp-json\/wp\/v2\/pages\/12\/revisions"}],"predecessor-version":[{"id":219,"href":"https:\/\/permanentnimakeup.cz\/mariegadlinova\/wp-json\/wp\/v2\/pages\/12\/revisions\/219"}],"wp:attachment":[{"href":"https:\/\/permanentnimakeup.cz\/mariegadlinova\/wp-json\/wp\/v2\/media?parent=12"}],"curies":[{"name":"wp","href":"https:\/\/api.w.org\/{rel}","templated":true}]}}