{"id":5,"date":"2019-05-03T23:49:37","date_gmt":"2019-05-03T21:49:37","guid":{"rendered":"http:\/\/permanentnimakeup.cz\/alicesedmikova\/?page_id=5"},"modified":"2022-02-26T21:56:35","modified_gmt":"2022-02-26T20:56:35","slug":"domu","status":"publish","type":"page","link":"https:\/\/permanentnimakeup.cz\/alicesedmikova\/","title":{"rendered":"Dom\u016f"},"content":{"rendered":"<p>[vc_row full_width=&#8221;stretch_row&#8221; css=&#8221;.vc_custom_1460797703706{margin-top: -79px !important;margin-bottom: 0px !important;}&#8221;][vc_column el_class=&#8221;main_slider&#8221;][rev_slider_vc alias=&#8221;main_slider&#8221;][\/vc_column][\/vc_row][vc_row full_width=&#8221;stretch_row&#8221; css=&#8221;.vc_custom_1566673179087{margin-bottom: 0px !important;padding-top: 50px !important;padding-bottom: 63px !important;background-color: #ffffff !important;}&#8221;][vc_column][vc_row_inner][vc_column_inner][vc_column_text css=&#8221;.vc_custom_1590385616232{padding-bottom: 10px !important;}&#8221;]Spl\u0148ujeme v\u0161echna na\u0159\u00edzen\u00ed v souladu s usnesen\u00edm vl\u00e1dy \u010cR o p\u0159ijet\u00ed krizov\u00e9ho opat\u0159en\u00ed pro provoz kosmetick\u00fdch za\u0159\u00edzen\u00ed. Pros\u00edme, \u0159i\u010fte se pravidly pro va\u0161e bezpe\u010dn\u00e9 o\u0161et\u0159en\u00ed. D\u011bkujeme.[\/vc_column_text][\/vc_column_inner][\/vc_row_inner][vc_custom_heading type=&#8221;icon_bottom&#8221; icon=&#8221;stm-icon-flower-2&#8243; icon_size=&#8221;15&#8243; text=&#8221;Na\u0161e slu\u017eby&#8221; font_container=&#8221;tag:h2|text_align:center|color:%230a2045|line_height:42px&#8221; google_fonts=&#8221;font_family:Playfair%20Display%3Aregular%2Citalic%2C700%2C700italic%2C900%2C900italic|font_style:400%20regular%3A400%3Anormal&#8221; css=&#8221;.vc_custom_1555616337523{margin-bottom: 37px !important;}&#8221;][vc_row_inner css=&#8221;.vc_custom_1437115868804{margin-bottom: 0px !important;}&#8221;][vc_column_inner width=&#8221;1\/4&#8243;][stm_icon_box icon=&#8221;fa fa-star&#8221; icon_size=&#8221;50&#8243; title=&#8221;Mikropigmentace obo\u010d\u00ed&#8221; css=&#8221;.vc_custom_1566727145623{margin-bottom: 54px !important;}&#8221; link=&#8221;url:http%3A%2F%2Fpermanentnimakeup.cz%2Falicesedmikova%2Fmikropigmentace-oboci%2F|title:Mikropigmentace%20obo%C4%8D%C3%AD||&#8221;]Uprav\u00edme tvar, hustotu \u010di \u0161\u00ed\u0159ku Va\u0161eho obo\u010d\u00ed, dopln\u00edme chyb\u011bj\u00edc\u00ed chloupky \u010di cel\u00e1 m\u00edsta.[\/stm_icon_box][\/vc_column_inner][vc_column_inner width=&#8221;1\/4&#8243; css=&#8221;.vc_custom_1437115881588{margin-bottom: 54px !important;}&#8221;][stm_icon_box icon=&#8221;fa fa-star&#8221; icon_size=&#8221;50&#8243; title=&#8221;Mikroblading obo\u010d\u00ed&#8221; link=&#8221;url:http%3A%2F%2Fpermanentnimakeup.cz%2Falicesedmikova%2Fmikroblading-oboci%2F|title:Mikroblading%20obo%C4%8D%C3%AD||&#8221;]Provedeme V\u00e1m nejp\u0159irozen\u011bj\u0161\u00ed metodu vl\u00e1skovan\u00e9ho obo\u010d\u00ed metodou Phibrows, pod z\u00e1\u0161titou nejlep\u0161\u00ed akademie mikrobladingu PhiAcademy.[\/stm_icon_box][\/vc_column_inner][vc_column_inner width=&#8221;1\/4&#8243;][stm_icon_box icon=&#8221;fa fa-star&#8221; icon_size=&#8221;50&#8243; title=&#8221;Mikropigmentace rt\u016f&#8221; css=&#8221;.vc_custom_1569182755562{margin-bottom: 54px !important;}&#8221; link=&#8221;|||&#8221;]Dod\u00e1me Va\u0161im rt\u016fm objem a sv\u016fdn\u00fd vzhled i bez nutnosti pravideln\u00e9ho l\u00ed\u010den\u00ed.[\/stm_icon_box][\/vc_column_inner][vc_column_inner width=&#8221;1\/4&#8243;][stm_icon_box icon=&#8221;fa fa-star&#8221; icon_size=&#8221;50&#8243; title=&#8221;Mikropigmentace o\u010dn\u00edch v\u00ed\u010dek&#8221; css=&#8221;.vc_custom_1569182818840{margin-bottom: 54px !important;}&#8221; link=&#8221;|||&#8221;]Zd\u016frazn\u00edme a podtrhneme kr\u00e1su Va\u0161ich o\u010d\u00ed, z\u00e1rove\u0148 zv\u00fdrazn\u00edme opticky i linii \u0159as.[\/stm_icon_box][\/vc_column_inner][\/vc_row_inner][\/vc_column][vc_column][\/vc_column][\/vc_row][vc_row full_width=&#8221;stretch_row_content_no_spaces&#8221; css=&#8221;.vc_custom_1555619821498{margin-bottom: 55px !important;padding-top: 55px !important;padding-right: 0px !important;padding-bottom: 30px !important;padding-left: 0px !important;background-color: #c41d54 !important;background-position: center !important;background-repeat: no-repeat !important;background-size: contain !important;}&#8221; bg_size=&#8221;1900px 600px&#8221; el_class=&#8221;colored_1&#8243;][vc_column][vc_custom_heading type=&#8221;icon_bottom&#8221; icon=&#8221;stm-icon-flower-2&#8243; icon_size=&#8221;15&#8243; text=&#8221;Co \u0159\u00edkaj\u00ed na\u0161i z\u00e1kazn\u00edc\u00ed&#8221; font_container=&#8221;tag:h2|text_align:center|color:%23ffffff&#8221; google_fonts=&#8221;font_family:Playfair%20Display%3Aregular%2Citalic%2C700%2C700italic%2C900%2C900italic|font_style:400%20regular%3A400%3Anormal&#8221; icon_color=&#8221;#ffffff&#8221; css=&#8221;.vc_custom_1555617206538{margin-bottom: 42px !important;}&#8221;][stm_testimonials count=&#8221;5&#8243;][\/vc_column][\/vc_row][vc_row full_width=&#8221;stretch_row&#8221; css=&#8221;.vc_custom_1435576224471{margin-bottom: 70px !important;}&#8221;][vc_column][vc_custom_heading type=&#8221;icon_bottom&#8221; icon=&#8221;stm-icon-flower-2&#8243; icon_size=&#8221;15&#8243; text=&#8221;Cen\u00edk slu\u017eeb&#8221; font_container=&#8221;tag:h2|text_align:center|color:%230a2045|line_height:42px&#8221; google_fonts=&#8221;font_family:Playfair%20Display%3Aregular%2Citalic%2C700%2C700italic%2C900%2C900italic|font_style:400%20regular%3A400%3Anormal&#8221; css=&#8221;.vc_custom_1555618116199{margin-bottom: 25px !important;}&#8221;][stm_services_tabs][vc_empty_space][vc_column_text]<\/p>\n<ul>\n<li>Pro zru\u0161en\u00ed term\u00ednu n\u00e1s, pros\u00edm, kontaktujte nejpozd\u011bji 24 hod. p\u0159edem. Pokud term\u00edn nebude zru\u0161en\u00fd v\u010das, bude V\u00e1m p\u0159i dal\u0161\u00edm objedn\u00e1n\u00ed \u00fa\u010dtov\u00e1n storno poplatek ve v\u00fd\u0161i 20% z neomluven\u00e9 procedury.<\/li>\n<\/ul>\n<p>[\/vc_column_text][\/vc_column][\/vc_row][vc_row full_width=&#8221;stretch_row&#8221; el_class=&#8221;inner_call_2_action colored_1&#8243; css=&#8221;.vc_custom_1555616242272{padding-top: 18px !important;padding-bottom: 18px !important;}&#8221;][vc_column][vc_custom_heading text=&#8221;D\u016fv\u011b\u0159ujte na\u0161im zku\u0161enostem&#8221; font_container=&#8221;tag:h2|text_align:center|color:%23ffffff|line_height:37px&#8221; google_fonts=&#8221;font_family:Playfair%20Display%3Aregular%2Citalic%2C700%2C700italic%2C900%2C900italic|font_style:400%20italic%3A400%3Aitalic&#8221;][\/vc_column][\/vc_row]<\/p>\n","protected":false},"excerpt":{"rendered":"<p>[vc_row full_width=&#8221;stretch_row&#8221; css=&#8221;.vc_custom_1460797703706{margin-top: -79px !important;margin-bottom: 0px !important;}&#8221;][vc_column el_class=&#8221;main_slider&#8221;][rev_slider_vc alias=&#8221;main_slider&#8221;][\/vc_column][\/vc_row][vc_row full_width=&#8221;stretch_row&#8221; css=&#8221;.vc_custom_1566673179087{margin-bottom: 0px !important;padding-top: 50px !important;padding-bottom: 63px !important;background-color: #ffffff !important;}&#8221;][vc_column][vc_row_inner][vc_column_inner][vc_column_text css=&#8221;.vc_custom_1590385616232{padding-bottom: 10px !important;}&#8221;]Spl\u0148ujeme v\u0161echna na\u0159\u00edzen\u00ed v souladu s usnesen\u00edm vl\u00e1dy \u010cR o p\u0159ijet\u00ed krizov\u00e9ho opat\u0159en\u00ed pro provoz kosmetick\u00fdch za\u0159\u00edzen\u00ed. Pros\u00edme, \u0159i\u010fte se pravidly pro va\u0161e bezpe\u010dn\u00e9 o\u0161et\u0159en\u00ed. D\u011bkujeme.[\/vc_column_text][\/vc_column_inner][\/vc_row_inner][vc_custom_heading type=&#8221;icon_bottom&#8221; icon=&#8221;stm-icon-flower-2&#8243; icon_size=&#8221;15&#8243; text=&#8221;Na\u0161e slu\u017eby&#8221; font_container=&#8221;tag:h2|text_align:center|color:%230a2045|line_height:42px&#8221; google_fonts=&#8221;font_family:Playfair%20Display%3Aregular%2Citalic%2C700%2C700italic%2C900%2C900italic|font_style:400%20regular%3A400%3Anormal&#8221; css=&#8221;.vc_custom_1555616337523{margin-bottom: [&hellip;]<\/p>\n","protected":false},"author":1,"featured_media":0,"parent":0,"menu_order":0,"comment_status":"closed","ping_status":"closed","template":"","meta":[],"yoast_head":"<!-- This site is optimized with the Yoast SEO plugin v18.2 - https:\/\/yoast.com\/wordpress\/plugins\/seo\/ -->\n<title>Permanentn\u00ed make-up Alice Sedm\u00edkov\u00e1<\/title>\n<meta name=\"description\" content=\"Prov\u00e1d\u00edme komplexn\u00ed styling, korekce po \u00farazech nebo vrozen\u00fdch posti\u017een\u00edch a tak\u00e9 se specializujeme na z\u00e1sadn\u00ed kosmetick\u00e9 rekonstrukce.\" \/>\n<meta name=\"robots\" content=\"index, follow, max-snippet:-1, max-image-preview:large, max-video-preview:-1\" \/>\n<link rel=\"canonical\" href=\"https:\/\/permanentnimakeup.cz\/alicesedmikova\/\" \/>\n<meta property=\"og:locale\" content=\"cs_CZ\" \/>\n<meta property=\"og:type\" content=\"article\" \/>\n<meta property=\"og:title\" content=\"Permanentn\u00ed make-up Alice Sedm\u00edkov\u00e1\" \/>\n<meta property=\"og:description\" content=\"Prov\u00e1d\u00edme komplexn\u00ed styling, korekce po \u00farazech nebo vrozen\u00fdch posti\u017een\u00edch a tak\u00e9 se specializujeme na z\u00e1sadn\u00ed kosmetick\u00e9 rekonstrukce.\" \/>\n<meta property=\"og:url\" content=\"https:\/\/permanentnimakeup.cz\/alicesedmikova\/\" \/>\n<meta property=\"og:site_name\" content=\"Permanentn\u00ed make-up Alice Sedm\u00edkov\u00e1\" \/>\n<meta property=\"article:modified_time\" content=\"2022-02-26T20:56:35+00:00\" \/>\n<meta name=\"twitter:card\" content=\"summary_large_image\" \/>\n<meta name=\"twitter:label1\" content=\"Odhadovan\u00e1 doba \u010dten\u00ed\" \/>\n\t<meta name=\"twitter:data1\" content=\"4 minuty\" \/>\n<script type=\"application\/ld+json\" class=\"yoast-schema-graph\">{\"@context\":\"https:\/\/schema.org\",\"@graph\":[{\"@type\":\"WebSite\",\"@id\":\"https:\/\/permanentnimakeup.cz\/alicesedmikova\/#website\",\"url\":\"https:\/\/permanentnimakeup.cz\/alicesedmikova\/\",\"name\":\"Permanentn\u00ed make-up Alice Sedm\u00edkov\u00e1\",\"description\":\"Permanentni make-up Clinic\",\"potentialAction\":[{\"@type\":\"SearchAction\",\"target\":{\"@type\":\"EntryPoint\",\"urlTemplate\":\"https:\/\/permanentnimakeup.cz\/alicesedmikova\/?s={search_term_string}\"},\"query-input\":\"required name=search_term_string\"}],\"inLanguage\":\"cs\"},{\"@type\":\"WebPage\",\"@id\":\"https:\/\/permanentnimakeup.cz\/alicesedmikova\/#webpage\",\"url\":\"https:\/\/permanentnimakeup.cz\/alicesedmikova\/\",\"name\":\"Permanentn\u00ed make-up Alice Sedm\u00edkov\u00e1\",\"isPartOf\":{\"@id\":\"https:\/\/permanentnimakeup.cz\/alicesedmikova\/#website\"},\"datePublished\":\"2019-05-03T21:49:37+00:00\",\"dateModified\":\"2022-02-26T20:56:35+00:00\",\"description\":\"Prov\u00e1d\u00edme komplexn\u00ed styling, korekce po \u00farazech nebo vrozen\u00fdch posti\u017een\u00edch a tak\u00e9 se specializujeme na z\u00e1sadn\u00ed kosmetick\u00e9 rekonstrukce.\",\"breadcrumb\":{\"@id\":\"https:\/\/permanentnimakeup.cz\/alicesedmikova\/#breadcrumb\"},\"inLanguage\":\"cs\",\"potentialAction\":[{\"@type\":\"ReadAction\",\"target\":[\"https:\/\/permanentnimakeup.cz\/alicesedmikova\/\"]}]},{\"@type\":\"BreadcrumbList\",\"@id\":\"https:\/\/permanentnimakeup.cz\/alicesedmikova\/#breadcrumb\",\"itemListElement\":[{\"@type\":\"ListItem\",\"position\":1,\"name\":\"Dom\u016f\",\"item\":\"https:\/\/permanentnimakeup.cz\/alicesedmikova\/\"},{\"@type\":\"ListItem\",\"position\":2,\"name\":\"Dom\u016f\"}]}]}<\/script>\n<!-- \/ Yoast SEO plugin. -->","yoast_head_json":{"title":"Permanentn\u00ed make-up Alice Sedm\u00edkov\u00e1","description":"Prov\u00e1d\u00edme komplexn\u00ed styling, korekce po \u00farazech nebo vrozen\u00fdch posti\u017een\u00edch a tak\u00e9 se specializujeme na z\u00e1sadn\u00ed kosmetick\u00e9 rekonstrukce.","robots":{"index":"index","follow":"follow","max-snippet":"max-snippet:-1","max-image-preview":"max-image-preview:large","max-video-preview":"max-video-preview:-1"},"canonical":"https:\/\/permanentnimakeup.cz\/alicesedmikova\/","og_locale":"cs_CZ","og_type":"article","og_title":"Permanentn\u00ed make-up Alice Sedm\u00edkov\u00e1","og_description":"Prov\u00e1d\u00edme komplexn\u00ed styling, korekce po \u00farazech nebo vrozen\u00fdch posti\u017een\u00edch a tak\u00e9 se specializujeme na z\u00e1sadn\u00ed kosmetick\u00e9 rekonstrukce.","og_url":"https:\/\/permanentnimakeup.cz\/alicesedmikova\/","og_site_name":"Permanentn\u00ed make-up Alice Sedm\u00edkov\u00e1","article_modified_time":"2022-02-26T20:56:35+00:00","twitter_card":"summary_large_image","twitter_misc":{"Odhadovan\u00e1 doba \u010dten\u00ed":"4 minuty"},"schema":{"@context":"https:\/\/schema.org","@graph":[{"@type":"WebSite","@id":"https:\/\/permanentnimakeup.cz\/alicesedmikova\/#website","url":"https:\/\/permanentnimakeup.cz\/alicesedmikova\/","name":"Permanentn\u00ed make-up Alice Sedm\u00edkov\u00e1","description":"Permanentni make-up Clinic","potentialAction":[{"@type":"SearchAction","target":{"@type":"EntryPoint","urlTemplate":"https:\/\/permanentnimakeup.cz\/alicesedmikova\/?s={search_term_string}"},"query-input":"required name=search_term_string"}],"inLanguage":"cs"},{"@type":"WebPage","@id":"https:\/\/permanentnimakeup.cz\/alicesedmikova\/#webpage","url":"https:\/\/permanentnimakeup.cz\/alicesedmikova\/","name":"Permanentn\u00ed make-up Alice Sedm\u00edkov\u00e1","isPartOf":{"@id":"https:\/\/permanentnimakeup.cz\/alicesedmikova\/#website"},"datePublished":"2019-05-03T21:49:37+00:00","dateModified":"2022-02-26T20:56:35+00:00","description":"Prov\u00e1d\u00edme komplexn\u00ed styling, korekce po \u00farazech nebo vrozen\u00fdch posti\u017een\u00edch a tak\u00e9 se specializujeme na z\u00e1sadn\u00ed kosmetick\u00e9 rekonstrukce.","breadcrumb":{"@id":"https:\/\/permanentnimakeup.cz\/alicesedmikova\/#breadcrumb"},"inLanguage":"cs","potentialAction":[{"@type":"ReadAction","target":["https:\/\/permanentnimakeup.cz\/alicesedmikova\/"]}]},{"@type":"BreadcrumbList","@id":"https:\/\/permanentnimakeup.cz\/alicesedmikova\/#breadcrumb","itemListElement":[{"@type":"ListItem","position":1,"name":"Dom\u016f","item":"https:\/\/permanentnimakeup.cz\/alicesedmikova\/"},{"@type":"ListItem","position":2,"name":"Dom\u016f"}]}]}},"_links":{"self":[{"href":"https:\/\/permanentnimakeup.cz\/alicesedmikova\/wp-json\/wp\/v2\/pages\/5"}],"collection":[{"href":"https:\/\/permanentnimakeup.cz\/alicesedmikova\/wp-json\/wp\/v2\/pages"}],"about":[{"href":"https:\/\/permanentnimakeup.cz\/alicesedmikova\/wp-json\/wp\/v2\/types\/page"}],"author":[{"embeddable":true,"href":"https:\/\/permanentnimakeup.cz\/alicesedmikova\/wp-json\/wp\/v2\/users\/1"}],"replies":[{"embeddable":true,"href":"https:\/\/permanentnimakeup.cz\/alicesedmikova\/wp-json\/wp\/v2\/comments?post=5"}],"version-history":[{"count":21,"href":"https:\/\/permanentnimakeup.cz\/alicesedmikova\/wp-json\/wp\/v2\/pages\/5\/revisions"}],"predecessor-version":[{"id":316,"href":"https:\/\/permanentnimakeup.cz\/alicesedmikova\/wp-json\/wp\/v2\/pages\/5\/revisions\/316"}],"wp:attachment":[{"href":"https:\/\/permanentnimakeup.cz\/alicesedmikova\/wp-json\/wp\/v2\/media?parent=5"}],"curies":[{"name":"wp","href":"https:\/\/api.w.org\/{rel}","templated":true}]}}