{"id":48,"date":"2019-05-04T19:23:12","date_gmt":"2019-05-04T17:23:12","guid":{"rendered":"http:\/\/permanentnimakeup.cz\/alicesedmikova\/?page_id=48"},"modified":"2019-11-16T23:19:02","modified_gmt":"2019-11-16T22:19:02","slug":"zakladni-informace-a-trvanlivost-permanentniho-make-upu","status":"publish","type":"page","link":"https:\/\/permanentnimakeup.cz\/alicesedmikova\/zakladni-informace-a-trvanlivost-permanentniho-make-upu\/","title":{"rendered":"Z\u00e1kladn\u00ed informace a trvanlivost mikropigmentace \/ permanentn\u00edho make-upu"},"content":{"rendered":"[vc_row][vc_column][vc_column_text]<p><\/p>\n<h1>Z\u00e1kladn\u00ed informace a trvanlivost permanentn\u00edho make-upu<\/h1>\n<p>Mikropigmentace \/ Permanentn\u00ed make-up, d\u00e1le jen PM, je ozna\u010den\u00ed speci\u00e1ln\u00ed kosmetick\u00e9 metody l\u00ed\u010den\u00ed, p\u0159i kter\u00e9 se implantuj\u00ed organick\u00e1 nebo anorganick\u00e1 barviva do vrchn\u00ed vrstvy poko\u017eky \u2013 epidermu, speci\u00e1ln\u00edm p\u0159\u00edstrojem \u010di \u010depelkou (mikroblading).<\/p>\n<p>P\u0159ev\u00e1\u017en\u011b se tato metoda pou\u017e\u00edv\u00e1 pro \u00fapravu obo\u010d\u00ed, o\u010dn\u00edch linek a kontur rt\u016f, d\u00e1le pak pro korekci vzhledov\u00fdch vad. Permanentn\u00ed make-up klade velk\u00fd d\u016fraz na p\u0159irozen\u00fd vzhled, nenahrazuje l\u00ed\u010den\u00ed, n\u00fdbr\u017e je jeho podkladem. Tato technika vych\u00e1z\u00ed z modifikace star\u00e9ho tetovac\u00edho um\u011bn\u00ed, p\u0159i\u010dem\u017e z\u00e1kladn\u00ed rozd\u00edl spo\u010d\u00edv\u00e1 v hloubce implantace pigmentu. P\u0159i klasick\u00e9m tetov\u00e1n\u00ed se pou\u017e\u00edvaj\u00ed \u201ct\u011b\u017ek\u00e9 barvy\u201d s v\u011bt\u0161\u00edm po\u010dtem p\u0159\u00edm\u011bs\u00ed kov\u016f, kter\u00e9 se vpravuj\u00ed do hlub\u0161\u00ed vrstvy poko\u017eky a nejsou likvidov\u00e1ny obran\u00fdm syst\u00e9mem (fagocyty, lymfatick\u00fd syst\u00e9m). P\u0159\u00edpadn\u00e9 odstran\u011bn\u00ed klasick\u00e9ho tetov\u00e1n\u00ed je n\u00e1ro\u010dn\u00e9 a z\u016fst\u00e1vaj\u00ed po n\u011bm trval\u00e9 n\u00e1sledky v podob\u011b jizev. P\u0159i PM se pigment implantuje pouze do vrchn\u00ed vrstvy poko\u017eky epidermis a pou\u017e\u00edvaj\u00ed se pouze \u201clehk\u00e1 barviva\u201d mikropigmenty (p\u0159ev\u00e1\u017en\u011b na p\u0159\u00edrodn\u00ed b\u00e1zi), kter\u00e1 se postupn\u011b p\u0159irozen\u00fdm zp\u016fsobem v kombinaci s UV z\u00e1\u0159en\u00edm odbour\u00e1vaj\u00ed.<\/p>\n<p><strong>Trvanlivost PM je velice individu\u00e1ln\u00ed.<\/strong> Uv\u00e1d\u00ed se rozmez\u00ed od 1 do 3 let. Po uplynut\u00ed cca jednoho roku permanentn\u00ed make-up za\u010d\u00edn\u00e1 postupn\u011b ztr\u00e1cet svou sytost, ale tvar je st\u00e1le z\u0159eteln\u00fd a viditeln\u00fd. Postupem \u010dasu pigment z poko\u017eky \u00fapln\u011b vymiz\u00ed. Z\u00e1vis\u00ed to na typu a st\u00e1\u0159\u00ed poko\u017eky, vnit\u0159n\u00edm a metabolick\u00e9m prost\u0159ed\u00ed jedince i na vn\u011bj\u0161\u00edch okolnostech (nadm\u011brn\u00e9 slune\u010dn\u00ed z\u00e1\u0159en\u00ed, pou\u017e\u00edv\u00e1n\u00ed b\u011bl\u00edc\u00edch p\u0159\u00edpravk\u016f na obli\u010deji, r\u016fzn\u00e1 omlazuj\u00edc\u00ed o\u0161et\u0159en\u00ed v korektivn\u00ed dermatologii, pou\u017e\u00edv\u00e1n\u00ed laser\u016f, aplikace Botoxu, aplikace v\u00fdpl\u0148ov\u00fdch materi\u00e1l\u016f, detoxika\u010dn\u00ed k\u016fry atd.).<\/p>\n<blockquote>\n<p>Pro prodlou\u017een\u00ed trvanlivosti permanentn\u00edho make-upu je d\u016frazn\u011b doporu\u010deno pou\u017e\u00edvat p\u0159i slune\u010dn\u00edm z\u00e1\u0159en\u00ed (v\u010detn\u011b sol\u00e1ri\u00ed) na pigmentovan\u00e1 m\u00edsta v\u017edy ochrann\u00fd kr\u00e9m s SPF 50.<\/p>\n<\/blockquote>\n<p>Aplikace permanentn\u00edho make-upu nen\u00ed jednor\u00e1zov\u00fd \u00fakon, p\u0159esto\u017ee to n\u011bkter\u00e9 kosmetick\u00e9 salony nab\u00edzej\u00ed. V z\u00e1jmu dosa\u017een\u00ed t\u011bch nejlep\u0161\u00edch v\u00fdsledk\u016f se ka\u017ed\u00fd z\u00e1krok prov\u00e1d\u00ed na dv\u011b sezen\u00ed. Aplikace spo\u010d\u00edv\u00e1 v \u00favodn\u00edm z\u00e1kroku a n\u00e1sledn\u00e9 korekci, zhruba po 4 t\u00fddnech po \u00favodn\u00ed procedu\u0159e. Doba m\u016f\u017ee b\u00fdt i del\u0161\u00ed, ale ne krat\u0161\u00ed, z d\u016fvodu pot\u0159eby dokonal\u00e9ho zhojen\u00ed poko\u017eky a optim\u00e1ln\u00edho usazen\u00ed pigmentu v m\u00edst\u011b aplikace. S ohledem na technologii proveden\u00ed z\u00e1kroku, jeho \u0159\u00e1dn\u00e9 zhojen\u00ed a dosa\u017een\u00ed optim\u00e1ln\u00edho v\u00fdsledku, je dobr\u00e9 prov\u00e9st I., p\u0159\u00edpadn\u011b II. korekci nejpozd\u011bji do 6 m\u011bs\u00edc\u016f od \u00favodn\u00edho z\u00e1kroku. V\u00fdhodou tohoto postupu je, \u017ee v dob\u011b hojen\u00ed po prvn\u00edm z\u00e1kroku se zjist\u00ed, jak poko\u017eka reaguje na dan\u00fd aplikovan\u00fd pigment. Na z\u00e1klad\u011b toho je mo\u017en\u00e9 d\u00e1le pozm\u011bnit odst\u00edn pigmentu, v\u00fdsledek lehce korigovat, \u010di dola\u010fovat tvar dle p\u0159\u00e1n\u00ed klientky. <strong>Korekce neslou\u017e\u00ed k tomu, aby byl z\u00e1krok po ka\u017ed\u00e9m sezen\u00ed ztmavov\u00e1n, ale aby byl pigment v poko\u017ece rovnom\u011brn\u011b rozlo\u017een a t\u00edm se zaru\u010dila jeho sytost a schopnost vydr\u017eet n\u011bkolik let.<\/strong><\/p>\n<blockquote>\n<p>Jednor\u00e1zov\u00fd z\u00e1krok nen\u00ed metodou sm\u011b\u0159uj\u00edc\u00ed k dokonale proveden\u00e9mu v\u00fdsledku, ani nen\u00ed cenov\u011b v\u00fdhodn\u011bj\u0161\u00ed.<\/p>\n<\/blockquote>\n<p>Implantovan\u00e9 pigmenty jsou pro organismus ciz\u00ed l\u00e1tkou. P\u016fsoben\u00edm obrann\u00fdch syst\u00e9m\u016f, se organismus sna\u017e\u00ed pigment postupn\u011b vylou\u010dit z poko\u017eky. Proto nikdy po prvn\u00ed aplikaci nem\u016f\u017ee doj\u00edt k rovnom\u011brn\u00e9mu ulo\u017een\u00ed pigmentu v poko\u017ece a k zaji\u0161t\u011bn\u00ed jeho trvanlivosti! V\u017edy by m\u011bly b\u00fdt pou\u017eity pigmenty ur\u010den\u00e9 v\u00fdhradn\u011b k permanentn\u00edmu make-upu, a ne ur\u010den\u00e9 k aplikaci klasick\u00e9ho tetov\u00e1n\u00ed. Tyto pigmenty se z k\u016f\u017ee neodbour\u00e1vaj\u00ed a v obli\u010deji maj\u00ed tendenci tzv. migrovat (mo\u017en\u00e9 \u201erozpit\u00ed\u201c pigmentu do m\u00edst, kde to nen\u00ed \u017e\u00e1douc\u00ed). Takov\u00fd pigment vypad\u00e1 barevn\u011b velmi nep\u0159irozen\u011b, nebo\u0165 se poko\u017ece nep\u0159izp\u016fsob\u00ed a nelze jej v pr\u016fb\u011bhu \u010dasu upravovat. Jak\u00fd byl p\u016fvodn\u011b aplikov\u00e1n tvar, takov\u00fd ji\u017e z\u016fstane do Va\u0161ich budouc\u00edch let. To je ne\u017e\u00e1douc\u00ed, nebo\u0165 v\u011bkem pot\u0159ebujeme obli\u010dej a jeho rysy lehce korigovat. N\u00e1\u0161 salon nav\u0161t\u011bvuje \u0159ada klientek, kter\u00e9 se setkaly s t\u00edmto probl\u00e9mem. N\u00e1sledn\u00e1 snaha o n\u00e1pravu nen\u00ed ji\u017e nikdy 100 %. Je zdlouhav\u00e1 a i finan\u010dn\u011b n\u00e1ro\u010dn\u00e1.<\/p>\n<p><strong>Bolestivost PM je velice individu\u00e1ln\u00ed,<\/strong> nebo\u0165 ka\u017ed\u00fd klient m\u00e1 jinou toleranci v\u016f\u010di bolesti. Bolestivost z\u00e1krok\u016f je v\u0161ak minim\u00e1ln\u00ed, nebo\u0165 se pou\u017e\u00edvaj\u00ed nejkvalitn\u011bj\u0161\u00ed mo\u017en\u00e1 dostupn\u00e1 anestetika na trhu. Pou\u017e\u00edv\u00e1 se n\u011bkolik druh\u016f anestetik, kter\u00e1 jsou b\u011bhem z\u00e1krok\u016f r\u016fzn\u011b kombinov\u00e1na tak, aby klient z\u00e1krok vn\u00edmal co nejm\u00e9n\u011b bolestiv\u011b.<\/p>\n<p><\/p>[\/vc_column_text][\/vc_column][\/vc_row][vc_row][vc_column][vc_empty_space][\/vc_column][\/vc_row]","protected":false},"excerpt":{"rendered":"<p>[vc_row][vc_column][vc_column_text] Z\u00e1kladn\u00ed informace a trvanlivost permanentn\u00edho make-upu Mikropigmentace \/ Permanentn\u00ed make-up, d\u00e1le jen PM, je ozna\u010den\u00ed speci\u00e1ln\u00ed kosmetick\u00e9 metody l\u00ed\u010den\u00ed, p\u0159i kter\u00e9 se implantuj\u00ed organick\u00e1 nebo anorganick\u00e1 barviva do vrchn\u00ed vrstvy poko\u017eky \u2013 epidermu, speci\u00e1ln\u00edm p\u0159\u00edstrojem \u010di \u010depelkou (mikroblading). P\u0159ev\u00e1\u017en\u011b se tato metoda pou\u017e\u00edv\u00e1 pro \u00fapravu obo\u010d\u00ed, o\u010dn\u00edch linek a kontur rt\u016f, d\u00e1le pak pro [&hellip;]<\/p>\n","protected":false},"author":1,"featured_media":0,"parent":0,"menu_order":0,"comment_status":"closed","ping_status":"closed","template":"","meta":[],"yoast_head":"<!-- This site is optimized with the Yoast SEO plugin v18.2 - https:\/\/yoast.com\/wordpress\/plugins\/seo\/ -->\n<title>Z\u00e1kladn\u00ed informace a trvanlivost mikropigmentace \/ permanentn\u00edho make-upu - Permanentn\u00ed make-up Alice Sedm\u00edkov\u00e1<\/title>\n<meta name=\"robots\" content=\"index, follow, max-snippet:-1, max-image-preview:large, max-video-preview:-1\" \/>\n<link rel=\"canonical\" href=\"https:\/\/permanentnimakeup.cz\/alicesedmikova\/zakladni-informace-a-trvanlivost-permanentniho-make-upu\/\" \/>\n<meta property=\"og:locale\" content=\"cs_CZ\" \/>\n<meta property=\"og:type\" content=\"article\" \/>\n<meta property=\"og:title\" content=\"Z\u00e1kladn\u00ed informace a trvanlivost mikropigmentace \/ permanentn\u00edho make-upu - Permanentn\u00ed make-up Alice Sedm\u00edkov\u00e1\" \/>\n<meta property=\"og:description\" content=\"[vc_row][vc_column][vc_column_text] Z\u00e1kladn\u00ed informace a trvanlivost permanentn\u00edho make-upu Mikropigmentace \/ Permanentn\u00ed make-up, d\u00e1le jen PM, je ozna\u010den\u00ed speci\u00e1ln\u00ed kosmetick\u00e9 metody l\u00ed\u010den\u00ed, p\u0159i kter\u00e9 se implantuj\u00ed organick\u00e1 nebo anorganick\u00e1 barviva do vrchn\u00ed vrstvy poko\u017eky \u2013 epidermu, speci\u00e1ln\u00edm p\u0159\u00edstrojem \u010di \u010depelkou (mikroblading). P\u0159ev\u00e1\u017en\u011b se tato metoda pou\u017e\u00edv\u00e1 pro \u00fapravu obo\u010d\u00ed, o\u010dn\u00edch linek a kontur rt\u016f, d\u00e1le pak pro [&hellip;]\" \/>\n<meta property=\"og:url\" content=\"https:\/\/permanentnimakeup.cz\/alicesedmikova\/zakladni-informace-a-trvanlivost-permanentniho-make-upu\/\" \/>\n<meta property=\"og:site_name\" content=\"Permanentn\u00ed make-up Alice Sedm\u00edkov\u00e1\" \/>\n<meta property=\"article:modified_time\" content=\"2019-11-16T22:19:02+00:00\" \/>\n<meta name=\"twitter:card\" content=\"summary_large_image\" \/>\n<meta name=\"twitter:label1\" content=\"Odhadovan\u00e1 doba \u010dten\u00ed\" \/>\n\t<meta name=\"twitter:data1\" content=\"5 minut\" \/>\n<script type=\"application\/ld+json\" class=\"yoast-schema-graph\">{\"@context\":\"https:\/\/schema.org\",\"@graph\":[{\"@type\":\"WebSite\",\"@id\":\"https:\/\/permanentnimakeup.cz\/alicesedmikova\/#website\",\"url\":\"https:\/\/permanentnimakeup.cz\/alicesedmikova\/\",\"name\":\"Permanentn\u00ed make-up Alice Sedm\u00edkov\u00e1\",\"description\":\"Permanentni make-up Clinic\",\"potentialAction\":[{\"@type\":\"SearchAction\",\"target\":{\"@type\":\"EntryPoint\",\"urlTemplate\":\"https:\/\/permanentnimakeup.cz\/alicesedmikova\/?s={search_term_string}\"},\"query-input\":\"required name=search_term_string\"}],\"inLanguage\":\"cs\"},{\"@type\":\"WebPage\",\"@id\":\"https:\/\/permanentnimakeup.cz\/alicesedmikova\/zakladni-informace-a-trvanlivost-permanentniho-make-upu\/#webpage\",\"url\":\"https:\/\/permanentnimakeup.cz\/alicesedmikova\/zakladni-informace-a-trvanlivost-permanentniho-make-upu\/\",\"name\":\"Z\u00e1kladn\u00ed informace a trvanlivost mikropigmentace \/ permanentn\u00edho make-upu - Permanentn\u00ed make-up Alice Sedm\u00edkov\u00e1\",\"isPartOf\":{\"@id\":\"https:\/\/permanentnimakeup.cz\/alicesedmikova\/#website\"},\"datePublished\":\"2019-05-04T17:23:12+00:00\",\"dateModified\":\"2019-11-16T22:19:02+00:00\",\"breadcrumb\":{\"@id\":\"https:\/\/permanentnimakeup.cz\/alicesedmikova\/zakladni-informace-a-trvanlivost-permanentniho-make-upu\/#breadcrumb\"},\"inLanguage\":\"cs\",\"potentialAction\":[{\"@type\":\"ReadAction\",\"target\":[\"https:\/\/permanentnimakeup.cz\/alicesedmikova\/zakladni-informace-a-trvanlivost-permanentniho-make-upu\/\"]}]},{\"@type\":\"BreadcrumbList\",\"@id\":\"https:\/\/permanentnimakeup.cz\/alicesedmikova\/zakladni-informace-a-trvanlivost-permanentniho-make-upu\/#breadcrumb\",\"itemListElement\":[{\"@type\":\"ListItem\",\"position\":1,\"name\":\"Dom\u016f\",\"item\":\"https:\/\/permanentnimakeup.cz\/alicesedmikova\/\"},{\"@type\":\"ListItem\",\"position\":2,\"name\":\"Z\u00e1kladn\u00ed informace a trvanlivost mikropigmentace \/ permanentn\u00edho make-upu\"}]}]}<\/script>\n<!-- \/ Yoast SEO plugin. -->","yoast_head_json":{"title":"Z\u00e1kladn\u00ed informace a trvanlivost mikropigmentace \/ permanentn\u00edho make-upu - Permanentn\u00ed make-up Alice Sedm\u00edkov\u00e1","robots":{"index":"index","follow":"follow","max-snippet":"max-snippet:-1","max-image-preview":"max-image-preview:large","max-video-preview":"max-video-preview:-1"},"canonical":"https:\/\/permanentnimakeup.cz\/alicesedmikova\/zakladni-informace-a-trvanlivost-permanentniho-make-upu\/","og_locale":"cs_CZ","og_type":"article","og_title":"Z\u00e1kladn\u00ed informace a trvanlivost mikropigmentace \/ permanentn\u00edho make-upu - Permanentn\u00ed make-up Alice Sedm\u00edkov\u00e1","og_description":"[vc_row][vc_column][vc_column_text] Z\u00e1kladn\u00ed informace a trvanlivost permanentn\u00edho make-upu Mikropigmentace \/ Permanentn\u00ed make-up, d\u00e1le jen PM, je ozna\u010den\u00ed speci\u00e1ln\u00ed kosmetick\u00e9 metody l\u00ed\u010den\u00ed, p\u0159i kter\u00e9 se implantuj\u00ed organick\u00e1 nebo anorganick\u00e1 barviva do vrchn\u00ed vrstvy poko\u017eky \u2013 epidermu, speci\u00e1ln\u00edm p\u0159\u00edstrojem \u010di \u010depelkou (mikroblading). P\u0159ev\u00e1\u017en\u011b se tato metoda pou\u017e\u00edv\u00e1 pro \u00fapravu obo\u010d\u00ed, o\u010dn\u00edch linek a kontur rt\u016f, d\u00e1le pak pro [&hellip;]","og_url":"https:\/\/permanentnimakeup.cz\/alicesedmikova\/zakladni-informace-a-trvanlivost-permanentniho-make-upu\/","og_site_name":"Permanentn\u00ed make-up Alice Sedm\u00edkov\u00e1","article_modified_time":"2019-11-16T22:19:02+00:00","twitter_card":"summary_large_image","twitter_misc":{"Odhadovan\u00e1 doba \u010dten\u00ed":"5 minut"},"schema":{"@context":"https:\/\/schema.org","@graph":[{"@type":"WebSite","@id":"https:\/\/permanentnimakeup.cz\/alicesedmikova\/#website","url":"https:\/\/permanentnimakeup.cz\/alicesedmikova\/","name":"Permanentn\u00ed make-up Alice Sedm\u00edkov\u00e1","description":"Permanentni make-up Clinic","potentialAction":[{"@type":"SearchAction","target":{"@type":"EntryPoint","urlTemplate":"https:\/\/permanentnimakeup.cz\/alicesedmikova\/?s={search_term_string}"},"query-input":"required name=search_term_string"}],"inLanguage":"cs"},{"@type":"WebPage","@id":"https:\/\/permanentnimakeup.cz\/alicesedmikova\/zakladni-informace-a-trvanlivost-permanentniho-make-upu\/#webpage","url":"https:\/\/permanentnimakeup.cz\/alicesedmikova\/zakladni-informace-a-trvanlivost-permanentniho-make-upu\/","name":"Z\u00e1kladn\u00ed informace a trvanlivost mikropigmentace \/ permanentn\u00edho make-upu - Permanentn\u00ed make-up Alice Sedm\u00edkov\u00e1","isPartOf":{"@id":"https:\/\/permanentnimakeup.cz\/alicesedmikova\/#website"},"datePublished":"2019-05-04T17:23:12+00:00","dateModified":"2019-11-16T22:19:02+00:00","breadcrumb":{"@id":"https:\/\/permanentnimakeup.cz\/alicesedmikova\/zakladni-informace-a-trvanlivost-permanentniho-make-upu\/#breadcrumb"},"inLanguage":"cs","potentialAction":[{"@type":"ReadAction","target":["https:\/\/permanentnimakeup.cz\/alicesedmikova\/zakladni-informace-a-trvanlivost-permanentniho-make-upu\/"]}]},{"@type":"BreadcrumbList","@id":"https:\/\/permanentnimakeup.cz\/alicesedmikova\/zakladni-informace-a-trvanlivost-permanentniho-make-upu\/#breadcrumb","itemListElement":[{"@type":"ListItem","position":1,"name":"Dom\u016f","item":"https:\/\/permanentnimakeup.cz\/alicesedmikova\/"},{"@type":"ListItem","position":2,"name":"Z\u00e1kladn\u00ed informace a trvanlivost mikropigmentace \/ permanentn\u00edho make-upu"}]}]}},"_links":{"self":[{"href":"https:\/\/permanentnimakeup.cz\/alicesedmikova\/wp-json\/wp\/v2\/pages\/48"}],"collection":[{"href":"https:\/\/permanentnimakeup.cz\/alicesedmikova\/wp-json\/wp\/v2\/pages"}],"about":[{"href":"https:\/\/permanentnimakeup.cz\/alicesedmikova\/wp-json\/wp\/v2\/types\/page"}],"author":[{"embeddable":true,"href":"https:\/\/permanentnimakeup.cz\/alicesedmikova\/wp-json\/wp\/v2\/users\/1"}],"replies":[{"embeddable":true,"href":"https:\/\/permanentnimakeup.cz\/alicesedmikova\/wp-json\/wp\/v2\/comments?post=48"}],"version-history":[{"count":4,"href":"https:\/\/permanentnimakeup.cz\/alicesedmikova\/wp-json\/wp\/v2\/pages\/48\/revisions"}],"predecessor-version":[{"id":266,"href":"https:\/\/permanentnimakeup.cz\/alicesedmikova\/wp-json\/wp\/v2\/pages\/48\/revisions\/266"}],"wp:attachment":[{"href":"https:\/\/permanentnimakeup.cz\/alicesedmikova\/wp-json\/wp\/v2\/media?parent=48"}],"curies":[{"name":"wp","href":"https:\/\/api.w.org\/{rel}","templated":true}]}}