{"id":33,"date":"2019-05-04T18:51:53","date_gmt":"2019-05-04T16:51:53","guid":{"rendered":"http:\/\/permanentnimakeup.cz\/alicesedmikova\/?page_id=33"},"modified":"2019-11-16T22:47:18","modified_gmt":"2019-11-16T21:47:18","slug":"kontakt","status":"publish","type":"page","link":"https:\/\/permanentnimakeup.cz\/alicesedmikova\/kontakt\/","title":{"rendered":"Kontakt"},"content":{"rendered":"<p>[vc_row css=&#8221;.vc_custom_1436965355175{margin-bottom: 50px !important;}&#8221;][vc_column][vc_column_text]<\/p>\n<h1><em>Kontakt<\/em><\/h1>\n<p>[\/vc_column_text][vc_tta_tabs color=&#8221;pink&#8221; spacing=&#8221;20&#8243; gap=&#8221;20&#8243; active_section=&#8221;1&#8243; no_fill_content_area=&#8221;true&#8221;][vc_tta_section title=&#8221;Praha 6&#8243; tab_id=&#8221;1436964443784-82ebb0e4-7dfc&#8221;][vc_row_inner][vc_column_inner width=&#8221;1\/2&#8243; offset=&#8221;vc_col-lg-8 vc_col-md-8&#8243;][vc_gmaps link=&#8221;#E-8_JTNDaWZyYW1lJTIwc3JjJTNEJTIyaHR0cHMlM0ElMkYlMkZ3d3cuZ29vZ2xlLmNvbSUyRm1hcHMlMkZlbWJlZCUzRnBiJTNEJTIxMW0xOCUyMTFtMTIlMjExbTMlMjExZDI1NjAuNjEyMjkxNTU1ODI3JTIxMmQxNC4zMjQzNzQzMTUyMjM2OTglMjEzZDUwLjA3NDgyMjE3OTQyNTI3JTIxMm0zJTIxMWYwJTIxMmYwJTIxM2YwJTIxM20yJTIxMWkxMDI0JTIxMmk3NjglMjE0ZjEzLjElMjEzbTMlMjExbTIlMjExczB4NDcwYmJlMmVkZGZlOWJkZCUyNTNBMHg3MjY5MmNlMmY3MGQ2Y2NmJTIxMnpUbUVnUXNXWlpYWnViM1p6YThPcElGQnN3NkZ1YVNBeU1USTBMelkxTENBeE5qa2dNREFnVUhKaGFHRWdOaTFDeFpsbGRtNXZkZyUyMTVlMCUyMTNtMiUyMTFzY3MlMjEyc2N6JTIxNHYxNDYyMjgzNDg4NTA2JTIyJTIwd2lkdGglM0QlMjI2MDAlMjIlMjBoZWlnaHQlM0QlMjI0NTAlMjIlMjBmcmFtZWJvcmRlciUzRCUyMjAlMjIlMjBzdHlsZSUzRCUyMmJvcmRlciUzQTAlMjIlMjBhbGxvd2Z1bGxzY3JlZW4lM0UlM0MlMkZpZnJhbWUlM0U=&#8221; size=&#8221;296px&#8221;][\/vc_column_inner][vc_column_inner width=&#8221;1\/2&#8243; offset=&#8221;vc_col-lg-4 vc_col-md-4&#8243;][stm_contacts_widget title=&#8221;Adresa&#8221; address=&#8221;Alice Sedm\u00edkov\u00e1<br \/>\nNa B\u0159evnovsk\u00e9 pl\u00e1ni 65, Praha 6&#8243; phone=&#8221;+420 603 266 614&#8243; email=&#8221;alice@permanentnimakeup.cz&#8221; css=&#8221;.vc_custom_1573940609948{padding-top: 45px !important;padding-right: 50px !important;padding-bottom: 39px !important;padding-left: 50px !important;background-color: #fff6ef !important;}&#8221;][\/vc_column_inner][\/vc_row_inner][\/vc_tta_section][\/vc_tta_tabs][\/vc_column][\/vc_row][vc_row full_width=&#8221;stretch_row&#8221; css=&#8221;.vc_custom_1437024851439{margin-bottom: 0px !important;padding-top: 45px !important;padding-bottom: 45px !important;background-color: #fff6ef !important;}&#8221;][vc_column width=&#8221;1\/2&#8243; offset=&#8221;vc_col-lg-8 vc_col-md-8&#8243;][vc_custom_heading type=&#8221;theme_style&#8221; text=&#8221;Napi\u0161te n\u00e1m&#8221; font_container=&#8221;tag:h3|text_align:left|color:%230a2045&#8243; google_fonts=&#8221;font_family:Arimo%3Aregular%2Citalic%2C700%2C700italic|font_style:700%20bold%20regular%3A700%3Anormal&#8221; css=&#8221;.vc_custom_1556989215326{margin-bottom: 20px !important;}&#8221;]<div role=\"form\" class=\"wpcf7\" id=\"wpcf7-f40-o1\" lang=\"cs-CZ\" dir=\"ltr\">\n<div class=\"screen-reader-response\"><p role=\"status\" aria-live=\"polite\" aria-atomic=\"true\"><\/p> <ul><\/ul><\/div>\n<form action=\"\/alicesedmikova\/wp-json\/wp\/v2\/pages\/33#wpcf7-f40-o1\" method=\"post\" class=\"wpcf7-form init\" novalidate=\"novalidate\" data-status=\"init\">\n<div style=\"display: none;\">\n<input type=\"hidden\" name=\"_wpcf7\" value=\"40\" \/>\n<input type=\"hidden\" name=\"_wpcf7_version\" value=\"5.5.6\" \/>\n<input type=\"hidden\" name=\"_wpcf7_locale\" value=\"cs_CZ\" \/>\n<input type=\"hidden\" name=\"_wpcf7_unit_tag\" value=\"wpcf7-f40-o1\" \/>\n<input type=\"hidden\" name=\"_wpcf7_container_post\" value=\"0\" \/>\n<input type=\"hidden\" name=\"_wpcf7_posted_data_hash\" value=\"\" \/>\n<\/div>\n<div class=\"row\">\n<div class=\"col-xs-12 col-sm-12 col-md-6 col-lg-6\">\n<div class=\"input-group\">\n               <span class=\"wpcf7-form-control-wrap your-name\"><input type=\"text\" name=\"your-name\" value=\"\" size=\"40\" class=\"wpcf7-form-control wpcf7-text wpcf7-validates-as-required\" aria-required=\"true\" aria-invalid=\"false\" placeholder=\"Va\u0161e jm\u00e9no\" \/><\/span>\n          <\/div>\n<\/div>\n<div class=\"col-xs-12 col-sm-12 col-md-6 col-lg-6\">\n<div class=\"input-group\">\n               <span class=\"wpcf7-form-control-wrap your-email\"><input type=\"email\" name=\"your-email\" value=\"\" size=\"40\" class=\"wpcf7-form-control wpcf7-text wpcf7-email wpcf7-validates-as-required wpcf7-validates-as-email\" aria-required=\"true\" aria-invalid=\"false\" placeholder=\"V\u00e1\u0161 e-mail\" \/><\/span>\n          <\/div>\n<\/div>\n<\/div>\n<div class=\"input-group\">\n<span class=\"wpcf7-form-control-wrap your-message\"><textarea name=\"your-message\" cols=\"40\" rows=\"10\" class=\"wpcf7-form-control wpcf7-textarea\" aria-invalid=\"false\" placeholder=\"Va\u0161e zpr\u00e1va\"><\/textarea><\/span>\n<\/div>\n<div class=\"input-group\">\n<input type=\"submit\" value=\"ODESLAT\" class=\"wpcf7-form-control has-spinner wpcf7-submit button\" \/>\n<\/div>\n<p style=\"display: none !important;\"><label>&#916;<textarea name=\"_wpcf7_ak_hp_textarea\" cols=\"45\" rows=\"8\" maxlength=\"100\"><\/textarea><\/label><input type=\"hidden\" id=\"ak_js_1\" name=\"_wpcf7_ak_js\" value=\"34\"\/><script>document.getElementById( \"ak_js_1\" ).setAttribute( \"value\", ( new Date() ).getTime() );<\/script><\/p><div class=\"wpcf7-response-output\" aria-hidden=\"true\"><\/div><\/form><\/div>[\/vc_column][vc_column width=&#8221;1\/2&#8243; offset=&#8221;vc_col-lg-4 vc_col-md-4&#8243;][vc_custom_heading type=&#8221;theme_style&#8221; text=&#8221;Kontakty&#8221; font_container=&#8221;tag:h3|text_align:left|color:%230a2045&#8243; google_fonts=&#8221;font_family:Arimo%3Aregular%2Citalic%2C700%2C700italic|font_style:700%20bold%20regular%3A700%3Anormal&#8221; css=&#8221;.vc_custom_1556989133911{margin-bottom: 20px !important;}&#8221;][stm_contact name=&#8221;Alice Sedm\u00edkov\u00e1&#8221; image=&#8221;1147&#8243; phone=&#8221;+420 603 266 614&#8243; email=&#8221;alice@permanentnimakeup.cz&#8221;][\/vc_column][\/vc_row][vc_row][vc_column][vc_column_text]<\/p>\n<p><!-- \/wp:tadv\/classic-paragraph -->[\/vc_column_text][\/vc_column][\/vc_row]<\/p>\n","protected":false},"excerpt":{"rendered":"<p>[vc_row css=&#8221;.vc_custom_1436965355175{margin-bottom: 50px !important;}&#8221;][vc_column][vc_column_text] Kontakt [\/vc_column_text][vc_tta_tabs color=&#8221;pink&#8221; spacing=&#8221;20&#8243; gap=&#8221;20&#8243; active_section=&#8221;1&#8243; no_fill_content_area=&#8221;true&#8221;][vc_tta_section title=&#8221;Praha 6&#8243; tab_id=&#8221;1436964443784-82ebb0e4-7dfc&#8221;][vc_row_inner][vc_column_inner width=&#8221;1\/2&#8243; offset=&#8221;vc_col-lg-8 vc_col-md-8&#8243;][vc_gmaps link=&#8221;#E-8_JTNDaWZyYW1lJTIwc3JjJTNEJTIyaHR0cHMlM0ElMkYlMkZ3d3cuZ29vZ2xlLmNvbSUyRm1hcHMlMkZlbWJlZCUzRnBiJTNEJTIxMW0xOCUyMTFtMTIlMjExbTMlMjExZDI1NjAuNjEyMjkxNTU1ODI3JTIxMmQxNC4zMjQzNzQzMTUyMjM2OTglMjEzZDUwLjA3NDgyMjE3OTQyNTI3JTIxMm0zJTIxMWYwJTIxMmYwJTIxM2YwJTIxM20yJTIxMWkxMDI0JTIxMmk3NjglMjE0ZjEzLjElMjEzbTMlMjExbTIlMjExczB4NDcwYmJlMmVkZGZlOWJkZCUyNTNBMHg3MjY5MmNlMmY3MGQ2Y2NmJTIxMnpUbUVnUXNXWlpYWnViM1p6YThPcElGQnN3NkZ1YVNBeU1USTBMelkxTENBeE5qa2dNREFnVUhKaGFHRWdOaTFDeFpsbGRtNXZkZyUyMTVlMCUyMTNtMiUyMTFzY3MlMjEyc2N6JTIxNHYxNDYyMjgzNDg4NTA2JTIyJTIwd2lkdGglM0QlMjI2MDAlMjIlMjBoZWlnaHQlM0QlMjI0NTAlMjIlMjBmcmFtZWJvcmRlciUzRCUyMjAlMjIlMjBzdHlsZSUzRCUyMmJvcmRlciUzQTAlMjIlMjBhbGxvd2Z1bGxzY3JlZW4lM0UlM0MlMkZpZnJhbWUlM0U=&#8221; size=&#8221;296px&#8221;][\/vc_column_inner][vc_column_inner width=&#8221;1\/2&#8243; offset=&#8221;vc_col-lg-4 vc_col-md-4&#8243;][stm_contacts_widget title=&#8221;Adresa&#8221; address=&#8221;Alice Sedm\u00edkov\u00e1 Na B\u0159evnovsk\u00e9 pl\u00e1ni 65, Praha 6&#8243; phone=&#8221;+420 603 266 614&#8243; email=&#8221;alice@permanentnimakeup.cz&#8221; css=&#8221;.vc_custom_1573940609948{padding-top: 45px !important;padding-right: 50px !important;padding-bottom: 39px !important;padding-left: 50px !important;background-color: #fff6ef !important;}&#8221;][\/vc_column_inner][\/vc_row_inner][\/vc_tta_section][\/vc_tta_tabs][\/vc_column][\/vc_row][vc_row full_width=&#8221;stretch_row&#8221; css=&#8221;.vc_custom_1437024851439{margin-bottom: 0px !important;padding-top: 45px !important;padding-bottom: 45px !important;background-color: [&hellip;]<\/p>\n","protected":false},"author":1,"featured_media":0,"parent":0,"menu_order":0,"comment_status":"closed","ping_status":"closed","template":"","meta":[],"yoast_head":"<!-- This site is optimized with the Yoast SEO plugin v18.2 - https:\/\/yoast.com\/wordpress\/plugins\/seo\/ -->\n<title>Kontakt - Permanentn\u00ed make-up Alice Sedm\u00edkov\u00e1<\/title>\n<meta name=\"robots\" content=\"index, follow, max-snippet:-1, max-image-preview:large, max-video-preview:-1\" \/>\n<link rel=\"canonical\" href=\"https:\/\/permanentnimakeup.cz\/alicesedmikova\/kontakt\/\" \/>\n<meta property=\"og:locale\" content=\"cs_CZ\" \/>\n<meta property=\"og:type\" content=\"article\" \/>\n<meta property=\"og:title\" content=\"Kontakt - Permanentn\u00ed make-up Alice Sedm\u00edkov\u00e1\" \/>\n<meta property=\"og:description\" content=\"[vc_row css=&#8221;.vc_custom_1436965355175{margin-bottom: 50px !important;}&#8221;][vc_column][vc_column_text] Kontakt [\/vc_column_text][vc_tta_tabs color=&#8221;pink&#8221; spacing=&#8221;20&#8243; gap=&#8221;20&#8243; active_section=&#8221;1&#8243; no_fill_content_area=&#8221;true&#8221;][vc_tta_section title=&#8221;Praha 6&#8243; tab_id=&#8221;1436964443784-82ebb0e4-7dfc&#8221;][vc_row_inner][vc_column_inner width=&#8221;1\/2&#8243; offset=&#8221;vc_col-lg-8 vc_col-md-8&#8243;][vc_gmaps link=&#8221;#E-8_JTNDaWZyYW1lJTIwc3JjJTNEJTIyaHR0cHMlM0ElMkYlMkZ3d3cuZ29vZ2xlLmNvbSUyRm1hcHMlMkZlbWJlZCUzRnBiJTNEJTIxMW0xOCUyMTFtMTIlMjExbTMlMjExZDI1NjAuNjEyMjkxNTU1ODI3JTIxMmQxNC4zMjQzNzQzMTUyMjM2OTglMjEzZDUwLjA3NDgyMjE3OTQyNTI3JTIxMm0zJTIxMWYwJTIxMmYwJTIxM2YwJTIxM20yJTIxMWkxMDI0JTIxMmk3NjglMjE0ZjEzLjElMjEzbTMlMjExbTIlMjExczB4NDcwYmJlMmVkZGZlOWJkZCUyNTNBMHg3MjY5MmNlMmY3MGQ2Y2NmJTIxMnpUbUVnUXNXWlpYWnViM1p6YThPcElGQnN3NkZ1YVNBeU1USTBMelkxTENBeE5qa2dNREFnVUhKaGFHRWdOaTFDeFpsbGRtNXZkZyUyMTVlMCUyMTNtMiUyMTFzY3MlMjEyc2N6JTIxNHYxNDYyMjgzNDg4NTA2JTIyJTIwd2lkdGglM0QlMjI2MDAlMjIlMjBoZWlnaHQlM0QlMjI0NTAlMjIlMjBmcmFtZWJvcmRlciUzRCUyMjAlMjIlMjBzdHlsZSUzRCUyMmJvcmRlciUzQTAlMjIlMjBhbGxvd2Z1bGxzY3JlZW4lM0UlM0MlMkZpZnJhbWUlM0U=&#8221; size=&#8221;296px&#8221;][\/vc_column_inner][vc_column_inner width=&#8221;1\/2&#8243; offset=&#8221;vc_col-lg-4 vc_col-md-4&#8243;][stm_contacts_widget title=&#8221;Adresa&#8221; address=&#8221;Alice Sedm\u00edkov\u00e1 Na B\u0159evnovsk\u00e9 pl\u00e1ni 65, Praha 6&#8243; phone=&#8221;+420 603 266 614&#8243; email=&#8221;alice@permanentnimakeup.cz&#8221; css=&#8221;.vc_custom_1573940609948{padding-top: 45px !important;padding-right: 50px !important;padding-bottom: 39px !important;padding-left: 50px !important;background-color: #fff6ef !important;}&#8221;][\/vc_column_inner][\/vc_row_inner][\/vc_tta_section][\/vc_tta_tabs][\/vc_column][\/vc_row][vc_row full_width=&#8221;stretch_row&#8221; css=&#8221;.vc_custom_1437024851439{margin-bottom: 0px !important;padding-top: 45px !important;padding-bottom: 45px !important;background-color: [&hellip;]\" \/>\n<meta property=\"og:url\" content=\"https:\/\/permanentnimakeup.cz\/alicesedmikova\/kontakt\/\" \/>\n<meta property=\"og:site_name\" content=\"Permanentn\u00ed make-up Alice Sedm\u00edkov\u00e1\" \/>\n<meta property=\"article:modified_time\" content=\"2019-11-16T21:47:18+00:00\" \/>\n<meta name=\"twitter:card\" content=\"summary_large_image\" \/>\n<meta name=\"twitter:label1\" content=\"Odhadovan\u00e1 doba \u010dten\u00ed\" \/>\n\t<meta name=\"twitter:data1\" content=\"2 minuty\" \/>\n<script type=\"application\/ld+json\" class=\"yoast-schema-graph\">{\"@context\":\"https:\/\/schema.org\",\"@graph\":[{\"@type\":\"WebSite\",\"@id\":\"https:\/\/permanentnimakeup.cz\/alicesedmikova\/#website\",\"url\":\"https:\/\/permanentnimakeup.cz\/alicesedmikova\/\",\"name\":\"Permanentn\u00ed make-up Alice Sedm\u00edkov\u00e1\",\"description\":\"Permanentni make-up Clinic\",\"potentialAction\":[{\"@type\":\"SearchAction\",\"target\":{\"@type\":\"EntryPoint\",\"urlTemplate\":\"https:\/\/permanentnimakeup.cz\/alicesedmikova\/?s={search_term_string}\"},\"query-input\":\"required name=search_term_string\"}],\"inLanguage\":\"cs\"},{\"@type\":\"WebPage\",\"@id\":\"https:\/\/permanentnimakeup.cz\/alicesedmikova\/kontakt\/#webpage\",\"url\":\"https:\/\/permanentnimakeup.cz\/alicesedmikova\/kontakt\/\",\"name\":\"Kontakt - Permanentn\u00ed make-up Alice Sedm\u00edkov\u00e1\",\"isPartOf\":{\"@id\":\"https:\/\/permanentnimakeup.cz\/alicesedmikova\/#website\"},\"datePublished\":\"2019-05-04T16:51:53+00:00\",\"dateModified\":\"2019-11-16T21:47:18+00:00\",\"breadcrumb\":{\"@id\":\"https:\/\/permanentnimakeup.cz\/alicesedmikova\/kontakt\/#breadcrumb\"},\"inLanguage\":\"cs\",\"potentialAction\":[{\"@type\":\"ReadAction\",\"target\":[\"https:\/\/permanentnimakeup.cz\/alicesedmikova\/kontakt\/\"]}]},{\"@type\":\"BreadcrumbList\",\"@id\":\"https:\/\/permanentnimakeup.cz\/alicesedmikova\/kontakt\/#breadcrumb\",\"itemListElement\":[{\"@type\":\"ListItem\",\"position\":1,\"name\":\"Dom\u016f\",\"item\":\"https:\/\/permanentnimakeup.cz\/alicesedmikova\/\"},{\"@type\":\"ListItem\",\"position\":2,\"name\":\"Kontakt\"}]}]}<\/script>\n<!-- \/ Yoast SEO plugin. -->","yoast_head_json":{"title":"Kontakt - Permanentn\u00ed make-up Alice Sedm\u00edkov\u00e1","robots":{"index":"index","follow":"follow","max-snippet":"max-snippet:-1","max-image-preview":"max-image-preview:large","max-video-preview":"max-video-preview:-1"},"canonical":"https:\/\/permanentnimakeup.cz\/alicesedmikova\/kontakt\/","og_locale":"cs_CZ","og_type":"article","og_title":"Kontakt - Permanentn\u00ed make-up Alice Sedm\u00edkov\u00e1","og_description":"[vc_row css=&#8221;.vc_custom_1436965355175{margin-bottom: 50px !important;}&#8221;][vc_column][vc_column_text] Kontakt [\/vc_column_text][vc_tta_tabs color=&#8221;pink&#8221; spacing=&#8221;20&#8243; gap=&#8221;20&#8243; active_section=&#8221;1&#8243; no_fill_content_area=&#8221;true&#8221;][vc_tta_section title=&#8221;Praha 6&#8243; tab_id=&#8221;1436964443784-82ebb0e4-7dfc&#8221;][vc_row_inner][vc_column_inner width=&#8221;1\/2&#8243; offset=&#8221;vc_col-lg-8 vc_col-md-8&#8243;][vc_gmaps link=&#8221;#E-8_JTNDaWZyYW1lJTIwc3JjJTNEJTIyaHR0cHMlM0ElMkYlMkZ3d3cuZ29vZ2xlLmNvbSUyRm1hcHMlMkZlbWJlZCUzRnBiJTNEJTIxMW0xOCUyMTFtMTIlMjExbTMlMjExZDI1NjAuNjEyMjkxNTU1ODI3JTIxMmQxNC4zMjQzNzQzMTUyMjM2OTglMjEzZDUwLjA3NDgyMjE3OTQyNTI3JTIxMm0zJTIxMWYwJTIxMmYwJTIxM2YwJTIxM20yJTIxMWkxMDI0JTIxMmk3NjglMjE0ZjEzLjElMjEzbTMlMjExbTIlMjExczB4NDcwYmJlMmVkZGZlOWJkZCUyNTNBMHg3MjY5MmNlMmY3MGQ2Y2NmJTIxMnpUbUVnUXNXWlpYWnViM1p6YThPcElGQnN3NkZ1YVNBeU1USTBMelkxTENBeE5qa2dNREFnVUhKaGFHRWdOaTFDeFpsbGRtNXZkZyUyMTVlMCUyMTNtMiUyMTFzY3MlMjEyc2N6JTIxNHYxNDYyMjgzNDg4NTA2JTIyJTIwd2lkdGglM0QlMjI2MDAlMjIlMjBoZWlnaHQlM0QlMjI0NTAlMjIlMjBmcmFtZWJvcmRlciUzRCUyMjAlMjIlMjBzdHlsZSUzRCUyMmJvcmRlciUzQTAlMjIlMjBhbGxvd2Z1bGxzY3JlZW4lM0UlM0MlMkZpZnJhbWUlM0U=&#8221; size=&#8221;296px&#8221;][\/vc_column_inner][vc_column_inner width=&#8221;1\/2&#8243; offset=&#8221;vc_col-lg-4 vc_col-md-4&#8243;][stm_contacts_widget title=&#8221;Adresa&#8221; address=&#8221;Alice Sedm\u00edkov\u00e1 Na B\u0159evnovsk\u00e9 pl\u00e1ni 65, Praha 6&#8243; phone=&#8221;+420 603 266 614&#8243; email=&#8221;alice@permanentnimakeup.cz&#8221; css=&#8221;.vc_custom_1573940609948{padding-top: 45px !important;padding-right: 50px !important;padding-bottom: 39px !important;padding-left: 50px !important;background-color: #fff6ef !important;}&#8221;][\/vc_column_inner][\/vc_row_inner][\/vc_tta_section][\/vc_tta_tabs][\/vc_column][\/vc_row][vc_row full_width=&#8221;stretch_row&#8221; css=&#8221;.vc_custom_1437024851439{margin-bottom: 0px !important;padding-top: 45px !important;padding-bottom: 45px !important;background-color: [&hellip;]","og_url":"https:\/\/permanentnimakeup.cz\/alicesedmikova\/kontakt\/","og_site_name":"Permanentn\u00ed make-up Alice Sedm\u00edkov\u00e1","article_modified_time":"2019-11-16T21:47:18+00:00","twitter_card":"summary_large_image","twitter_misc":{"Odhadovan\u00e1 doba \u010dten\u00ed":"2 minuty"},"schema":{"@context":"https:\/\/schema.org","@graph":[{"@type":"WebSite","@id":"https:\/\/permanentnimakeup.cz\/alicesedmikova\/#website","url":"https:\/\/permanentnimakeup.cz\/alicesedmikova\/","name":"Permanentn\u00ed make-up Alice Sedm\u00edkov\u00e1","description":"Permanentni make-up Clinic","potentialAction":[{"@type":"SearchAction","target":{"@type":"EntryPoint","urlTemplate":"https:\/\/permanentnimakeup.cz\/alicesedmikova\/?s={search_term_string}"},"query-input":"required name=search_term_string"}],"inLanguage":"cs"},{"@type":"WebPage","@id":"https:\/\/permanentnimakeup.cz\/alicesedmikova\/kontakt\/#webpage","url":"https:\/\/permanentnimakeup.cz\/alicesedmikova\/kontakt\/","name":"Kontakt - Permanentn\u00ed make-up Alice Sedm\u00edkov\u00e1","isPartOf":{"@id":"https:\/\/permanentnimakeup.cz\/alicesedmikova\/#website"},"datePublished":"2019-05-04T16:51:53+00:00","dateModified":"2019-11-16T21:47:18+00:00","breadcrumb":{"@id":"https:\/\/permanentnimakeup.cz\/alicesedmikova\/kontakt\/#breadcrumb"},"inLanguage":"cs","potentialAction":[{"@type":"ReadAction","target":["https:\/\/permanentnimakeup.cz\/alicesedmikova\/kontakt\/"]}]},{"@type":"BreadcrumbList","@id":"https:\/\/permanentnimakeup.cz\/alicesedmikova\/kontakt\/#breadcrumb","itemListElement":[{"@type":"ListItem","position":1,"name":"Dom\u016f","item":"https:\/\/permanentnimakeup.cz\/alicesedmikova\/"},{"@type":"ListItem","position":2,"name":"Kontakt"}]}]}},"_links":{"self":[{"href":"https:\/\/permanentnimakeup.cz\/alicesedmikova\/wp-json\/wp\/v2\/pages\/33"}],"collection":[{"href":"https:\/\/permanentnimakeup.cz\/alicesedmikova\/wp-json\/wp\/v2\/pages"}],"about":[{"href":"https:\/\/permanentnimakeup.cz\/alicesedmikova\/wp-json\/wp\/v2\/types\/page"}],"author":[{"embeddable":true,"href":"https:\/\/permanentnimakeup.cz\/alicesedmikova\/wp-json\/wp\/v2\/users\/1"}],"replies":[{"embeddable":true,"href":"https:\/\/permanentnimakeup.cz\/alicesedmikova\/wp-json\/wp\/v2\/comments?post=33"}],"version-history":[{"count":10,"href":"https:\/\/permanentnimakeup.cz\/alicesedmikova\/wp-json\/wp\/v2\/pages\/33\/revisions"}],"predecessor-version":[{"id":253,"href":"https:\/\/permanentnimakeup.cz\/alicesedmikova\/wp-json\/wp\/v2\/pages\/33\/revisions\/253"}],"wp:attachment":[{"href":"https:\/\/permanentnimakeup.cz\/alicesedmikova\/wp-json\/wp\/v2\/media?parent=33"}],"curies":[{"name":"wp","href":"https:\/\/api.w.org\/{rel}","templated":true}]}}