{"id":261,"date":"2019-11-16T23:11:48","date_gmt":"2019-11-16T22:11:48","guid":{"rendered":"http:\/\/permanentnimakeup.cz\/alicesedmikova\/?page_id=261"},"modified":"2019-11-16T23:11:50","modified_gmt":"2019-11-16T22:11:50","slug":"mikroblading-oboci","status":"publish","type":"page","link":"https:\/\/permanentnimakeup.cz\/alicesedmikova\/mikroblading-oboci\/","title":{"rendered":"Mikroblading obo\u010d\u00ed"},"content":{"rendered":"\n<p>[vc_row][vc_column][vc_column_text css_animation=&#8221;bottom-to-top&#8221;]<\/p>\n<p>Mikroblading je nejp\u0159irozen\u011bj\u0161\u00ed metoda \u00fapravy obo\u010d\u00ed. Vl\u00e1skov\u00fd vzhled obo\u010d\u00ed je vykreslov\u00e1n malou \u010depelkou tvo\u0159enou n\u011bkolika jemn\u00fdmi hroty. V\u00fdsledkem je p\u0159irozen\u00e9 obo\u010d\u00ed. Od klasick\u00e9 metody permanentn\u00edho make-upu se li\u0161\u00ed pou\u017eit\u00edm ru\u010dn\u00edho pera, do kter\u00e9ho jsou vkl\u00e1d\u00e1ny \u010depelky.<\/p>\n<p>Tato metoda v\u0161ak nen\u00ed vhodn\u00e1 pro ka\u017ed\u00fd typ pleti (nen\u00ed vhodn\u00fd pro mastnou, p\u00f3rovitou ple\u0165 atd.), je pot\u0159eba ple\u0165 vhodn\u011b diagnostikovat navrhnout nejlep\u0161\u00ed typ \u00fapravy, zda zvolit p\u0159\u00edstrojovou metodu-aplikace pigmentu strojkem, \u010di aplikaci pigmentu \u010depelkou.<\/p>\n<p>Trvanlivost mikrobladingu je v\u011bt\u0161inou krat\u0161\u00ed ne\u017e mikropigmentace obo\u010d\u00ed pomoc\u00ed p\u0159\u00edstroje.<\/p>\n<p>&nbsp;<\/p>\n<p>[\/vc_column_text][\/vc_column][\/vc_row]<\/p>\n","protected":false},"excerpt":{"rendered":"<p>[vc_row][vc_column][vc_column_text css_animation=&#8221;bottom-to-top&#8221;] Mikroblading je nejp\u0159irozen\u011bj\u0161\u00ed metoda \u00fapravy obo\u010d\u00ed. Vl\u00e1skov\u00fd vzhled obo\u010d\u00ed je vykreslov\u00e1n malou \u010depelkou tvo\u0159enou n\u011bkolika jemn\u00fdmi hroty. V\u00fdsledkem je p\u0159irozen\u00e9 obo\u010d\u00ed. Od klasick\u00e9 metody permanentn\u00edho make-upu se li\u0161\u00ed pou\u017eit\u00edm ru\u010dn\u00edho pera, do kter\u00e9ho jsou vkl\u00e1d\u00e1ny \u010depelky. Tato metoda v\u0161ak nen\u00ed vhodn\u00e1 pro ka\u017ed\u00fd typ pleti (nen\u00ed vhodn\u00fd pro mastnou, p\u00f3rovitou ple\u0165 atd.), je [&hellip;]<\/p>\n","protected":false},"author":1,"featured_media":0,"parent":0,"menu_order":0,"comment_status":"closed","ping_status":"closed","template":"","meta":[],"yoast_head":"<!-- This site is optimized with the Yoast SEO plugin v18.2 - https:\/\/yoast.com\/wordpress\/plugins\/seo\/ -->\n<title>Mikroblading obo\u010d\u00ed - Permanentn\u00ed make-up Alice Sedm\u00edkov\u00e1<\/title>\n<meta name=\"robots\" content=\"index, follow, max-snippet:-1, max-image-preview:large, max-video-preview:-1\" \/>\n<link rel=\"canonical\" href=\"https:\/\/permanentnimakeup.cz\/alicesedmikova\/mikroblading-oboci\/\" \/>\n<meta property=\"og:locale\" content=\"cs_CZ\" \/>\n<meta property=\"og:type\" content=\"article\" \/>\n<meta property=\"og:title\" content=\"Mikroblading obo\u010d\u00ed - Permanentn\u00ed make-up Alice Sedm\u00edkov\u00e1\" \/>\n<meta property=\"og:description\" content=\"[vc_row][vc_column][vc_column_text css_animation=&#8221;bottom-to-top&#8221;] Mikroblading je nejp\u0159irozen\u011bj\u0161\u00ed metoda \u00fapravy obo\u010d\u00ed. Vl\u00e1skov\u00fd vzhled obo\u010d\u00ed je vykreslov\u00e1n malou \u010depelkou tvo\u0159enou n\u011bkolika jemn\u00fdmi hroty. V\u00fdsledkem je p\u0159irozen\u00e9 obo\u010d\u00ed. Od klasick\u00e9 metody permanentn\u00edho make-upu se li\u0161\u00ed pou\u017eit\u00edm ru\u010dn\u00edho pera, do kter\u00e9ho jsou vkl\u00e1d\u00e1ny \u010depelky. Tato metoda v\u0161ak nen\u00ed vhodn\u00e1 pro ka\u017ed\u00fd typ pleti (nen\u00ed vhodn\u00fd pro mastnou, p\u00f3rovitou ple\u0165 atd.), je [&hellip;]\" \/>\n<meta property=\"og:url\" content=\"https:\/\/permanentnimakeup.cz\/alicesedmikova\/mikroblading-oboci\/\" \/>\n<meta property=\"og:site_name\" content=\"Permanentn\u00ed make-up Alice Sedm\u00edkov\u00e1\" \/>\n<meta property=\"article:modified_time\" content=\"2019-11-16T22:11:50+00:00\" \/>\n<meta name=\"twitter:card\" content=\"summary_large_image\" \/>\n<meta name=\"twitter:label1\" content=\"Odhadovan\u00e1 doba \u010dten\u00ed\" \/>\n\t<meta name=\"twitter:data1\" content=\"1 minuta\" \/>\n<script type=\"application\/ld+json\" class=\"yoast-schema-graph\">{\"@context\":\"https:\/\/schema.org\",\"@graph\":[{\"@type\":\"WebSite\",\"@id\":\"https:\/\/permanentnimakeup.cz\/alicesedmikova\/#website\",\"url\":\"https:\/\/permanentnimakeup.cz\/alicesedmikova\/\",\"name\":\"Permanentn\u00ed make-up Alice Sedm\u00edkov\u00e1\",\"description\":\"Permanentni make-up Clinic\",\"potentialAction\":[{\"@type\":\"SearchAction\",\"target\":{\"@type\":\"EntryPoint\",\"urlTemplate\":\"https:\/\/permanentnimakeup.cz\/alicesedmikova\/?s={search_term_string}\"},\"query-input\":\"required name=search_term_string\"}],\"inLanguage\":\"cs\"},{\"@type\":\"WebPage\",\"@id\":\"https:\/\/permanentnimakeup.cz\/alicesedmikova\/mikroblading-oboci\/#webpage\",\"url\":\"https:\/\/permanentnimakeup.cz\/alicesedmikova\/mikroblading-oboci\/\",\"name\":\"Mikroblading obo\u010d\u00ed - Permanentn\u00ed make-up Alice Sedm\u00edkov\u00e1\",\"isPartOf\":{\"@id\":\"https:\/\/permanentnimakeup.cz\/alicesedmikova\/#website\"},\"datePublished\":\"2019-11-16T22:11:48+00:00\",\"dateModified\":\"2019-11-16T22:11:50+00:00\",\"breadcrumb\":{\"@id\":\"https:\/\/permanentnimakeup.cz\/alicesedmikova\/mikroblading-oboci\/#breadcrumb\"},\"inLanguage\":\"cs\",\"potentialAction\":[{\"@type\":\"ReadAction\",\"target\":[\"https:\/\/permanentnimakeup.cz\/alicesedmikova\/mikroblading-oboci\/\"]}]},{\"@type\":\"BreadcrumbList\",\"@id\":\"https:\/\/permanentnimakeup.cz\/alicesedmikova\/mikroblading-oboci\/#breadcrumb\",\"itemListElement\":[{\"@type\":\"ListItem\",\"position\":1,\"name\":\"Dom\u016f\",\"item\":\"https:\/\/permanentnimakeup.cz\/alicesedmikova\/\"},{\"@type\":\"ListItem\",\"position\":2,\"name\":\"Mikroblading obo\u010d\u00ed\"}]}]}<\/script>\n<!-- \/ Yoast SEO plugin. -->","yoast_head_json":{"title":"Mikroblading obo\u010d\u00ed - Permanentn\u00ed make-up Alice Sedm\u00edkov\u00e1","robots":{"index":"index","follow":"follow","max-snippet":"max-snippet:-1","max-image-preview":"max-image-preview:large","max-video-preview":"max-video-preview:-1"},"canonical":"https:\/\/permanentnimakeup.cz\/alicesedmikova\/mikroblading-oboci\/","og_locale":"cs_CZ","og_type":"article","og_title":"Mikroblading obo\u010d\u00ed - Permanentn\u00ed make-up Alice Sedm\u00edkov\u00e1","og_description":"[vc_row][vc_column][vc_column_text css_animation=&#8221;bottom-to-top&#8221;] Mikroblading je nejp\u0159irozen\u011bj\u0161\u00ed metoda \u00fapravy obo\u010d\u00ed. Vl\u00e1skov\u00fd vzhled obo\u010d\u00ed je vykreslov\u00e1n malou \u010depelkou tvo\u0159enou n\u011bkolika jemn\u00fdmi hroty. V\u00fdsledkem je p\u0159irozen\u00e9 obo\u010d\u00ed. Od klasick\u00e9 metody permanentn\u00edho make-upu se li\u0161\u00ed pou\u017eit\u00edm ru\u010dn\u00edho pera, do kter\u00e9ho jsou vkl\u00e1d\u00e1ny \u010depelky. Tato metoda v\u0161ak nen\u00ed vhodn\u00e1 pro ka\u017ed\u00fd typ pleti (nen\u00ed vhodn\u00fd pro mastnou, p\u00f3rovitou ple\u0165 atd.), je [&hellip;]","og_url":"https:\/\/permanentnimakeup.cz\/alicesedmikova\/mikroblading-oboci\/","og_site_name":"Permanentn\u00ed make-up Alice Sedm\u00edkov\u00e1","article_modified_time":"2019-11-16T22:11:50+00:00","twitter_card":"summary_large_image","twitter_misc":{"Odhadovan\u00e1 doba \u010dten\u00ed":"1 minuta"},"schema":{"@context":"https:\/\/schema.org","@graph":[{"@type":"WebSite","@id":"https:\/\/permanentnimakeup.cz\/alicesedmikova\/#website","url":"https:\/\/permanentnimakeup.cz\/alicesedmikova\/","name":"Permanentn\u00ed make-up Alice Sedm\u00edkov\u00e1","description":"Permanentni make-up Clinic","potentialAction":[{"@type":"SearchAction","target":{"@type":"EntryPoint","urlTemplate":"https:\/\/permanentnimakeup.cz\/alicesedmikova\/?s={search_term_string}"},"query-input":"required name=search_term_string"}],"inLanguage":"cs"},{"@type":"WebPage","@id":"https:\/\/permanentnimakeup.cz\/alicesedmikova\/mikroblading-oboci\/#webpage","url":"https:\/\/permanentnimakeup.cz\/alicesedmikova\/mikroblading-oboci\/","name":"Mikroblading obo\u010d\u00ed - Permanentn\u00ed make-up Alice Sedm\u00edkov\u00e1","isPartOf":{"@id":"https:\/\/permanentnimakeup.cz\/alicesedmikova\/#website"},"datePublished":"2019-11-16T22:11:48+00:00","dateModified":"2019-11-16T22:11:50+00:00","breadcrumb":{"@id":"https:\/\/permanentnimakeup.cz\/alicesedmikova\/mikroblading-oboci\/#breadcrumb"},"inLanguage":"cs","potentialAction":[{"@type":"ReadAction","target":["https:\/\/permanentnimakeup.cz\/alicesedmikova\/mikroblading-oboci\/"]}]},{"@type":"BreadcrumbList","@id":"https:\/\/permanentnimakeup.cz\/alicesedmikova\/mikroblading-oboci\/#breadcrumb","itemListElement":[{"@type":"ListItem","position":1,"name":"Dom\u016f","item":"https:\/\/permanentnimakeup.cz\/alicesedmikova\/"},{"@type":"ListItem","position":2,"name":"Mikroblading obo\u010d\u00ed"}]}]}},"_links":{"self":[{"href":"https:\/\/permanentnimakeup.cz\/alicesedmikova\/wp-json\/wp\/v2\/pages\/261"}],"collection":[{"href":"https:\/\/permanentnimakeup.cz\/alicesedmikova\/wp-json\/wp\/v2\/pages"}],"about":[{"href":"https:\/\/permanentnimakeup.cz\/alicesedmikova\/wp-json\/wp\/v2\/types\/page"}],"author":[{"embeddable":true,"href":"https:\/\/permanentnimakeup.cz\/alicesedmikova\/wp-json\/wp\/v2\/users\/1"}],"replies":[{"embeddable":true,"href":"https:\/\/permanentnimakeup.cz\/alicesedmikova\/wp-json\/wp\/v2\/comments?post=261"}],"version-history":[{"count":1,"href":"https:\/\/permanentnimakeup.cz\/alicesedmikova\/wp-json\/wp\/v2\/pages\/261\/revisions"}],"predecessor-version":[{"id":262,"href":"https:\/\/permanentnimakeup.cz\/alicesedmikova\/wp-json\/wp\/v2\/pages\/261\/revisions\/262"}],"wp:attachment":[{"href":"https:\/\/permanentnimakeup.cz\/alicesedmikova\/wp-json\/wp\/v2\/media?parent=261"}],"curies":[{"name":"wp","href":"https:\/\/api.w.org\/{rel}","templated":true}]}}