{"id":196,"date":"2019-08-25T11:24:30","date_gmt":"2019-08-25T09:24:30","guid":{"rendered":"http:\/\/permanentnimakeup.cz\/alicesedmikova\/?page_id=196"},"modified":"2019-08-25T11:24:52","modified_gmt":"2019-08-25T09:24:52","slug":"mikropigmentace-oboci","status":"publish","type":"page","link":"https:\/\/permanentnimakeup.cz\/alicesedmikova\/mikropigmentace-oboci\/","title":{"rendered":"Mikropigmentace obo\u010d\u00ed"},"content":{"rendered":"\n<p>[vc_row][vc_column][vc_column_text css_animation=&#8221;bottom-to-top&#8221;]<\/p>\n<ul>\n<li>Doba aplikace: 120 min.<\/li>\n<li>Mo\u017enosti \u00faprav: \u00daprava se prov\u00e1d\u00ed vykreslen\u00edm jednotliv\u00fdch chloupk\u016f v barv\u011b va\u0161eho p\u016fvodn\u00edho obo\u010d\u00ed i ve sm\u011bru p\u0159irozen\u00e9ho r\u016fstu chloupk\u016f, tzv. 3D efektem.<\/li>\n<\/ul>\n<h4>\u00a0<\/h4>\n<h4>Modelace obo\u010d\u00ed:<\/h4>\n<p>M\u016f\u017eeme znovu vytvarovat, zm\u011bnit velikost, \u0161\u00ed\u0159ku, tvar i hustotu obo\u010d\u00ed. Ocen\u00edte to zvl\u00e1\u0161t\u011b, pokud jste podlehla dobov\u00e9mu trendu vytrh\u00e1v\u00e1n\u00ed obo\u010d\u00ed do tenk\u00fdch lini\u00ed a dnes si p\u0159ejete jeho op\u011btovn\u00e9 obnoven\u00ed, pop\u0159\u00edpad\u011b dopln\u011bn\u00ed chyb\u011bj\u00edc\u00ed \u010d\u00e1sti.<\/p>\n<p>Po proveden\u00ed PM, m\u00e1te za sebou polovinu v\u00fdsledku. Druh\u00e1 polovina spo\u010d\u00edv\u00e1 v tom, jak kvalitn\u011b budete PM o\u0161et\u0159ovat v pr\u016fb\u011bhu hojen\u00ed. Proces hojen\u00ed z\u00e1vis\u00ed na aktivit\u011b poko\u017eky a vlivu okoln\u00edho prost\u0159ed\u00ed. Prvotn\u00ed regenerace trv\u00e1 3 a\u017e 7 dn\u00ed, \u00fapln\u00e9 zhojen\u00ed cca jeden m\u011bs\u00edc. Toto obdob\u00ed lze rozd\u011blit do dvou etap: prvn\u00ed etapa do odpadnut\u00ed stroupk\u016f, druh\u00e1 do \u00fapln\u00e9ho vyhojen\u00ed a stabilizace vybarven\u00ed z\u00e1kroku.<\/p>\n<p>V prvn\u00ed etap\u011b vypad\u00e1 PM velmi v\u00fdrazn\u011b, proto\u017ee pigment sm\u00ed\u0161en\u00fd s tk\u00e1\u0148ov\u00fdm mokem m\u016f\u017ee ve stroupc\u00edch z\u00edskat tmav\u00e9 zabarven\u00ed. \u010cerstv\u011b po z\u00e1kroku nehodno\u0165te tvar ani barvu, poko\u017eka je podr\u00e1\u017ed\u011bn\u00e1, otekl\u00e1 a m\u016f\u017ee doj\u00edt k p\u0159echodn\u00e9 asymetrii tvaru. Vy\u010dkejte proto a\u017e do \u00fapln\u00e9ho vyhojen\u00ed poko\u017eky. Stroupky mohou vydr\u017eet 2-4 dny (obo\u010d\u00ed a\u017e t\u00fdden), ne\u017e se za\u010dnou odlupovat. Po jejich samovoln\u00e9m odpadnut\u00ed (v \u017e\u00e1dn\u00e9m p\u0159\u00edpad\u011b nestrh\u00e1vat a odlupovat \u2013 t\u00edm po\u0161kod\u00edte celistvost vpraven\u00e9ho pigmentu) se objev\u00ed kone\u010dn\u00fd tvar. Kone\u010dn\u00e1 barva bude stabilizov\u00e1na nejd\u0159\u00edve po m\u011bs\u00edci od proveden\u00ed z\u00e1kroku (po prvn\u00ed etap\u011b m\u016f\u017ee b\u00fdt pigmentace zna\u010dn\u011b sv\u011btlej\u0161\u00ed nebo naopak v\u00fdrazn\u011bj\u0161\u00ed ne\u017e kone\u010dn\u00fd v\u00fdsledn\u00fd efekt, proto\u017ee poko\u017eka na pigment st\u00e1le reaguje). Prvn\u00ed etapa je rozhoduj\u00edc\u00ed obdob\u00ed pro doc\u00edlen\u00ed v\u00fdsledku. V tomto cel\u00e9m obdob\u00ed hojen\u00ed nen\u00ed doporu\u010den\u00e9 stroupky nam\u00e1\u010det, odstra\u0148ovat anebo jin\u00fdm zp\u016fsobem, \u010di pomoc\u00ed jak\u00fdchkoliv prost\u0159edk\u016f, zrychlovat proces hojen\u00ed. Pigment je do poko\u017eky aplikov\u00e1n velmi m\u011blce a v obdob\u00ed hojen\u00ed jej poko\u017eka za\u010d\u00edn\u00e1 odlu\u010dovat, \u010d\u00edm\u017e se vytv\u00e1\u0159\u00ed stroupek. Pod stroupkem se hoj\u00ed poko\u017eka, kter\u00e1 do sebe nazp\u011bt vst\u0159eb\u00e1v\u00e1 odlou\u010den\u00fd pigment. Jestli\u017ee stroupek siln\u011b namo\u010d\u00edte nebo jej odstran\u00edte p\u0159ed stanovenou dobou, pak se nebude vst\u0159eb\u00e1vat nic a vznikne mezera v PM vy\u017eaduj\u00edc\u00ed dal\u0161\u00ed korekci. A obr\u00e1cen\u011b, p\u0159i zne\u010di\u0161t\u011bn\u00ed nebo kontaminaci m\u00edsta aplikace, se vst\u0159eb\u00e1vaj\u00ed i ne\u017e\u00e1douc\u00ed l\u00e1tky a m\u016f\u017ee doj\u00edt ke zm\u011bn\u011b barvy, \u010di k infekci.<\/p>\n<p>V pr\u016fb\u011bhu hojen\u00ed PM doporu\u010dujeme: Pigmentovan\u00e1 m\u00edsta nel\u00ed\u010dit, nepou\u017e\u00edvat \u017e\u00e1dn\u00e1 l\u00ed\u010didla ani pudr! Z\u00e1krok zbyte\u010dn\u011b nenam\u00e1\u010det, sp\u00e1t v tomto obdob\u00ed nejl\u00e9pe na z\u00e1dech, aby nedo\u0161lo k necht\u011bn\u00e9mu odloupnut\u00ed stroupku b\u011bhem sp\u00e1nku, vyhnout se zne\u010di\u0161t\u011bn\u00e9mu prost\u0159ed\u00ed, nechodit bezprost\u0159edn\u011b po aplikaci cvi\u010dit (z d\u016fvodu zv\u00fd\u0161en\u00e9ho pocen\u00ed a mo\u017enosti vniknut\u00ed potu do r\u00e1ny), nechodit do baz\u00e9nu, sauny, sol\u00e1ria, na p\u0159\u00edm\u00e9 slunce (i po zhojen\u00ed slune\u010dn\u00ed z\u00e1\u0159en\u00ed a opalov\u00e1n\u00ed v sol\u00e1ri\u00edch siln\u011b zkracuje trvanlivost PM, proto se d\u016frazn\u011b doporu\u010duje pou\u017e\u00edvat na pigmentovan\u00e1 m\u00edsta v\u017edy ochrann\u00fd kr\u00e9m s SPF 50), nepou\u017e\u00edvat samoopalovac\u00ed p\u0159\u00edpravky (z d\u016fvodu zm\u011bny pigmentu a to i po zhojen\u00ed z\u00e1kroku). Pokud po \u00fapln\u00e9m odhojen\u00ed z\u00e1kroku p\u0159esto chcete samoopalovac\u00ed kr\u00e9m pou\u017e\u00edvat, mus\u00edte jej po nanesen\u00ed z pigmentovan\u00e9ho m\u00edsta set\u0159\u00edt (mohlo by doj\u00edt ke zm\u011bn\u011b barevn\u00e9ho odst\u00ednu pigmentovan\u00e9ho m\u00edsta). D\u00e1le se v dob\u011b hojen\u00ed vyvarujte pou\u017e\u00edv\u00e1n\u00ed prost\u0159edk\u016f s AHA kyselinami, chemick\u00e9mu peelingu a jin\u00fdm kosmetick\u00fdm \u00faprav\u00e1m v obli\u010deji.<\/p>\n<h4>O\u0161et\u0159en\u00ed PM po z\u00e1kroku:<\/h4>\n<p>Klient je pou\u010den, jak o pigmentovan\u00e9 m\u00edsto pe\u010dovat, jsou mu p\u0159ed\u00e1ny \u201ePokyny pro o\u0161et\u0159en\u00ed PM a p\u0159\u00edpravek na o\u0161et\u0159en\u00ed PM.<\/p>\n<h4>Dlouhodob\u00e1 p\u00e9\u010de o PM:<\/h4>\n<p>Pro prodlou\u017een\u00ed trvanlivosti permanentn\u00edho make-upu se d\u016frazn\u011b doporu\u010duje pou\u017e\u00edvat p\u0159i slune\u010dn\u00edm z\u00e1\u0159en\u00ed (v\u010detn\u011b sol\u00e1ri\u00ed) na pigmentovan\u00e1 m\u00edsta v\u017edy ochrann\u00fd kr\u00e9m s SPF 50.<\/p>\n<p>Po uplynut\u00ed cca jednoho roku permanentn\u00ed make-up za\u010d\u00edn\u00e1 postupn\u011b ztr\u00e1cet svou sytost, ale tvar je st\u00e1le z\u0159eteln\u00fd<\/p>\n<p>a viditeln\u00fd. Pokud m\u00e1 klient z\u00e1jem PM st\u00e1le udr\u017eovat v optim\u00e1ln\u00edm vzhledu, nebo m\u00e1 postupem \u010dasu individu\u00e1ln\u00ed pot\u0159ebu m\u00edrn\u011b zm\u011bnit tvar \u010di doplnit sytost, doporu\u010dujeme n\u00e1slednou korekci prov\u00e9st do t\u0159\u00ed let od prvotn\u00edho z\u00e1kroku. Takov\u00e1 individu\u00e1ln\u00ed korekce je prov\u00e1d\u011bna za zv\u00fdhodn\u011bnou jednor\u00e1zovou cenu (tzn. neplat\u00ed se cena cel\u00e9ho nov\u00e9ho z\u00e1kroku).<\/p>\n<p>\u00a0<\/p>\n<h4>Anestetika:<\/h4>\n<p><strong>Emla kr\u00e9m 5%<\/strong><\/p>\n<ul>\n<li>Slo\u017een\u00ed: Lidocainum 25,0 mg a prilocainum 25,0 mg v\u00a01 g kr\u00e9mu<\/li>\n<\/ul>\n<p><strong>Xylocain 10% spray<\/strong><\/p>\n<ul>\n<li>Slo\u017een\u00ed: Lidocainum 10 mg v\u00a00,1 ml roztoku (odpov\u00edd\u00e1 jedn\u00e9 d\u00e1vce)<\/li>\n<\/ul>\n<p>\u00a0<\/p>\n<p>\u00a0<\/p>\n<p>\u00a0<\/p>\n<p>[\/vc_column_text][\/vc_column][\/vc_row]<\/p>\n","protected":false},"excerpt":{"rendered":"<p>[vc_row][vc_column][vc_column_text css_animation=&#8221;bottom-to-top&#8221;] Doba aplikace: 120 min. Mo\u017enosti \u00faprav: \u00daprava se prov\u00e1d\u00ed vykreslen\u00edm jednotliv\u00fdch chloupk\u016f v barv\u011b va\u0161eho p\u016fvodn\u00edho obo\u010d\u00ed i ve sm\u011bru p\u0159irozen\u00e9ho r\u016fstu chloupk\u016f, tzv. 3D efektem. \u00a0 Modelace obo\u010d\u00ed: M\u016f\u017eeme znovu vytvarovat, zm\u011bnit velikost, \u0161\u00ed\u0159ku, tvar i hustotu obo\u010d\u00ed. Ocen\u00edte to zvl\u00e1\u0161t\u011b, pokud jste podlehla dobov\u00e9mu trendu vytrh\u00e1v\u00e1n\u00ed obo\u010d\u00ed do tenk\u00fdch lini\u00ed a [&hellip;]<\/p>\n","protected":false},"author":1,"featured_media":0,"parent":0,"menu_order":0,"comment_status":"closed","ping_status":"closed","template":"","meta":[],"yoast_head":"<!-- This site is optimized with the Yoast SEO plugin v18.2 - https:\/\/yoast.com\/wordpress\/plugins\/seo\/ -->\n<title>Mikropigmentace obo\u010d\u00ed - Permanentn\u00ed make-up Alice Sedm\u00edkov\u00e1<\/title>\n<meta name=\"robots\" content=\"index, follow, max-snippet:-1, max-image-preview:large, max-video-preview:-1\" \/>\n<link rel=\"canonical\" href=\"https:\/\/permanentnimakeup.cz\/alicesedmikova\/mikropigmentace-oboci\/\" \/>\n<meta property=\"og:locale\" content=\"cs_CZ\" \/>\n<meta property=\"og:type\" content=\"article\" \/>\n<meta property=\"og:title\" content=\"Mikropigmentace obo\u010d\u00ed - Permanentn\u00ed make-up Alice Sedm\u00edkov\u00e1\" \/>\n<meta property=\"og:description\" content=\"[vc_row][vc_column][vc_column_text css_animation=&#8221;bottom-to-top&#8221;] Doba aplikace: 120 min. Mo\u017enosti \u00faprav: \u00daprava se prov\u00e1d\u00ed vykreslen\u00edm jednotliv\u00fdch chloupk\u016f v barv\u011b va\u0161eho p\u016fvodn\u00edho obo\u010d\u00ed i ve sm\u011bru p\u0159irozen\u00e9ho r\u016fstu chloupk\u016f, tzv. 3D efektem. \u00a0 Modelace obo\u010d\u00ed: M\u016f\u017eeme znovu vytvarovat, zm\u011bnit velikost, \u0161\u00ed\u0159ku, tvar i hustotu obo\u010d\u00ed. Ocen\u00edte to zvl\u00e1\u0161t\u011b, pokud jste podlehla dobov\u00e9mu trendu vytrh\u00e1v\u00e1n\u00ed obo\u010d\u00ed do tenk\u00fdch lini\u00ed a [&hellip;]\" \/>\n<meta property=\"og:url\" content=\"https:\/\/permanentnimakeup.cz\/alicesedmikova\/mikropigmentace-oboci\/\" \/>\n<meta property=\"og:site_name\" content=\"Permanentn\u00ed make-up Alice Sedm\u00edkov\u00e1\" \/>\n<meta property=\"article:modified_time\" content=\"2019-08-25T09:24:52+00:00\" \/>\n<meta name=\"twitter:card\" content=\"summary_large_image\" \/>\n<meta name=\"twitter:label1\" content=\"Odhadovan\u00e1 doba \u010dten\u00ed\" \/>\n\t<meta name=\"twitter:data1\" content=\"4 minuty\" \/>\n<script type=\"application\/ld+json\" class=\"yoast-schema-graph\">{\"@context\":\"https:\/\/schema.org\",\"@graph\":[{\"@type\":\"WebSite\",\"@id\":\"https:\/\/permanentnimakeup.cz\/alicesedmikova\/#website\",\"url\":\"https:\/\/permanentnimakeup.cz\/alicesedmikova\/\",\"name\":\"Permanentn\u00ed make-up Alice Sedm\u00edkov\u00e1\",\"description\":\"Permanentni make-up Clinic\",\"potentialAction\":[{\"@type\":\"SearchAction\",\"target\":{\"@type\":\"EntryPoint\",\"urlTemplate\":\"https:\/\/permanentnimakeup.cz\/alicesedmikova\/?s={search_term_string}\"},\"query-input\":\"required name=search_term_string\"}],\"inLanguage\":\"cs\"},{\"@type\":\"WebPage\",\"@id\":\"https:\/\/permanentnimakeup.cz\/alicesedmikova\/mikropigmentace-oboci\/#webpage\",\"url\":\"https:\/\/permanentnimakeup.cz\/alicesedmikova\/mikropigmentace-oboci\/\",\"name\":\"Mikropigmentace obo\u010d\u00ed - Permanentn\u00ed make-up Alice Sedm\u00edkov\u00e1\",\"isPartOf\":{\"@id\":\"https:\/\/permanentnimakeup.cz\/alicesedmikova\/#website\"},\"datePublished\":\"2019-08-25T09:24:30+00:00\",\"dateModified\":\"2019-08-25T09:24:52+00:00\",\"breadcrumb\":{\"@id\":\"https:\/\/permanentnimakeup.cz\/alicesedmikova\/mikropigmentace-oboci\/#breadcrumb\"},\"inLanguage\":\"cs\",\"potentialAction\":[{\"@type\":\"ReadAction\",\"target\":[\"https:\/\/permanentnimakeup.cz\/alicesedmikova\/mikropigmentace-oboci\/\"]}]},{\"@type\":\"BreadcrumbList\",\"@id\":\"https:\/\/permanentnimakeup.cz\/alicesedmikova\/mikropigmentace-oboci\/#breadcrumb\",\"itemListElement\":[{\"@type\":\"ListItem\",\"position\":1,\"name\":\"Dom\u016f\",\"item\":\"https:\/\/permanentnimakeup.cz\/alicesedmikova\/\"},{\"@type\":\"ListItem\",\"position\":2,\"name\":\"Mikropigmentace obo\u010d\u00ed\"}]}]}<\/script>\n<!-- \/ Yoast SEO plugin. -->","yoast_head_json":{"title":"Mikropigmentace obo\u010d\u00ed - Permanentn\u00ed make-up Alice Sedm\u00edkov\u00e1","robots":{"index":"index","follow":"follow","max-snippet":"max-snippet:-1","max-image-preview":"max-image-preview:large","max-video-preview":"max-video-preview:-1"},"canonical":"https:\/\/permanentnimakeup.cz\/alicesedmikova\/mikropigmentace-oboci\/","og_locale":"cs_CZ","og_type":"article","og_title":"Mikropigmentace obo\u010d\u00ed - Permanentn\u00ed make-up Alice Sedm\u00edkov\u00e1","og_description":"[vc_row][vc_column][vc_column_text css_animation=&#8221;bottom-to-top&#8221;] Doba aplikace: 120 min. Mo\u017enosti \u00faprav: \u00daprava se prov\u00e1d\u00ed vykreslen\u00edm jednotliv\u00fdch chloupk\u016f v barv\u011b va\u0161eho p\u016fvodn\u00edho obo\u010d\u00ed i ve sm\u011bru p\u0159irozen\u00e9ho r\u016fstu chloupk\u016f, tzv. 3D efektem. \u00a0 Modelace obo\u010d\u00ed: M\u016f\u017eeme znovu vytvarovat, zm\u011bnit velikost, \u0161\u00ed\u0159ku, tvar i hustotu obo\u010d\u00ed. Ocen\u00edte to zvl\u00e1\u0161t\u011b, pokud jste podlehla dobov\u00e9mu trendu vytrh\u00e1v\u00e1n\u00ed obo\u010d\u00ed do tenk\u00fdch lini\u00ed a [&hellip;]","og_url":"https:\/\/permanentnimakeup.cz\/alicesedmikova\/mikropigmentace-oboci\/","og_site_name":"Permanentn\u00ed make-up Alice Sedm\u00edkov\u00e1","article_modified_time":"2019-08-25T09:24:52+00:00","twitter_card":"summary_large_image","twitter_misc":{"Odhadovan\u00e1 doba \u010dten\u00ed":"4 minuty"},"schema":{"@context":"https:\/\/schema.org","@graph":[{"@type":"WebSite","@id":"https:\/\/permanentnimakeup.cz\/alicesedmikova\/#website","url":"https:\/\/permanentnimakeup.cz\/alicesedmikova\/","name":"Permanentn\u00ed make-up Alice Sedm\u00edkov\u00e1","description":"Permanentni make-up Clinic","potentialAction":[{"@type":"SearchAction","target":{"@type":"EntryPoint","urlTemplate":"https:\/\/permanentnimakeup.cz\/alicesedmikova\/?s={search_term_string}"},"query-input":"required name=search_term_string"}],"inLanguage":"cs"},{"@type":"WebPage","@id":"https:\/\/permanentnimakeup.cz\/alicesedmikova\/mikropigmentace-oboci\/#webpage","url":"https:\/\/permanentnimakeup.cz\/alicesedmikova\/mikropigmentace-oboci\/","name":"Mikropigmentace obo\u010d\u00ed - Permanentn\u00ed make-up Alice Sedm\u00edkov\u00e1","isPartOf":{"@id":"https:\/\/permanentnimakeup.cz\/alicesedmikova\/#website"},"datePublished":"2019-08-25T09:24:30+00:00","dateModified":"2019-08-25T09:24:52+00:00","breadcrumb":{"@id":"https:\/\/permanentnimakeup.cz\/alicesedmikova\/mikropigmentace-oboci\/#breadcrumb"},"inLanguage":"cs","potentialAction":[{"@type":"ReadAction","target":["https:\/\/permanentnimakeup.cz\/alicesedmikova\/mikropigmentace-oboci\/"]}]},{"@type":"BreadcrumbList","@id":"https:\/\/permanentnimakeup.cz\/alicesedmikova\/mikropigmentace-oboci\/#breadcrumb","itemListElement":[{"@type":"ListItem","position":1,"name":"Dom\u016f","item":"https:\/\/permanentnimakeup.cz\/alicesedmikova\/"},{"@type":"ListItem","position":2,"name":"Mikropigmentace obo\u010d\u00ed"}]}]}},"_links":{"self":[{"href":"https:\/\/permanentnimakeup.cz\/alicesedmikova\/wp-json\/wp\/v2\/pages\/196"}],"collection":[{"href":"https:\/\/permanentnimakeup.cz\/alicesedmikova\/wp-json\/wp\/v2\/pages"}],"about":[{"href":"https:\/\/permanentnimakeup.cz\/alicesedmikova\/wp-json\/wp\/v2\/types\/page"}],"author":[{"embeddable":true,"href":"https:\/\/permanentnimakeup.cz\/alicesedmikova\/wp-json\/wp\/v2\/users\/1"}],"replies":[{"embeddable":true,"href":"https:\/\/permanentnimakeup.cz\/alicesedmikova\/wp-json\/wp\/v2\/comments?post=196"}],"version-history":[{"count":1,"href":"https:\/\/permanentnimakeup.cz\/alicesedmikova\/wp-json\/wp\/v2\/pages\/196\/revisions"}],"predecessor-version":[{"id":197,"href":"https:\/\/permanentnimakeup.cz\/alicesedmikova\/wp-json\/wp\/v2\/pages\/196\/revisions\/197"}],"wp:attachment":[{"href":"https:\/\/permanentnimakeup.cz\/alicesedmikova\/wp-json\/wp\/v2\/media?parent=196"}],"curies":[{"name":"wp","href":"https:\/\/api.w.org\/{rel}","templated":true}]}}