{"id":18,"date":"2019-05-04T00:31:40","date_gmt":"2019-05-03T22:31:40","guid":{"rendered":"http:\/\/permanentnimakeup.cz\/alicesedmikova\/?page_id=18"},"modified":"2019-12-06T20:21:42","modified_gmt":"2019-12-06T19:21:42","slug":"o-nas","status":"publish","type":"page","link":"https:\/\/permanentnimakeup.cz\/alicesedmikova\/o-nas\/","title":{"rendered":"O n\u00e1s"},"content":{"rendered":"<p>[vc_row css=&#8221;.vc_custom_1474037734868{margin-bottom: 70px !important;}&#8221;][vc_column offset=&#8221;vc_col-lg-9 vc_col-md-9&#8243; css=&#8221;.vc_custom_1474038065404{padding-bottom: 70px !important;}&#8221;][vc_single_image image=&#8221;20&#8243; img_size=&#8221;full&#8221;][\/vc_column][vc_column][vc_column_text]<\/p>\n<h1>O n\u00e1s<\/h1>\n<p>Jsme specializovan\u00fdm kosmetick\u00fdm za\u0159\u00edzen\u00edm a sv\u00fdch v\u00edce ne\u017e 20 let zku\u0161enost\u00ed se sna\u017e\u00edme vyu\u017e\u00edt ve prosp\u011bch Va\u0161\u00ed viz\u00e1\u017ee.<\/p>\n<p>Na\u0161e dlouhodob\u00e9 praktick\u00e9 poznatky s kosmetickou \u00fapravou a aplikacemi na \u017een\u00e1ch\u00a0 i mu\u017e\u00edch, a to od junior\u016f a\u017e po seniory, jsou z\u00e1rukou vysok\u00e9 kvality na\u0161\u00ed pr\u00e1ce.\u00a0 Prov\u00e1d\u00edme komplexn\u00ed styling, korekce po \u00farazech nebo vrozen\u00fdch posti\u017een\u00edch, opravujeme nepoveden\u00e9 kosmetick\u00e9 z\u00e1kroky, specializujeme se na z\u00e1sadn\u00ed kosmetick\u00e9 rekonstrukce, korekce r\u016fzn\u00fdch asymetri\u00ed a drobn\u00e9 viz\u00e1\u017eistick\u00e9 z\u00e1sahy. V\u017edy vych\u00e1z\u00edme z p\u0159irozen\u00fdch dispozic a vrozen\u00fdch rys\u016f tv\u00e1\u0159e tak, aby bylo dosa\u017eeno co nejlep\u0161\u00edho v\u00fdsledku a z\u00e1rove\u0148 byla zachov\u00e1na jemnost a nen\u00e1padnost na\u0161ich z\u00e1krok\u016f.<\/p>\n<p>Pro dosa\u017een\u00ed optim\u00e1ln\u00edho v\u00fdsledku\u00a0spolupracujeme s\u00a0p\u0159edn\u00edmi odborn\u00edky v\u00a0oboru korektivn\u00ed dermatologie. D\u016fsledn\u011b dodr\u017eujeme individu\u00e1ln\u00ed p\u0159\u00edstup spojen\u00fd s\u00a0konzultacemi o vhodnosti, rozsahu a proveden\u00ed p\u0159\u00edpadn\u00e9ho z\u00e1kroku. M\u00e1me zdravotnick\u00e9, kosmetick\u00e9 a viz\u00e1\u017eistick\u00e9 vzd\u011bl\u00e1n\u00ed, kter\u00e9 pr\u016fb\u011b\u017en\u011b rozv\u00edj\u00edme a dopl\u0148ujeme na odborn\u00fdch semin\u00e1\u0159\u00edch.<\/p>\n<p>Uv\u011bdomujeme si, \u017ee v\u00a0posledn\u00ed dob\u011b velmi z\u00e1le\u017e\u00ed na tom, jak \u010dlov\u011bk vypad\u00e1. Spole\u010densk\u00e9\u00a0 i pracovn\u00ed n\u00e1roky se st\u00e1le zvy\u0161uj\u00ed a v\u011bt\u0161ina z\u00a0n\u00e1s prost\u011b chce vypadat upraven\u011b a p\u016fsobiv\u011b nejen v\u00a0soukrom\u00e9m, ale i v\u00a0pracovn\u00edm \u017eivot\u011b. Spolu s\u00a0hektick\u00fdm stylem \u017eivota a nedostatkem \u010dasu tedy\u00a0u\u017e nen\u00ed mo\u017en\u00e9 vysta\u010dit pouze s\u00a0p\u0159irozenou kr\u00e1sou. Okol\u00ed n\u00e1s toti\u017e srovn\u00e1v\u00e1, hodnot\u00ed, akceptuje a nakonec i odm\u011b\u0148uje podle toho, jestli obstoj\u00edme v\u00a0konkurenci standard\u016f, kter\u00e9 n\u00e1m ka\u017edodenn\u011b definuj\u00ed \u010dasopisy a televize.<\/p>\n<p>Pokud se rozhodnete sv\u011b\u0159it do na\u0161\u00ed odborn\u00e9 p\u00e9\u010de, p\u0159iv\u00edt\u00e1me V\u00e1s v p\u0159\u00edjemn\u00e9m prost\u0159ed\u00ed s vysok\u00fdm hygienick\u00fdm a dezinfek\u010dn\u00edm standardem. Pracujeme z\u00e1sadn\u011b s jednor\u00e1zov\u00fdmi ochrann\u00fdmi pom\u016fckami. Pou\u017e\u00edv\u00e1me nejmodern\u011bj\u0161\u00ed p\u0159\u00edstroje, kter\u00e9 minimalizuj\u00ed p\u0159\u00edpadnou doprovodnou bolest p\u0159i z\u00e1kroc\u00edch a z\u00e1rove\u0148 umo\u017e\u0148uj\u00ed profesion\u00e1ln\u00ed stylizaci komplikovan\u00fdch, ale i t\u011bch nejdrobn\u011bj\u0161\u00edch korekc\u00ed. Nejvy\u0161\u0161\u00ed standard pou\u017e\u00edvan\u00fdch barevn\u00fdch pigment\u016f umo\u017e\u0148uje individu\u00e1ln\u00ed p\u0159\u00edstup pro m\u00edch\u00e1n\u00ed pot\u0159ebn\u00fdch odst\u00edn\u016f a z\u00e1rove\u0148 je z\u00e1rukou velmi dobr\u00e9 sn\u00e1\u0161enlivosti i trvanlivosti.<\/p>\n<p>Pokud V\u00e1s na\u0161e zku\u0161enosti a pov\u011bst na trhu p\u0159esv\u011bd\u010d\u00ed, kontaktujte n\u00e1s. Jsme V\u00e1m k dispozici pro konzultaci a ud\u011bl\u00e1me v\u0161e pro to, abyste se i Vy stali na\u0161imi spokojen\u00fdmi klienty.<\/p>\n<p>P\u0159ejeme v\u00e1m p\u0159\u00edjemn\u00fd den a d\u011bkujeme za v\u00e1\u0161 z\u00e1jem o na\u0161e slu\u017eby.<\/p>\n<p><img loading=\"lazy\" class=\"size-medium wp-image-280\" src=\"http:\/\/permanentnimakeup.cz\/alicesedmikova\/wp-content\/uploads\/sites\/2\/2019\/12\/Alice-Sedmikova-phibrows-logo-300x225.png\" alt=\"Alice Sedm\u00edkov\u00e1 logo Phibrows\" width=\"300\" height=\"225\" \/>[\/vc_column_text][\/vc_column][vc_column][\/vc_column][\/vc_row][vc_row][vc_column][vc_column_text]<\/p>\n<p>[\/vc_column_text][\/vc_column][\/vc_row][vc_row][vc_column][vc_column_text]<\/p>\n<p><!-- \/wp:tadv\/classic-paragraph -->[\/vc_column_text][\/vc_column][\/vc_row]<\/p>\n","protected":false},"excerpt":{"rendered":"<p>[vc_row css=&#8221;.vc_custom_1474037734868{margin-bottom: 70px !important;}&#8221;][vc_column offset=&#8221;vc_col-lg-9 vc_col-md-9&#8243; css=&#8221;.vc_custom_1474038065404{padding-bottom: 70px !important;}&#8221;][vc_single_image image=&#8221;20&#8243; img_size=&#8221;full&#8221;][\/vc_column][vc_column][vc_column_text] O n\u00e1s Jsme specializovan\u00fdm kosmetick\u00fdm za\u0159\u00edzen\u00edm a sv\u00fdch v\u00edce ne\u017e 20 let zku\u0161enost\u00ed se sna\u017e\u00edme vyu\u017e\u00edt ve prosp\u011bch Va\u0161\u00ed viz\u00e1\u017ee. Na\u0161e dlouhodob\u00e9 praktick\u00e9 poznatky s kosmetickou \u00fapravou a aplikacemi na \u017een\u00e1ch\u00a0 i mu\u017e\u00edch, a to od junior\u016f a\u017e po seniory, jsou z\u00e1rukou vysok\u00e9 kvality [&hellip;]<\/p>\n","protected":false},"author":1,"featured_media":0,"parent":0,"menu_order":0,"comment_status":"closed","ping_status":"closed","template":"","meta":[],"yoast_head":"<!-- This site is optimized with the Yoast SEO plugin v18.2 - https:\/\/yoast.com\/wordpress\/plugins\/seo\/ -->\n<title>O n\u00e1s - Permanentn\u00ed make-up Alice Sedm\u00edkov\u00e1<\/title>\n<meta name=\"robots\" content=\"index, follow, max-snippet:-1, max-image-preview:large, max-video-preview:-1\" \/>\n<link rel=\"canonical\" href=\"https:\/\/permanentnimakeup.cz\/alicesedmikova\/o-nas\/\" \/>\n<meta property=\"og:locale\" content=\"cs_CZ\" \/>\n<meta property=\"og:type\" content=\"article\" \/>\n<meta property=\"og:title\" content=\"O n\u00e1s - Permanentn\u00ed make-up Alice Sedm\u00edkov\u00e1\" \/>\n<meta property=\"og:description\" content=\"[vc_row css=&#8221;.vc_custom_1474037734868{margin-bottom: 70px !important;}&#8221;][vc_column offset=&#8221;vc_col-lg-9 vc_col-md-9&#8243; css=&#8221;.vc_custom_1474038065404{padding-bottom: 70px !important;}&#8221;][vc_single_image image=&#8221;20&#8243; img_size=&#8221;full&#8221;][\/vc_column][vc_column][vc_column_text] O n\u00e1s Jsme specializovan\u00fdm kosmetick\u00fdm za\u0159\u00edzen\u00edm a sv\u00fdch v\u00edce ne\u017e 20 let zku\u0161enost\u00ed se sna\u017e\u00edme vyu\u017e\u00edt ve prosp\u011bch Va\u0161\u00ed viz\u00e1\u017ee. Na\u0161e dlouhodob\u00e9 praktick\u00e9 poznatky s kosmetickou \u00fapravou a aplikacemi na \u017een\u00e1ch\u00a0 i mu\u017e\u00edch, a to od junior\u016f a\u017e po seniory, jsou z\u00e1rukou vysok\u00e9 kvality [&hellip;]\" \/>\n<meta property=\"og:url\" content=\"https:\/\/permanentnimakeup.cz\/alicesedmikova\/o-nas\/\" \/>\n<meta property=\"og:site_name\" content=\"Permanentn\u00ed make-up Alice Sedm\u00edkov\u00e1\" \/>\n<meta property=\"article:modified_time\" content=\"2019-12-06T19:21:42+00:00\" \/>\n<meta property=\"og:image\" content=\"http:\/\/permanentnimakeup.cz\/alicesedmikova\/wp-content\/uploads\/sites\/2\/2019\/12\/Alice-Sedmikova-phibrows-logo-300x225.png\" \/>\n<meta name=\"twitter:card\" content=\"summary_large_image\" \/>\n<meta name=\"twitter:label1\" content=\"Odhadovan\u00e1 doba \u010dten\u00ed\" \/>\n\t<meta name=\"twitter:data1\" content=\"3 minuty\" \/>\n<script type=\"application\/ld+json\" class=\"yoast-schema-graph\">{\"@context\":\"https:\/\/schema.org\",\"@graph\":[{\"@type\":\"WebSite\",\"@id\":\"https:\/\/permanentnimakeup.cz\/alicesedmikova\/#website\",\"url\":\"https:\/\/permanentnimakeup.cz\/alicesedmikova\/\",\"name\":\"Permanentn\u00ed make-up Alice Sedm\u00edkov\u00e1\",\"description\":\"Permanentni make-up Clinic\",\"potentialAction\":[{\"@type\":\"SearchAction\",\"target\":{\"@type\":\"EntryPoint\",\"urlTemplate\":\"https:\/\/permanentnimakeup.cz\/alicesedmikova\/?s={search_term_string}\"},\"query-input\":\"required name=search_term_string\"}],\"inLanguage\":\"cs\"},{\"@type\":\"ImageObject\",\"@id\":\"https:\/\/permanentnimakeup.cz\/alicesedmikova\/o-nas\/#primaryimage\",\"inLanguage\":\"cs\",\"url\":\"http:\/\/permanentnimakeup.cz\/alicesedmikova\/wp-content\/uploads\/sites\/2\/2019\/12\/Alice-Sedmikova-phibrows-logo-300x225.png\",\"contentUrl\":\"http:\/\/permanentnimakeup.cz\/alicesedmikova\/wp-content\/uploads\/sites\/2\/2019\/12\/Alice-Sedmikova-phibrows-logo-300x225.png\"},{\"@type\":\"WebPage\",\"@id\":\"https:\/\/permanentnimakeup.cz\/alicesedmikova\/o-nas\/#webpage\",\"url\":\"https:\/\/permanentnimakeup.cz\/alicesedmikova\/o-nas\/\",\"name\":\"O n\u00e1s - Permanentn\u00ed make-up Alice Sedm\u00edkov\u00e1\",\"isPartOf\":{\"@id\":\"https:\/\/permanentnimakeup.cz\/alicesedmikova\/#website\"},\"primaryImageOfPage\":{\"@id\":\"https:\/\/permanentnimakeup.cz\/alicesedmikova\/o-nas\/#primaryimage\"},\"datePublished\":\"2019-05-03T22:31:40+00:00\",\"dateModified\":\"2019-12-06T19:21:42+00:00\",\"breadcrumb\":{\"@id\":\"https:\/\/permanentnimakeup.cz\/alicesedmikova\/o-nas\/#breadcrumb\"},\"inLanguage\":\"cs\",\"potentialAction\":[{\"@type\":\"ReadAction\",\"target\":[\"https:\/\/permanentnimakeup.cz\/alicesedmikova\/o-nas\/\"]}]},{\"@type\":\"BreadcrumbList\",\"@id\":\"https:\/\/permanentnimakeup.cz\/alicesedmikova\/o-nas\/#breadcrumb\",\"itemListElement\":[{\"@type\":\"ListItem\",\"position\":1,\"name\":\"Dom\u016f\",\"item\":\"https:\/\/permanentnimakeup.cz\/alicesedmikova\/\"},{\"@type\":\"ListItem\",\"position\":2,\"name\":\"O n\u00e1s\"}]}]}<\/script>\n<!-- \/ Yoast SEO plugin. -->","yoast_head_json":{"title":"O n\u00e1s - Permanentn\u00ed make-up Alice Sedm\u00edkov\u00e1","robots":{"index":"index","follow":"follow","max-snippet":"max-snippet:-1","max-image-preview":"max-image-preview:large","max-video-preview":"max-video-preview:-1"},"canonical":"https:\/\/permanentnimakeup.cz\/alicesedmikova\/o-nas\/","og_locale":"cs_CZ","og_type":"article","og_title":"O n\u00e1s - Permanentn\u00ed make-up Alice Sedm\u00edkov\u00e1","og_description":"[vc_row css=&#8221;.vc_custom_1474037734868{margin-bottom: 70px !important;}&#8221;][vc_column offset=&#8221;vc_col-lg-9 vc_col-md-9&#8243; css=&#8221;.vc_custom_1474038065404{padding-bottom: 70px !important;}&#8221;][vc_single_image image=&#8221;20&#8243; img_size=&#8221;full&#8221;][\/vc_column][vc_column][vc_column_text] O n\u00e1s Jsme specializovan\u00fdm kosmetick\u00fdm za\u0159\u00edzen\u00edm a sv\u00fdch v\u00edce ne\u017e 20 let zku\u0161enost\u00ed se sna\u017e\u00edme vyu\u017e\u00edt ve prosp\u011bch Va\u0161\u00ed viz\u00e1\u017ee. Na\u0161e dlouhodob\u00e9 praktick\u00e9 poznatky s kosmetickou \u00fapravou a aplikacemi na \u017een\u00e1ch\u00a0 i mu\u017e\u00edch, a to od junior\u016f a\u017e po seniory, jsou z\u00e1rukou vysok\u00e9 kvality [&hellip;]","og_url":"https:\/\/permanentnimakeup.cz\/alicesedmikova\/o-nas\/","og_site_name":"Permanentn\u00ed make-up Alice Sedm\u00edkov\u00e1","article_modified_time":"2019-12-06T19:21:42+00:00","og_image":[{"url":"http:\/\/permanentnimakeup.cz\/alicesedmikova\/wp-content\/uploads\/sites\/2\/2019\/12\/Alice-Sedmikova-phibrows-logo-300x225.png"}],"twitter_card":"summary_large_image","twitter_misc":{"Odhadovan\u00e1 doba \u010dten\u00ed":"3 minuty"},"schema":{"@context":"https:\/\/schema.org","@graph":[{"@type":"WebSite","@id":"https:\/\/permanentnimakeup.cz\/alicesedmikova\/#website","url":"https:\/\/permanentnimakeup.cz\/alicesedmikova\/","name":"Permanentn\u00ed make-up Alice Sedm\u00edkov\u00e1","description":"Permanentni make-up Clinic","potentialAction":[{"@type":"SearchAction","target":{"@type":"EntryPoint","urlTemplate":"https:\/\/permanentnimakeup.cz\/alicesedmikova\/?s={search_term_string}"},"query-input":"required name=search_term_string"}],"inLanguage":"cs"},{"@type":"ImageObject","@id":"https:\/\/permanentnimakeup.cz\/alicesedmikova\/o-nas\/#primaryimage","inLanguage":"cs","url":"http:\/\/permanentnimakeup.cz\/alicesedmikova\/wp-content\/uploads\/sites\/2\/2019\/12\/Alice-Sedmikova-phibrows-logo-300x225.png","contentUrl":"http:\/\/permanentnimakeup.cz\/alicesedmikova\/wp-content\/uploads\/sites\/2\/2019\/12\/Alice-Sedmikova-phibrows-logo-300x225.png"},{"@type":"WebPage","@id":"https:\/\/permanentnimakeup.cz\/alicesedmikova\/o-nas\/#webpage","url":"https:\/\/permanentnimakeup.cz\/alicesedmikova\/o-nas\/","name":"O n\u00e1s - Permanentn\u00ed make-up Alice Sedm\u00edkov\u00e1","isPartOf":{"@id":"https:\/\/permanentnimakeup.cz\/alicesedmikova\/#website"},"primaryImageOfPage":{"@id":"https:\/\/permanentnimakeup.cz\/alicesedmikova\/o-nas\/#primaryimage"},"datePublished":"2019-05-03T22:31:40+00:00","dateModified":"2019-12-06T19:21:42+00:00","breadcrumb":{"@id":"https:\/\/permanentnimakeup.cz\/alicesedmikova\/o-nas\/#breadcrumb"},"inLanguage":"cs","potentialAction":[{"@type":"ReadAction","target":["https:\/\/permanentnimakeup.cz\/alicesedmikova\/o-nas\/"]}]},{"@type":"BreadcrumbList","@id":"https:\/\/permanentnimakeup.cz\/alicesedmikova\/o-nas\/#breadcrumb","itemListElement":[{"@type":"ListItem","position":1,"name":"Dom\u016f","item":"https:\/\/permanentnimakeup.cz\/alicesedmikova\/"},{"@type":"ListItem","position":2,"name":"O n\u00e1s"}]}]}},"_links":{"self":[{"href":"https:\/\/permanentnimakeup.cz\/alicesedmikova\/wp-json\/wp\/v2\/pages\/18"}],"collection":[{"href":"https:\/\/permanentnimakeup.cz\/alicesedmikova\/wp-json\/wp\/v2\/pages"}],"about":[{"href":"https:\/\/permanentnimakeup.cz\/alicesedmikova\/wp-json\/wp\/v2\/types\/page"}],"author":[{"embeddable":true,"href":"https:\/\/permanentnimakeup.cz\/alicesedmikova\/wp-json\/wp\/v2\/users\/1"}],"replies":[{"embeddable":true,"href":"https:\/\/permanentnimakeup.cz\/alicesedmikova\/wp-json\/wp\/v2\/comments?post=18"}],"version-history":[{"count":9,"href":"https:\/\/permanentnimakeup.cz\/alicesedmikova\/wp-json\/wp\/v2\/pages\/18\/revisions"}],"predecessor-version":[{"id":281,"href":"https:\/\/permanentnimakeup.cz\/alicesedmikova\/wp-json\/wp\/v2\/pages\/18\/revisions\/281"}],"wp:attachment":[{"href":"https:\/\/permanentnimakeup.cz\/alicesedmikova\/wp-json\/wp\/v2\/media?parent=18"}],"curies":[{"name":"wp","href":"https:\/\/api.w.org\/{rel}","templated":true}]}}