{"id":107,"date":"2019-05-04T22:47:57","date_gmt":"2019-05-04T20:47:57","guid":{"rendered":"http:\/\/permanentnimakeup.cz\/alicesedmikova\/?page_id=107"},"modified":"2021-11-27T23:38:38","modified_gmt":"2021-11-27T22:38:38","slug":"galerie","status":"publish","type":"page","link":"https:\/\/permanentnimakeup.cz\/alicesedmikova\/galerie\/","title":{"rendered":"Galerie"},"content":{"rendered":"<p>[vc_row][vc_column][vc_column_text]<\/p>\n<h1>Galerie<\/h1>\n<p><style type=\"text\/css\">\r\n\t#foogallery-gallery-311 .fg-image {\r\n        width: 150px;\r\n    }\r\n<\/style>\r\n\t\t\t\t<div class=\"foogallery foogallery-container foogallery-default foogallery-lightbox-foobox fg-gutter-10 fg-center fg-m-col1 fg-default fg-light fg-border-thin fg-shadow-outline fg-loading-default fg-loaded-fade-in fg-caption-hover fg-hover-fade fg-hover-zoom fg-ready\" id=\"foogallery-gallery-311\" data-foogallery=\"{&quot;item&quot;:{&quot;showCaptionTitle&quot;:true,&quot;showCaptionDescription&quot;:true},&quot;lazy&quot;:true}\" >\r\n\t<div class=\"fg-item fg-type-image fg-idle\"><figure class=\"fg-item-inner\"><a href=\"https:\/\/permanentnimakeup.cz\/alicesedmikova\/wp-content\/uploads\/sites\/2\/2019\/05\/file1.jpeg\" data-caption-title=\"Studio\" data-caption-desc=\"Permanentn\u00ed make-up Clinic\" data-attachment-id=\"113\" class=\"fg-thumb\"><span class=\"fg-image-wrap\"><img alt=\"Permanentn\u00ed make-up Clinic - studio\" title=\"Studio\" width=\"150\" height=\"150\" class=\"skip-lazy fg-image\" data-src-fg=\"https:\/\/permanentnimakeup.cz\/alicesedmikova\/wp-content\/uploads\/sites\/2\/cache\/2019\/05\/file1\/2352670277.jpeg\" src=\"data:image\/svg+xml,%3Csvg%20xmlns%3D%22http%3A%2F%2Fwww.w3.org%2F2000%2Fsvg%22%20width%3D%22150%22%20height%3D%22150%22%20viewBox%3D%220%200%20150%20150%22%3E%3C%2Fsvg%3E\"><\/span><span class=\"fg-image-overlay\"><\/span><\/a><figcaption class=\"fg-caption\"><div class=\"fg-caption-inner\"><div class=\"fg-caption-title\">Studio<\/div><div class=\"fg-caption-desc\">Permanentn\u00ed make-up Clinic<\/div><\/div><\/figcaption><\/figure><div class=\"fg-loader\"><\/div><\/div><div class=\"fg-item fg-type-image fg-idle\"><figure class=\"fg-item-inner\"><a href=\"https:\/\/permanentnimakeup.cz\/alicesedmikova\/wp-content\/uploads\/sites\/2\/2019\/05\/file2.jpeg\" data-caption-title=\"Studio\" data-caption-desc=\"Permanentn\u00ed make-up Clinic\" data-attachment-id=\"114\" class=\"fg-thumb\"><span class=\"fg-image-wrap\"><img alt=\"Permanentn\u00ed make-up Clinic - studio\" title=\"Studio\" width=\"150\" height=\"150\" class=\"skip-lazy fg-image\" data-src-fg=\"https:\/\/permanentnimakeup.cz\/alicesedmikova\/wp-content\/uploads\/sites\/2\/cache\/2019\/05\/file2\/295401432.jpeg\" src=\"data:image\/svg+xml,%3Csvg%20xmlns%3D%22http%3A%2F%2Fwww.w3.org%2F2000%2Fsvg%22%20width%3D%22150%22%20height%3D%22150%22%20viewBox%3D%220%200%20150%20150%22%3E%3C%2Fsvg%3E\"><\/span><span class=\"fg-image-overlay\"><\/span><\/a><figcaption class=\"fg-caption\"><div class=\"fg-caption-inner\"><div class=\"fg-caption-title\">Studio<\/div><div class=\"fg-caption-desc\">Permanentn\u00ed make-up Clinic<\/div><\/div><\/figcaption><\/figure><div class=\"fg-loader\"><\/div><\/div><div class=\"fg-item fg-type-image fg-idle\"><figure class=\"fg-item-inner\"><a href=\"https:\/\/permanentnimakeup.cz\/alicesedmikova\/wp-content\/uploads\/sites\/2\/2019\/05\/file3.jpeg\" data-caption-title=\"Studio\" data-caption-desc=\"Permanentn\u00ed make-up Clinic\" data-attachment-id=\"115\" class=\"fg-thumb\"><span class=\"fg-image-wrap\"><img alt=\"Permanentn\u00ed make-up Clinic - studio\" title=\"Studio\" width=\"150\" height=\"150\" class=\"skip-lazy fg-image\" data-src-fg=\"https:\/\/permanentnimakeup.cz\/alicesedmikova\/wp-content\/uploads\/sites\/2\/cache\/2019\/05\/file3\/4077186846.jpeg\" src=\"data:image\/svg+xml,%3Csvg%20xmlns%3D%22http%3A%2F%2Fwww.w3.org%2F2000%2Fsvg%22%20width%3D%22150%22%20height%3D%22150%22%20viewBox%3D%220%200%20150%20150%22%3E%3C%2Fsvg%3E\"><\/span><span class=\"fg-image-overlay\"><\/span><\/a><figcaption class=\"fg-caption\"><div class=\"fg-caption-inner\"><div class=\"fg-caption-title\">Studio<\/div><div class=\"fg-caption-desc\">Permanentn\u00ed make-up Clinic<\/div><\/div><\/figcaption><\/figure><div class=\"fg-loader\"><\/div><\/div><div class=\"fg-item fg-type-image fg-idle\"><figure class=\"fg-item-inner\"><a href=\"https:\/\/permanentnimakeup.cz\/alicesedmikova\/wp-content\/uploads\/sites\/2\/2019\/05\/file4.jpeg\" data-caption-title=\"Studio\" data-caption-desc=\"Permanentn\u00ed make-up Clinic\" data-attachment-id=\"116\" class=\"fg-thumb\"><span class=\"fg-image-wrap\"><img alt=\"Permanentn\u00ed make-up Clinic - studio\" title=\"Studio\" width=\"150\" height=\"150\" class=\"skip-lazy fg-image\" data-src-fg=\"https:\/\/permanentnimakeup.cz\/alicesedmikova\/wp-content\/uploads\/sites\/2\/cache\/2019\/05\/file4\/1379471641.jpeg\" src=\"data:image\/svg+xml,%3Csvg%20xmlns%3D%22http%3A%2F%2Fwww.w3.org%2F2000%2Fsvg%22%20width%3D%22150%22%20height%3D%22150%22%20viewBox%3D%220%200%20150%20150%22%3E%3C%2Fsvg%3E\"><\/span><span class=\"fg-image-overlay\"><\/span><\/a><figcaption class=\"fg-caption\"><div class=\"fg-caption-inner\"><div class=\"fg-caption-title\">Studio<\/div><div class=\"fg-caption-desc\">Permanentn\u00ed make-up Clinic<\/div><\/div><\/figcaption><\/figure><div class=\"fg-loader\"><\/div><\/div><div class=\"fg-item fg-type-image fg-idle\"><figure class=\"fg-item-inner\"><a href=\"https:\/\/permanentnimakeup.cz\/alicesedmikova\/wp-content\/uploads\/sites\/2\/2019\/11\/image2.jpeg\" data-caption-title=\"Uk\u00e1zky prac\u00ed\" data-attachment-id=\"246\" class=\"fg-thumb\"><span class=\"fg-image-wrap\"><img title=\"Uk\u00e1zky prac\u00ed\" width=\"150\" height=\"150\" class=\"skip-lazy fg-image\" data-src-fg=\"https:\/\/permanentnimakeup.cz\/alicesedmikova\/wp-content\/uploads\/sites\/2\/cache\/2019\/11\/image2\/4209913720.jpeg\" src=\"data:image\/svg+xml,%3Csvg%20xmlns%3D%22http%3A%2F%2Fwww.w3.org%2F2000%2Fsvg%22%20width%3D%22150%22%20height%3D%22150%22%20viewBox%3D%220%200%20150%20150%22%3E%3C%2Fsvg%3E\"><\/span><span class=\"fg-image-overlay\"><\/span><\/a><figcaption class=\"fg-caption\"><div class=\"fg-caption-inner\"><div class=\"fg-caption-title\">Uk\u00e1zky prac\u00ed<\/div><\/div><\/figcaption><\/figure><div class=\"fg-loader\"><\/div><\/div><div class=\"fg-item fg-type-image fg-idle\"><figure class=\"fg-item-inner\"><a href=\"https:\/\/permanentnimakeup.cz\/alicesedmikova\/wp-content\/uploads\/sites\/2\/2019\/11\/image3.jpeg\" data-caption-title=\"Uk\u00e1zky prac\u00ed\" data-attachment-id=\"248\" class=\"fg-thumb\"><span class=\"fg-image-wrap\"><img title=\"Uk\u00e1zky prac\u00ed\" width=\"150\" height=\"150\" class=\"skip-lazy fg-image\" data-src-fg=\"https:\/\/permanentnimakeup.cz\/alicesedmikova\/wp-content\/uploads\/sites\/2\/cache\/2019\/11\/image3\/666685933.jpeg\" src=\"data:image\/svg+xml,%3Csvg%20xmlns%3D%22http%3A%2F%2Fwww.w3.org%2F2000%2Fsvg%22%20width%3D%22150%22%20height%3D%22150%22%20viewBox%3D%220%200%20150%20150%22%3E%3C%2Fsvg%3E\"><\/span><span class=\"fg-image-overlay\"><\/span><\/a><figcaption class=\"fg-caption\"><div class=\"fg-caption-inner\"><div class=\"fg-caption-title\">Uk\u00e1zky prac\u00ed<\/div><\/div><\/figcaption><\/figure><div class=\"fg-loader\"><\/div><\/div><div class=\"fg-item fg-type-image fg-idle\"><figure class=\"fg-item-inner\"><a href=\"https:\/\/permanentnimakeup.cz\/alicesedmikova\/wp-content\/uploads\/sites\/2\/2019\/11\/image4.jpeg\" data-caption-title=\"Uk\u00e1zky prac\u00ed\" data-attachment-id=\"247\" class=\"fg-thumb\"><span class=\"fg-image-wrap\"><img title=\"Uk\u00e1zky prac\u00ed\" width=\"150\" height=\"150\" class=\"skip-lazy fg-image\" data-src-fg=\"https:\/\/permanentnimakeup.cz\/alicesedmikova\/wp-content\/uploads\/sites\/2\/cache\/2019\/11\/image4\/349423057.jpeg\" src=\"data:image\/svg+xml,%3Csvg%20xmlns%3D%22http%3A%2F%2Fwww.w3.org%2F2000%2Fsvg%22%20width%3D%22150%22%20height%3D%22150%22%20viewBox%3D%220%200%20150%20150%22%3E%3C%2Fsvg%3E\"><\/span><span class=\"fg-image-overlay\"><\/span><\/a><figcaption class=\"fg-caption\"><div class=\"fg-caption-inner\"><div class=\"fg-caption-title\">Uk\u00e1zky prac\u00ed<\/div><\/div><\/figcaption><\/figure><div class=\"fg-loader\"><\/div><\/div><div class=\"fg-item fg-type-image fg-idle\"><figure class=\"fg-item-inner\"><a href=\"https:\/\/permanentnimakeup.cz\/alicesedmikova\/wp-content\/uploads\/sites\/2\/2019\/11\/image1.jpeg\" data-caption-title=\"Uk\u00e1zky prac\u00ed\" data-attachment-id=\"244\" class=\"fg-thumb\"><span class=\"fg-image-wrap\"><img title=\"Uk\u00e1zky prac\u00ed\" width=\"150\" height=\"150\" class=\"skip-lazy fg-image\" data-src-fg=\"https:\/\/permanentnimakeup.cz\/alicesedmikova\/wp-content\/uploads\/sites\/2\/cache\/2019\/11\/image1\/576533434.jpeg\" src=\"data:image\/svg+xml,%3Csvg%20xmlns%3D%22http%3A%2F%2Fwww.w3.org%2F2000%2Fsvg%22%20width%3D%22150%22%20height%3D%22150%22%20viewBox%3D%220%200%20150%20150%22%3E%3C%2Fsvg%3E\"><\/span><span class=\"fg-image-overlay\"><\/span><\/a><figcaption class=\"fg-caption\"><div class=\"fg-caption-inner\"><div class=\"fg-caption-title\">Uk\u00e1zky prac\u00ed<\/div><\/div><\/figcaption><\/figure><div class=\"fg-loader\"><\/div><\/div><div class=\"fg-item fg-type-image fg-idle\"><figure class=\"fg-item-inner\"><a href=\"https:\/\/permanentnimakeup.cz\/alicesedmikova\/wp-content\/uploads\/sites\/2\/2019\/11\/image0.jpeg\" data-caption-title=\"Uk\u00e1zky prac\u00ed\" data-attachment-id=\"243\" class=\"fg-thumb\"><span class=\"fg-image-wrap\"><img title=\"Uk\u00e1zky prac\u00ed\" width=\"150\" height=\"150\" class=\"skip-lazy fg-image\" data-src-fg=\"https:\/\/permanentnimakeup.cz\/alicesedmikova\/wp-content\/uploads\/sites\/2\/cache\/2019\/11\/image0\/1345507986.jpeg\" src=\"data:image\/svg+xml,%3Csvg%20xmlns%3D%22http%3A%2F%2Fwww.w3.org%2F2000%2Fsvg%22%20width%3D%22150%22%20height%3D%22150%22%20viewBox%3D%220%200%20150%20150%22%3E%3C%2Fsvg%3E\"><\/span><span class=\"fg-image-overlay\"><\/span><\/a><figcaption class=\"fg-caption\"><div class=\"fg-caption-inner\"><div class=\"fg-caption-title\">Uk\u00e1zky prac\u00ed<\/div><\/div><\/figcaption><\/figure><div class=\"fg-loader\"><\/div><\/div><div class=\"fg-item fg-type-image fg-idle\"><figure class=\"fg-item-inner\"><a href=\"https:\/\/permanentnimakeup.cz\/alicesedmikova\/wp-content\/uploads\/sites\/2\/2019\/11\/image5.jpeg\" data-caption-title=\"Uk\u00e1zky prac\u00ed\" data-attachment-id=\"250\" class=\"fg-thumb\"><span class=\"fg-image-wrap\"><img title=\"Uk\u00e1zky prac\u00ed\" width=\"150\" height=\"150\" class=\"skip-lazy fg-image\" data-src-fg=\"https:\/\/permanentnimakeup.cz\/alicesedmikova\/wp-content\/uploads\/sites\/2\/cache\/2019\/11\/image5\/3292951064.jpeg\" src=\"data:image\/svg+xml,%3Csvg%20xmlns%3D%22http%3A%2F%2Fwww.w3.org%2F2000%2Fsvg%22%20width%3D%22150%22%20height%3D%22150%22%20viewBox%3D%220%200%20150%20150%22%3E%3C%2Fsvg%3E\"><\/span><span class=\"fg-image-overlay\"><\/span><\/a><figcaption class=\"fg-caption\"><div class=\"fg-caption-inner\"><div class=\"fg-caption-title\">Uk\u00e1zky prac\u00ed<\/div><\/div><\/figcaption><\/figure><div class=\"fg-loader\"><\/div><\/div><\/div>\r\n[\/vc_column_text][vc_empty_space][\/vc_column][\/vc_row]<\/p>\n","protected":false},"excerpt":{"rendered":"<p>[vc_row][vc_column][vc_column_text] Galerie [\/vc_column_text][vc_empty_space][\/vc_column][\/vc_row]<\/p>\n","protected":false},"author":1,"featured_media":0,"parent":0,"menu_order":0,"comment_status":"closed","ping_status":"closed","template":"","meta":[],"yoast_head":"<!-- This site is optimized with the Yoast SEO plugin v18.2 - https:\/\/yoast.com\/wordpress\/plugins\/seo\/ -->\n<title>Galerie - Permanentn\u00ed make-up Alice Sedm\u00edkov\u00e1<\/title>\n<meta name=\"robots\" content=\"index, follow, max-snippet:-1, max-image-preview:large, max-video-preview:-1\" \/>\n<link rel=\"canonical\" href=\"https:\/\/permanentnimakeup.cz\/alicesedmikova\/galerie\/\" \/>\n<meta property=\"og:locale\" content=\"cs_CZ\" \/>\n<meta property=\"og:type\" content=\"article\" \/>\n<meta property=\"og:title\" content=\"Galerie - Permanentn\u00ed make-up Alice Sedm\u00edkov\u00e1\" \/>\n<meta property=\"og:description\" content=\"[vc_row][vc_column][vc_column_text] Galerie [\/vc_column_text][vc_empty_space][\/vc_column][\/vc_row]\" \/>\n<meta property=\"og:url\" content=\"https:\/\/permanentnimakeup.cz\/alicesedmikova\/galerie\/\" \/>\n<meta property=\"og:site_name\" content=\"Permanentn\u00ed make-up Alice Sedm\u00edkov\u00e1\" \/>\n<meta property=\"article:modified_time\" content=\"2021-11-27T22:38:38+00:00\" \/>\n<meta name=\"twitter:card\" content=\"summary_large_image\" \/>\n<meta name=\"twitter:label1\" content=\"Odhadovan\u00e1 doba \u010dten\u00ed\" \/>\n\t<meta name=\"twitter:data1\" content=\"1 minuta\" \/>\n<script type=\"application\/ld+json\" class=\"yoast-schema-graph\">{\"@context\":\"https:\/\/schema.org\",\"@graph\":[{\"@type\":\"WebSite\",\"@id\":\"https:\/\/permanentnimakeup.cz\/alicesedmikova\/#website\",\"url\":\"https:\/\/permanentnimakeup.cz\/alicesedmikova\/\",\"name\":\"Permanentn\u00ed make-up Alice Sedm\u00edkov\u00e1\",\"description\":\"Permanentni make-up Clinic\",\"potentialAction\":[{\"@type\":\"SearchAction\",\"target\":{\"@type\":\"EntryPoint\",\"urlTemplate\":\"https:\/\/permanentnimakeup.cz\/alicesedmikova\/?s={search_term_string}\"},\"query-input\":\"required name=search_term_string\"}],\"inLanguage\":\"cs\"},{\"@type\":\"WebPage\",\"@id\":\"https:\/\/permanentnimakeup.cz\/alicesedmikova\/galerie\/#webpage\",\"url\":\"https:\/\/permanentnimakeup.cz\/alicesedmikova\/galerie\/\",\"name\":\"Galerie - Permanentn\u00ed make-up Alice Sedm\u00edkov\u00e1\",\"isPartOf\":{\"@id\":\"https:\/\/permanentnimakeup.cz\/alicesedmikova\/#website\"},\"datePublished\":\"2019-05-04T20:47:57+00:00\",\"dateModified\":\"2021-11-27T22:38:38+00:00\",\"breadcrumb\":{\"@id\":\"https:\/\/permanentnimakeup.cz\/alicesedmikova\/galerie\/#breadcrumb\"},\"inLanguage\":\"cs\",\"potentialAction\":[{\"@type\":\"ReadAction\",\"target\":[\"https:\/\/permanentnimakeup.cz\/alicesedmikova\/galerie\/\"]}]},{\"@type\":\"BreadcrumbList\",\"@id\":\"https:\/\/permanentnimakeup.cz\/alicesedmikova\/galerie\/#breadcrumb\",\"itemListElement\":[{\"@type\":\"ListItem\",\"position\":1,\"name\":\"Dom\u016f\",\"item\":\"https:\/\/permanentnimakeup.cz\/alicesedmikova\/\"},{\"@type\":\"ListItem\",\"position\":2,\"name\":\"Galerie\"}]}]}<\/script>\n<!-- \/ Yoast SEO plugin. -->","yoast_head_json":{"title":"Galerie - Permanentn\u00ed make-up Alice Sedm\u00edkov\u00e1","robots":{"index":"index","follow":"follow","max-snippet":"max-snippet:-1","max-image-preview":"max-image-preview:large","max-video-preview":"max-video-preview:-1"},"canonical":"https:\/\/permanentnimakeup.cz\/alicesedmikova\/galerie\/","og_locale":"cs_CZ","og_type":"article","og_title":"Galerie - Permanentn\u00ed make-up Alice Sedm\u00edkov\u00e1","og_description":"[vc_row][vc_column][vc_column_text] Galerie [\/vc_column_text][vc_empty_space][\/vc_column][\/vc_row]","og_url":"https:\/\/permanentnimakeup.cz\/alicesedmikova\/galerie\/","og_site_name":"Permanentn\u00ed make-up Alice Sedm\u00edkov\u00e1","article_modified_time":"2021-11-27T22:38:38+00:00","twitter_card":"summary_large_image","twitter_misc":{"Odhadovan\u00e1 doba \u010dten\u00ed":"1 minuta"},"schema":{"@context":"https:\/\/schema.org","@graph":[{"@type":"WebSite","@id":"https:\/\/permanentnimakeup.cz\/alicesedmikova\/#website","url":"https:\/\/permanentnimakeup.cz\/alicesedmikova\/","name":"Permanentn\u00ed make-up Alice Sedm\u00edkov\u00e1","description":"Permanentni make-up Clinic","potentialAction":[{"@type":"SearchAction","target":{"@type":"EntryPoint","urlTemplate":"https:\/\/permanentnimakeup.cz\/alicesedmikova\/?s={search_term_string}"},"query-input":"required name=search_term_string"}],"inLanguage":"cs"},{"@type":"WebPage","@id":"https:\/\/permanentnimakeup.cz\/alicesedmikova\/galerie\/#webpage","url":"https:\/\/permanentnimakeup.cz\/alicesedmikova\/galerie\/","name":"Galerie - Permanentn\u00ed make-up Alice Sedm\u00edkov\u00e1","isPartOf":{"@id":"https:\/\/permanentnimakeup.cz\/alicesedmikova\/#website"},"datePublished":"2019-05-04T20:47:57+00:00","dateModified":"2021-11-27T22:38:38+00:00","breadcrumb":{"@id":"https:\/\/permanentnimakeup.cz\/alicesedmikova\/galerie\/#breadcrumb"},"inLanguage":"cs","potentialAction":[{"@type":"ReadAction","target":["https:\/\/permanentnimakeup.cz\/alicesedmikova\/galerie\/"]}]},{"@type":"BreadcrumbList","@id":"https:\/\/permanentnimakeup.cz\/alicesedmikova\/galerie\/#breadcrumb","itemListElement":[{"@type":"ListItem","position":1,"name":"Dom\u016f","item":"https:\/\/permanentnimakeup.cz\/alicesedmikova\/"},{"@type":"ListItem","position":2,"name":"Galerie"}]}]}},"_links":{"self":[{"href":"https:\/\/permanentnimakeup.cz\/alicesedmikova\/wp-json\/wp\/v2\/pages\/107"}],"collection":[{"href":"https:\/\/permanentnimakeup.cz\/alicesedmikova\/wp-json\/wp\/v2\/pages"}],"about":[{"href":"https:\/\/permanentnimakeup.cz\/alicesedmikova\/wp-json\/wp\/v2\/types\/page"}],"author":[{"embeddable":true,"href":"https:\/\/permanentnimakeup.cz\/alicesedmikova\/wp-json\/wp\/v2\/users\/1"}],"replies":[{"embeddable":true,"href":"https:\/\/permanentnimakeup.cz\/alicesedmikova\/wp-json\/wp\/v2\/comments?post=107"}],"version-history":[{"count":12,"href":"https:\/\/permanentnimakeup.cz\/alicesedmikova\/wp-json\/wp\/v2\/pages\/107\/revisions"}],"predecessor-version":[{"id":314,"href":"https:\/\/permanentnimakeup.cz\/alicesedmikova\/wp-json\/wp\/v2\/pages\/107\/revisions\/314"}],"wp:attachment":[{"href":"https:\/\/permanentnimakeup.cz\/alicesedmikova\/wp-json\/wp\/v2\/media?parent=107"}],"curies":[{"name":"wp","href":"https:\/\/api.w.org\/{rel}","templated":true}]}}